{"id":1584,"date":"2018-12-17T16:49:01","date_gmt":"2018-12-17T21:49:01","guid":{"rendered":"http:\/\/lpvs-uqo.ca\/?page_id=1584"},"modified":"2025-10-29T21:08:38","modified_gmt":"2025-10-30T01:08:38","slug":"etudiants-d-ps","status":"publish","type":"page","link":"https:\/\/lpvs.uqo.ca\/en\/equipe\/etudiants-d-ps\/","title":{"rendered":"DPs Students"},"content":{"rendered":"<div id=\"pl-1584\"  class=\"panel-layout\" ><div id=\"pg-1584-0\"  class=\"panel-grid panel-no-style\" ><div id=\"pgc-1584-0-0\"  class=\"panel-grid-cell\" ><div id=\"panel-1584-0-0-0\" class=\"so-panel widget widget_siteorigin-panels-postloop panel-first-child panel-last-child\" data-index=\"0\" >\n<div class=\"ultra-left-thumb-loop\">\n\t<article id=\"post-3281\" class=\"featured-image post-3281 page type-page status-publish has-post-thumbnail hentry\">\n\t\t\t\t\t<div class=\"entry-thumbnail\">\n\t\t\t\t<a href=\"https:\/\/lpvs.uqo.ca\/en\/equipe\/etudiants-d-ps\/michele-berthaud\/\" title=\"Mich\u00e8le Berthaud\">\n\t\t\t\t\t<img decoding=\"async\" src=\"https:\/\/lpvs.uqo.ca\/wp-content\/uploads\/2024\/04\/image_50429441.jpg\" class=\"attachment-post-thumbnail size-post-thumbnail wp-post-image\" alt=\"\" \/>\t\t\t\t<\/a>\n\t\t\t<\/div>\n\t\t\t\t<header class=\"entry-header\">\n\t\t\t<h2 class=\"entry-title\"><a href=\"https:\/\/lpvs.uqo.ca\/en\/equipe\/etudiants-d-ps\/michele-berthaud\/\" rel=\"bookmark\">Mich\u00e8le Berthaud<\/a><\/h2>\n\t\t\t\t\t<\/header><!-- .entry-header -->\n\n\t\t<div class=\"entry-content\">\n\t\t\t<div><b>Honor thesis student<\/b><br \/>\n<b><strong>Undergraduate student<\/strong><br \/>\n<\/b><a href=\"http:\/\/uqo.ca\/dep\/psychoeducation-psychologie\">D\u00e9partement de psychologie et psycho\u00e9ducation<\/a>,\u00a0<a href=\"http:\/\/uqo.ca\/\">UQO<\/a><\/div>\n<div>Recipient of SSHRC\u2019s Undergraduate Student Research Award<\/div>\n<div>\n<blockquote><p><strong>Details:<br \/>\n<\/strong>Email: micm32@uqo.ca<\/p><\/blockquote>\n<\/div>\n\n\t\t\t\t\t<\/div><!-- .entry-content -->\n\n\t\t<div class=\"clear\"><\/div>\n\n\t\t<footer class=\"entry-footer\">\n\t\t\t\t\t<\/footer><!-- .entry-footer -->\n\n\t<\/article><!-- #post-## -->\n\n\t\t<article id=\"post-3252\" class=\"featured-image post-3252 page type-page status-publish has-post-thumbnail hentry\">\n\t\t\t\t\t<div class=\"entry-thumbnail\">\n\t\t\t\t<a href=\"https:\/\/lpvs.uqo.ca\/en\/equipe\/etudiants-d-ps\/laurie-anne-vezina\/\" title=\"Laurie-Anne V\u00e9zina\">\n\t\t\t\t\t<img loading=\"lazy\" decoding=\"async\" width=\"828\" height=\"1104\" src=\"https:\/\/lpvs.uqo.ca\/wp-content\/uploads\/2024\/04\/IMG_2572.jpg\" class=\"attachment-post-thumbnail size-post-thumbnail wp-post-image\" alt=\"\" srcset=\"https:\/\/lpvs.uqo.ca\/wp-content\/uploads\/2024\/04\/IMG_2572.jpg 828w, https:\/\/lpvs.uqo.ca\/wp-content\/uploads\/2024\/04\/IMG_2572-225x300.jpg 225w, https:\/\/lpvs.uqo.ca\/wp-content\/uploads\/2024\/04\/IMG_2572-768x1024.jpg 768w\" sizes=\"auto, (max-width: 828px) 100vw, 828px\" \/>\t\t\t\t<\/a>\n\t\t\t<\/div>\n\t\t\t\t<header class=\"entry-header\">\n\t\t\t<h2 class=\"entry-title\"><a href=\"https:\/\/lpvs.uqo.ca\/en\/equipe\/etudiants-d-ps\/laurie-anne-vezina\/\" rel=\"bookmark\">Laurie-Anne V\u00e9zina<\/a><\/h2>\n\t\t\t\t\t<\/header><!-- .entry-header -->\n\n\t\t<div class=\"entry-content\">\n\t\t\t<p><b>Honor thesis student<\/b><br \/>\n<b>Undergraduate student<br \/>\n<\/b><a href=\"http:\/\/uqo.ca\/dep\/psychoeducation-psychologie\">D\u00e9partement de psychologie et psycho\u00e9ducation<\/a>,\u00a0<a href=\"http:\/\/uqo.ca\/\">UQO<\/a><br \/>\nRecipient of the FRQSC&#8217;s Bourse d&#8217;initiation \u00e0 la recherche au 1er cycle (BIR)<\/p>\n<blockquote><p><b>Details:<\/b><br \/>\nEmail: vezl03@uqo.ca<\/p><\/blockquote>\n\n\t\t\t\t\t<\/div><!-- .entry-content -->\n\n\t\t<div class=\"clear\"><\/div>\n\n\t\t<footer class=\"entry-footer\">\n\t\t\t\t\t<\/footer><!-- .entry-footer -->\n\n\t<\/article><!-- #post-## -->\n\n\t\t<article id=\"post-3216\" class=\"featured-image post-3216 page type-page status-publish has-post-thumbnail hentry\">\n\t\t\t\t\t<div class=\"entry-thumbnail\">\n\t\t\t\t<a href=\"https:\/\/lpvs.uqo.ca\/en\/equipe\/etudiants-d-ps\/arthur-gaudreau\/\" title=\"Arthur Gaudreau\">\n\t\t\t\t\t<img loading=\"lazy\" decoding=\"async\" width=\"1069\" height=\"1633\" src=\"https:\/\/lpvs.uqo.ca\/wp-content\/uploads\/2024\/02\/422079875_277663861805490_6803010985482611634_n.jpg\" class=\"attachment-post-thumbnail size-post-thumbnail wp-post-image\" alt=\"\" srcset=\"https:\/\/lpvs.uqo.ca\/wp-content\/uploads\/2024\/02\/422079875_277663861805490_6803010985482611634_n.jpg 1069w, https:\/\/lpvs.uqo.ca\/wp-content\/uploads\/2024\/02\/422079875_277663861805490_6803010985482611634_n-196x300.jpg 196w, https:\/\/lpvs.uqo.ca\/wp-content\/uploads\/2024\/02\/422079875_277663861805490_6803010985482611634_n-670x1024.jpg 670w, https:\/\/lpvs.uqo.ca\/wp-content\/uploads\/2024\/02\/422079875_277663861805490_6803010985482611634_n-768x1173.jpg 768w, https:\/\/lpvs.uqo.ca\/wp-content\/uploads\/2024\/02\/422079875_277663861805490_6803010985482611634_n-1006x1536.jpg 1006w\" sizes=\"auto, (max-width: 1069px) 100vw, 1069px\" \/>\t\t\t\t<\/a>\n\t\t\t<\/div>\n\t\t\t\t<header class=\"entry-header\">\n\t\t\t<h2 class=\"entry-title\"><a href=\"https:\/\/lpvs.uqo.ca\/en\/equipe\/etudiants-d-ps\/arthur-gaudreau\/\" rel=\"bookmark\">Arthur Gaudreau<\/a><\/h2>\n\t\t\t\t\t<\/header><!-- .entry-header -->\n\n\t\t<div class=\"entry-content\">\n\t\t\t<p><b>Honor thesis student<\/b><br \/>\n<b>Undergraduate student<\/b><br \/>\n<a href=\"http:\/\/uqo.ca\/dep\/psychoeducation-psychologie\">D\u00e9partement de psychologie et psycho\u00e9ducation<\/a>,\u00a0<a href=\"http:\/\/uqo.ca\/\">UQO<\/a><br \/>\nRecipient of NSERC\u2019s Undergraduate Student Research Award<\/p>\n<blockquote><p><b>Details:<br \/>\n<\/b>Email: gaua73@uqo.ca<\/p><\/blockquote>\n\n\t\t\t\t\t<\/div><!-- .entry-content -->\n\n\t\t<div class=\"clear\"><\/div>\n\n\t\t<footer class=\"entry-footer\">\n\t\t\t\t\t<\/footer><!-- .entry-footer -->\n\n\t<\/article><!-- #post-## -->\n\n\t\t<article id=\"post-2781\" class=\"featured-image post-2781 page type-page status-publish has-post-thumbnail hentry\">\n\t\t\t\t\t<div class=\"entry-thumbnail\">\n\t\t\t\t<a href=\"https:\/\/lpvs.uqo.ca\/en\/equipe\/etudiants-d-ps\/gabrielle-kealey\/\" title=\"Gabrielle Kealey\">\n\t\t\t\t\t<img loading=\"lazy\" decoding=\"async\" width=\"632\" height=\"838\" src=\"https:\/\/lpvs.uqo.ca\/wp-content\/uploads\/2022\/03\/Capture-decran-le-2022-03-13-a-16.00.49.png\" class=\"attachment-post-thumbnail size-post-thumbnail wp-post-image\" alt=\"\" srcset=\"https:\/\/lpvs.uqo.ca\/wp-content\/uploads\/2022\/03\/Capture-decran-le-2022-03-13-a-16.00.49.png 632w, https:\/\/lpvs.uqo.ca\/wp-content\/uploads\/2022\/03\/Capture-decran-le-2022-03-13-a-16.00.49-226x300.png 226w\" sizes=\"auto, (max-width: 632px) 100vw, 632px\" \/>\t\t\t\t<\/a>\n\t\t\t<\/div>\n\t\t\t\t<header class=\"entry-header\">\n\t\t\t<h2 class=\"entry-title\"><a href=\"https:\/\/lpvs.uqo.ca\/en\/equipe\/etudiants-d-ps\/gabrielle-kealey\/\" rel=\"bookmark\">Gabrielle Kealey<\/a><\/h2>\n\t\t\t\t\t<\/header><!-- .entry-header -->\n\n\t\t<div class=\"entry-content\">\n\t\t\t<div class=\"entry-content\"><strong>Research assistant<br \/>\nUndergraduate student<\/strong><\/div>\n<div class=\"entry-content\"><strong>Laboratory coordinator<br \/>\n<\/strong><a href=\"http:\/\/uqo.ca\/dep\/psychoeducation-psychologie\">D\u00e9partement de psychologie et psycho\u00e9ducation<\/a>,\u00a0<a href=\"http:\/\/uqo.ca\/\">UQO<\/a><\/p>\n<blockquote><p><strong>Research interest:<\/strong><\/p>\n<ul style=\"list-style-type: circle;\">\n<li>Honour thesis: The impact of facial ethnicity on the recognition of facial expressions of emotion<\/li>\n<\/ul>\n<p><strong>Details:<\/strong><br \/>\nEmail: keag01@uqo.ca<\/p><\/blockquote>\n<\/div>\n\n\t\t\t\t\t<\/div><!-- .entry-content -->\n\n\t\t<div class=\"clear\"><\/div>\n\n\t\t<footer class=\"entry-footer\">\n\t\t\t\t\t<\/footer><!-- .entry-footer -->\n\n\t<\/article><!-- #post-## -->\n\n\t\t<article id=\"post-2772\" class=\"featured-image post-2772 page type-page status-publish has-post-thumbnail hentry\">\n\t\t\t\t\t<div class=\"entry-thumbnail\">\n\t\t\t\t<a href=\"https:\/\/lpvs.uqo.ca\/en\/equipe\/etudiants-d-ps\/anthony-proulx\/\" title=\"Anthony Proulx\">\n\t\t\t\t\t<img loading=\"lazy\" decoding=\"async\" width=\"622\" height=\"738\" src=\"https:\/\/lpvs.uqo.ca\/wp-content\/uploads\/2022\/03\/Capture-decran-le-2022-03-13-a-15.45.31.png\" class=\"attachment-post-thumbnail size-post-thumbnail wp-post-image\" alt=\"\" srcset=\"https:\/\/lpvs.uqo.ca\/wp-content\/uploads\/2022\/03\/Capture-decran-le-2022-03-13-a-15.45.31.png 622w, https:\/\/lpvs.uqo.ca\/wp-content\/uploads\/2022\/03\/Capture-decran-le-2022-03-13-a-15.45.31-253x300.png 253w\" sizes=\"auto, (max-width: 622px) 100vw, 622px\" \/>\t\t\t\t<\/a>\n\t\t\t<\/div>\n\t\t\t\t<header class=\"entry-header\">\n\t\t\t<h2 class=\"entry-title\"><a href=\"https:\/\/lpvs.uqo.ca\/en\/equipe\/etudiants-d-ps\/anthony-proulx\/\" rel=\"bookmark\">Anthony Proulx<\/a><\/h2>\n\t\t\t\t\t<\/header><!-- .entry-header -->\n\n\t\t<div class=\"entry-content\">\n\t\t\t<p style=\"font-weight: 400;\"><strong>Clinical Neuropsychology Grad Student (DPsy)<\/strong><\/p>\n<p style=\"font-weight: 400;\"><a href=\"http:\/\/uqo.ca\/dep\/psychoeducation-psychologie\">D\u00e9partement de psychologie et psycho\u00e9ducation<\/a>,\u00a0<a href=\"http:\/\/uqo.ca\/\">UQO<\/a><\/p>\n<p style=\"font-weight: 400;\">Recipient of NSERC\u2019s Undergraduate Student Research Award<\/p>\n<p style=\"font-weight: 400;\">Recipient of NSERC scholarship (CGS-M)<\/p>\n<blockquote><p><strong>Research interest:<\/strong><\/p>\n<ul>\n<li><span style=\"font-weight: 400;\">Honour thesis: The impact of ethnicity on the perceptual strategies used by the brain in face recognition.\u00a0<\/span><\/li>\n<\/ul>\n<p><strong>Details:<\/strong><br \/>\nEmail: proa28@uqo.ca<\/p><\/blockquote>\n\n\t\t\t\t\t<\/div><!-- .entry-content -->\n\n\t\t<div class=\"clear\"><\/div>\n\n\t\t<footer class=\"entry-footer\">\n\t\t\t\t\t<\/footer><!-- .entry-footer -->\n\n\t<\/article><!-- #post-## -->\n\n\t\t<article id=\"post-2565\" class=\"featured-image post-2565 page type-page status-publish has-post-thumbnail hentry\">\n\t\t\t\t\t<div class=\"entry-thumbnail\">\n\t\t\t\t<a href=\"https:\/\/lpvs.uqo.ca\/en\/equipe\/etudiants-d-ps\/daphnee-senecal\/\" title=\"Daphn\u00e9e S\u00e9n\u00e9cal\">\n\t\t\t\t\t<img loading=\"lazy\" decoding=\"async\" width=\"676\" height=\"960\" src=\"https:\/\/lpvs.uqo.ca\/wp-content\/uploads\/2022\/01\/Daphnee.jpg\" class=\"attachment-post-thumbnail size-post-thumbnail wp-post-image\" alt=\"\" srcset=\"https:\/\/lpvs.uqo.ca\/wp-content\/uploads\/2022\/01\/Daphnee.jpg 676w, https:\/\/lpvs.uqo.ca\/wp-content\/uploads\/2022\/01\/Daphnee-211x300.jpg 211w\" sizes=\"auto, (max-width: 676px) 100vw, 676px\" \/>\t\t\t\t<\/a>\n\t\t\t<\/div>\n\t\t\t\t<header class=\"entry-header\">\n\t\t\t<h2 class=\"entry-title\"><a href=\"https:\/\/lpvs.uqo.ca\/en\/equipe\/etudiants-d-ps\/daphnee-senecal\/\" rel=\"bookmark\">Daphn\u00e9e S\u00e9n\u00e9cal<\/a><\/h2>\n\t\t\t\t\t<\/header><!-- .entry-header -->\n\n\t\t<div class=\"entry-content\">\n\t\t\t<p style=\"font-weight: 400;\"><strong>Clinical Psychology Grad Student (DPsy)<\/strong><\/p>\n<p style=\"font-weight: 400;\"><a href=\"http:\/\/uqo.ca\/dep\/psychoeducation-psychologie\">D\u00e9partement de psychologie et psycho\u00e9ducation<\/a>,\u00a0<a href=\"http:\/\/uqo.ca\/\">UQO<\/a><\/p>\n<p style=\"font-weight: 400;\">Recipient of NSERC\u2019s Undergraduate Student Research Award<\/p>\n<blockquote><p><strong>Research interest:<\/strong><\/p>\n<ul>\n<li><span style=\"font-weight: 400;\">Honour thesis: <\/span>The impact of facial ethnicity on a white observer&#8217;s sensitivity to facial expressions of pain.<\/li>\n<\/ul>\n<p><strong>Details:<\/strong><br \/>\nEmail:\u00a0send05@uqo.ca<\/p><\/blockquote>\n\n\t\t\t\t\t<\/div><!-- .entry-content -->\n\n\t\t<div class=\"clear\"><\/div>\n\n\t\t<footer class=\"entry-footer\">\n\t\t\t\t\t<\/footer><!-- .entry-footer -->\n\n\t<\/article><!-- #post-## -->\n\n\t\t<article id=\"post-2507\" class=\"featured-image post-2507 page type-page status-publish has-post-thumbnail hentry\">\n\t\t\t\t\t<div class=\"entry-thumbnail\">\n\t\t\t\t<a href=\"https:\/\/lpvs.uqo.ca\/en\/equipe\/etudiants-d-ps\/vicki-ledrou-paquet\/\" title=\"Vicki Ledrou-Paquet\">\n\t\t\t\t\t<img loading=\"lazy\" decoding=\"async\" width=\"2448\" height=\"3264\" src=\"https:\/\/lpvs.uqo.ca\/wp-content\/uploads\/2020\/02\/IMG_0306.jpg\" class=\"attachment-post-thumbnail size-post-thumbnail wp-post-image\" alt=\"\" srcset=\"https:\/\/lpvs.uqo.ca\/wp-content\/uploads\/2020\/02\/IMG_0306.jpg 2448w, https:\/\/lpvs.uqo.ca\/wp-content\/uploads\/2020\/02\/IMG_0306-225x300.jpg 225w, https:\/\/lpvs.uqo.ca\/wp-content\/uploads\/2020\/02\/IMG_0306-768x1024.jpg 768w\" sizes=\"auto, (max-width: 2448px) 100vw, 2448px\" \/>\t\t\t\t<\/a>\n\t\t\t<\/div>\n\t\t\t\t<header class=\"entry-header\">\n\t\t\t<h2 class=\"entry-title\"><a href=\"https:\/\/lpvs.uqo.ca\/en\/equipe\/etudiants-d-ps\/vicki-ledrou-paquet\/\" rel=\"bookmark\">Vicki Ledrou-Paquet<\/a><\/h2>\n\t\t\t\t\t<\/header><!-- .entry-header -->\n\n\t\t<div class=\"entry-content\">\n\t\t\t<p style=\"font-weight: 400;\"><strong>Clinical Neuropsychology Grad Student (DPsy)<\/strong><\/p>\n<p style=\"font-weight: 400;\"><a href=\"http:\/\/uqo.ca\/dep\/psychoeducation-psychologie\">D\u00e9partement de psychologie et psycho\u00e9ducation<\/a>,\u00a0<a href=\"http:\/\/uqo.ca\/\">UQO<\/a><br \/>\nRecipient of NSERC&#8217;s Undergraduate Student Research Award<\/p>\n<p style=\"font-weight: 400;\">Recipient of the Research Scholarship FRQNT (B1) and the SSHRC Scholarship (CGS M)<\/p>\n<blockquote><p><strong>Researsh interest:<\/strong><\/p>\n<ul style=\"list-style-type: circle;\">\n<li><span style=\"font-weight: 400;\">Honour thesis: <\/span>Expert face recognition strategies measured using removal by repetition.<\/li>\n<\/ul>\n<p><strong>Details:<br \/>\n<\/strong>Email: ledv07@uqo.ca<\/p><\/blockquote>\n\n\t\t\t\t\t<\/div><!-- .entry-content -->\n\n\t\t<div class=\"clear\"><\/div>\n\n\t\t<footer class=\"entry-footer\">\n\t\t\t\t\t<\/footer><!-- .entry-footer -->\n\n\t<\/article><!-- #post-## -->\n\n\t\t<article id=\"post-2505\" class=\"featured-image post-2505 page type-page status-publish has-post-thumbnail hentry\">\n\t\t\t\t\t<div class=\"entry-thumbnail\">\n\t\t\t\t<a href=\"https:\/\/lpvs.uqo.ca\/en\/equipe\/etudiants-d-ps\/pierre-louis-audette\/\" title=\"Pierre-Louis Audette\">\n\t\t\t\t\t<img loading=\"lazy\" decoding=\"async\" width=\"1088\" height=\"1408\" src=\"https:\/\/lpvs.uqo.ca\/wp-content\/uploads\/2022\/01\/Pierre-Louis.jpeg\" class=\"attachment-post-thumbnail size-post-thumbnail wp-post-image\" alt=\"\" srcset=\"https:\/\/lpvs.uqo.ca\/wp-content\/uploads\/2022\/01\/Pierre-Louis.jpeg 1088w, https:\/\/lpvs.uqo.ca\/wp-content\/uploads\/2022\/01\/Pierre-Louis-232x300.jpeg 232w, https:\/\/lpvs.uqo.ca\/wp-content\/uploads\/2022\/01\/Pierre-Louis-791x1024.jpeg 791w, https:\/\/lpvs.uqo.ca\/wp-content\/uploads\/2022\/01\/Pierre-Louis-768x994.jpeg 768w\" sizes=\"auto, (max-width: 1088px) 100vw, 1088px\" \/>\t\t\t\t<\/a>\n\t\t\t<\/div>\n\t\t\t\t<header class=\"entry-header\">\n\t\t\t<h2 class=\"entry-title\"><a href=\"https:\/\/lpvs.uqo.ca\/en\/equipe\/etudiants-d-ps\/pierre-louis-audette\/\" rel=\"bookmark\">Pierre-Louis Audette<\/a><\/h2>\n\t\t\t\t\t<\/header><!-- .entry-header -->\n\n\t\t<div class=\"entry-content\">\n\t\t\t<p style=\"font-weight: 400;\"><strong>Clinical Neuropsychology Grad Student (DPsy)<\/strong><\/p>\n<p style=\"font-weight: 400;\"><a href=\"http:\/\/uqo.ca\/dep\/psychoeducation-psychologie\">D\u00e9partement de psychologie et psycho\u00e9ducation<\/a>,\u00a0<a href=\"http:\/\/uqo.ca\/\">UQO<\/a><\/p>\n<p style=\"font-weight: 400;\">Recipient of NSERC\u2019s Undergraduate Student Research Award<\/p>\n<p style=\"font-weight: 400;\">Recipient of the Research Scholarship FRQNT (B1) and the NSERC Scholarship (CGS M)<\/p>\n<div>\n<blockquote><p><strong>Research interest:<\/strong><\/p>\n<ul style=\"list-style-type: circle;\">\n<li><span style=\"font-weight: 400;\">Honour thesis: <\/span>Does perceptual integration predict face recognition skills?<\/li>\n<li><span style=\"font-weight: 400;\">Doctoral essay: Parametric study of N170 sensitivity to the amount of diagnostic information in face identification<\/span><\/li>\n<\/ul>\n<p><strong>Details:<\/strong><\/p>\n<p>Email: audp02@uqo.ca<\/p><\/blockquote>\n<\/div>\n\n\t\t\t\t\t<\/div><!-- .entry-content -->\n\n\t\t<div class=\"clear\"><\/div>\n\n\t\t<footer class=\"entry-footer\">\n\t\t\t\t\t<\/footer><!-- .entry-footer -->\n\n\t<\/article><!-- #post-## -->\n\n\t\t<article id=\"post-2503\" class=\"featured-image post-2503 page type-page status-publish has-post-thumbnail hentry\">\n\t\t\t\t\t<div class=\"entry-thumbnail\">\n\t\t\t\t<a href=\"https:\/\/lpvs.uqo.ca\/en\/equipe\/etudiants-d-ps\/marie-claude-desjardins\/\" title=\"Marie-Claude Desjardins\">\n\t\t\t\t\t<img decoding=\"async\" src=\"https:\/\/lpvs.uqo.ca\/wp-content\/uploads\/2020\/02\/IMG_0295.jpg\" class=\"attachment-post-thumbnail size-post-thumbnail wp-post-image\" alt=\"\" \/>\t\t\t\t<\/a>\n\t\t\t<\/div>\n\t\t\t\t<header class=\"entry-header\">\n\t\t\t<h2 class=\"entry-title\"><a href=\"https:\/\/lpvs.uqo.ca\/en\/equipe\/etudiants-d-ps\/marie-claude-desjardins\/\" rel=\"bookmark\">Marie-Claude Desjardins<\/a><\/h2>\n\t\t\t\t\t<\/header><!-- .entry-header -->\n\n\t\t<div class=\"entry-content\">\n\t\t\t<div><strong>Clinical Neuropsychology Grad Student (DPsy)<\/strong><br \/>\n<a href=\"http:\/\/uqo.ca\/dep\/psychoeducation-psychologie\">D\u00e9partement de psychologie et psycho\u00e9ducation<\/a>,\u00a0<a href=\"http:\/\/uqo.ca\/\">UQO<\/a><\/div>\n<div>In co-direction with <a href=\"https:\/\/www.nest-lab.ca\/team-2\">Sara Tremblay<\/a><br \/>\nR\u00e9cipiendaire de la Bourse de Recherche de 1er Cycle du CRSNG<\/div>\n<div>R\u00e9cipiendaire de la Bourse de maitrise en recherche du FRQNT (B1)<\/div>\n<div>R\u00e9cipiendaire de la\u00a0Bourse de recherche du CRSNG (ES-D)<\/div>\n<div>\n<blockquote><p><strong>Research interests:<\/strong><\/p>\n<ul style=\"list-style-type: circle;\">\n<li><span style=\"font-weight: 400;\">Honour thesis: The impact of HD-tDCS on empathic ability and visual processing of facial expressions of pain.<\/span><\/li>\n<li><span style=\"font-weight: 400;\">Doctoral essay: The role of the right inferior frontal gyrus on empathic abilities and the detection of facial expressions of pain: a study of repeated transcranial magnetic stimulation.<\/span><\/li>\n<\/ul>\n<p><strong>Details:<br \/>\n<\/strong>Email: desm209@uqo.ca<\/p><\/blockquote>\n<\/div>\n\n\t\t\t\t\t<\/div><!-- .entry-content -->\n\n\t\t<div class=\"clear\"><\/div>\n\n\t\t<footer class=\"entry-footer\">\n\t\t\t\t\t<\/footer><!-- .entry-footer -->\n\n\t<\/article><!-- #post-## -->\n\n\t\t<article id=\"post-2495\" class=\"featured-image post-2495 page type-page status-publish has-post-thumbnail hentry\">\n\t\t\t\t\t<div class=\"entry-thumbnail\">\n\t\t\t\t<a href=\"https:\/\/lpvs.uqo.ca\/en\/equipe\/etudiants-d-ps\/diego-leblanc\/\" title=\"Diego Leblanc\">\n\t\t\t\t\t<img loading=\"lazy\" decoding=\"async\" width=\"939\" height=\"862\" src=\"https:\/\/lpvs.uqo.ca\/wp-content\/uploads\/2021\/08\/226163377_1256060201518715_7120866217918104139_n.jpg\" class=\"attachment-post-thumbnail size-post-thumbnail wp-post-image\" alt=\"\" srcset=\"https:\/\/lpvs.uqo.ca\/wp-content\/uploads\/2021\/08\/226163377_1256060201518715_7120866217918104139_n.jpg 939w, https:\/\/lpvs.uqo.ca\/wp-content\/uploads\/2021\/08\/226163377_1256060201518715_7120866217918104139_n-300x275.jpg 300w, https:\/\/lpvs.uqo.ca\/wp-content\/uploads\/2021\/08\/226163377_1256060201518715_7120866217918104139_n-768x705.jpg 768w\" sizes=\"auto, (max-width: 939px) 100vw, 939px\" \/>\t\t\t\t<\/a>\n\t\t\t<\/div>\n\t\t\t\t<header class=\"entry-header\">\n\t\t\t<h2 class=\"entry-title\"><a href=\"https:\/\/lpvs.uqo.ca\/en\/equipe\/etudiants-d-ps\/diego-leblanc\/\" rel=\"bookmark\">Diego Leblanc<\/a><\/h2>\n\t\t\t\t\t<\/header><!-- .entry-header -->\n\n\t\t<div class=\"entry-content\">\n\t\t\t<div><b>Clinical Psychology Grad Student (DPsy)<\/b><\/div>\n<div><strong>Laboratory coordinator<\/strong><\/div>\n<div><a href=\"http:\/\/uqo.ca\/dep\/psychoeducation-psychologie\">D\u00e9partement de psychologie et psycho\u00e9ducation<\/a>,\u00a0<a href=\"http:\/\/uqo.ca\/\">UQO<\/a><\/div>\n<div>\n<blockquote><p><strong>Research interest:<\/strong><\/p>\n<ul style=\"list-style-type: circle;\">\n<li><span style=\"font-weight: 400;\">Honour thesis: <\/span>The impact of facial ethnicity on expectations and the ability to process the intensity of facial expressions<\/li>\n<\/ul>\n<p><strong>Details:<br \/>\n<\/strong>Email: lebd20@uqo.ca<\/p><\/blockquote>\n<\/div>\n\n\t\t\t\t\t<\/div><!-- .entry-content -->\n\n\t\t<div class=\"clear\"><\/div>\n\n\t\t<footer class=\"entry-footer\">\n\t\t\t\t\t<\/footer><!-- .entry-footer -->\n\n\t<\/article><!-- #post-## -->\n\n\t\n\t<\/div><!-- .ultra-left-thumb-loop -->\n\n\t\n\t<nav class=\"navigation pagination\" aria-label=\"Posts pagination\">\n\t\t<h2 class=\"screen-reader-text\">Posts pagination<\/h2>\n\t\t<div class=\"nav-links\"><span aria-current=\"page\" class=\"page-numbers current\">1<\/span>\n<a class=\"page-numbers\" href=\"https:\/\/lpvs.uqo.ca\/en\/wp-json\/wp\/v2\/pages\/1584\/page\/2\/\">2<\/a>\n<a class=\"next page-numbers\" href=\"https:\/\/lpvs.uqo.ca\/en\/wp-json\/wp\/v2\/pages\/1584\/page\/2\/\">Next<\/a><\/div>\n\t<\/nav>\n<\/div><\/div><\/div><\/div>","protected":false},"excerpt":{"rendered":"","protected":false},"author":1,"featured_media":0,"parent":15,"menu_order":0,"comment_status":"closed","ping_status":"closed","template":"","meta":{"footnotes":""},"class_list":["post-1584","page","type-page","status-publish","hentry"],"yoast_head":"<!-- This site is optimized with the Yoast SEO plugin v26.1.1 - https:\/\/yoast.com\/wordpress\/plugins\/seo\/ -->\n<title>DPs Students - LPVS-UQO<\/title>\n<meta name=\"robots\" content=\"index, follow, max-snippet:-1, max-image-preview:large, max-video-preview:-1\" \/>\n<link rel=\"canonical\" href=\"https:\/\/lpvs.uqo.ca\/equipe\/etudiants-d-ps\/\" \/>\n<meta property=\"og:locale\" content=\"en_US\" \/>\n<meta property=\"og:type\" content=\"article\" \/>\n<meta property=\"og:title\" content=\"[:fr]\u00c9tudiant\u00b7es au D.Psy.[:en]DPs Students[:] - LPVS-UQO\" \/>\n<meta property=\"og:url\" content=\"https:\/\/lpvs.uqo.ca\/equipe\/etudiants-d-ps\/\" \/>\n<meta property=\"og:site_name\" content=\"LPVS-UQO\" \/>\n<meta property=\"article:modified_time\" content=\"2025-10-30T01:08:38+00:00\" \/>\n<meta name=\"twitter:card\" content=\"summary_large_image\" \/>\n<script type=\"application\/ld+json\" class=\"yoast-schema-graph\">{\"@context\":\"https:\/\/schema.org\",\"@graph\":[{\"@type\":\"WebPage\",\"@id\":\"https:\/\/lpvs.uqo.ca\/equipe\/etudiants-d-ps\/\",\"url\":\"https:\/\/lpvs.uqo.ca\/equipe\/etudiants-d-ps\/\",\"name\":\"[:fr]\u00c9tudiant\u00b7es au D.Psy.[:en]DPs Students[:] - LPVS-UQO\",\"isPartOf\":{\"@id\":\"https:\/\/lpvs.uqo.ca\/#website\"},\"datePublished\":\"2018-12-17T21:49:01+00:00\",\"dateModified\":\"2025-10-30T01:08:38+00:00\",\"breadcrumb\":{\"@id\":\"https:\/\/lpvs.uqo.ca\/equipe\/etudiants-d-ps\/#breadcrumb\"},\"inLanguage\":\"en-US\",\"potentialAction\":[{\"@type\":\"ReadAction\",\"target\":[\"https:\/\/lpvs.uqo.ca\/equipe\/etudiants-d-ps\/\"]}]},{\"@type\":\"BreadcrumbList\",\"@id\":\"https:\/\/lpvs.uqo.ca\/equipe\/etudiants-d-ps\/#breadcrumb\",\"itemListElement\":[{\"@type\":\"ListItem\",\"position\":1,\"name\":\"Accueil\",\"item\":\"https:\/\/lpvs.uqo.ca\/\"},{\"@type\":\"ListItem\",\"position\":2,\"name\":\"\u00c9quipe\",\"item\":\"https:\/\/lpvs.uqo.ca\/equipe\/\"},{\"@type\":\"ListItem\",\"position\":3,\"name\":\"\u00c9tudiant\u00b7es au D.Psy.\"}]},{\"@type\":\"WebSite\",\"@id\":\"https:\/\/lpvs.uqo.ca\/#website\",\"url\":\"https:\/\/lpvs.uqo.ca\/\",\"name\":\"Laboratoire de Perception Visuelle et Social\",\"description\":\"Universit\u00e9 du Qu\u00e9bec en Outaouais\",\"potentialAction\":[{\"@type\":\"SearchAction\",\"target\":{\"@type\":\"EntryPoint\",\"urlTemplate\":\"https:\/\/lpvs.uqo.ca\/?s={search_term_string}\"},\"query-input\":{\"@type\":\"PropertyValueSpecification\",\"valueRequired\":true,\"valueName\":\"search_term_string\"}}],\"inLanguage\":\"en-US\"}]}<\/script>\n<!-- \/ Yoast SEO plugin. -->","yoast_head_json":{"title":"[:fr]\u00c9tudiant\u00b7es au D.Psy.[:en]DPs Students[:] - LPVS-UQO","robots":{"index":"index","follow":"follow","max-snippet":"max-snippet:-1","max-image-preview":"max-image-preview:large","max-video-preview":"max-video-preview:-1"},"canonical":"https:\/\/lpvs.uqo.ca\/equipe\/etudiants-d-ps\/","og_locale":"en_US","og_type":"article","og_title":"[:fr]\u00c9tudiant\u00b7es au D.Psy.[:en]DPs Students[:] - LPVS-UQO","og_url":"https:\/\/lpvs.uqo.ca\/equipe\/etudiants-d-ps\/","og_site_name":"LPVS-UQO","article_modified_time":"2025-10-30T01:08:38+00:00","twitter_card":"summary_large_image","schema":{"@context":"https:\/\/schema.org","@graph":[{"@type":"WebPage","@id":"https:\/\/lpvs.uqo.ca\/equipe\/etudiants-d-ps\/","url":"https:\/\/lpvs.uqo.ca\/equipe\/etudiants-d-ps\/","name":"[:fr]\u00c9tudiant\u00b7es au D.Psy.[:en]DPs Students[:] - LPVS-UQO","isPartOf":{"@id":"https:\/\/lpvs.uqo.ca\/#website"},"datePublished":"2018-12-17T21:49:01+00:00","dateModified":"2025-10-30T01:08:38+00:00","breadcrumb":{"@id":"https:\/\/lpvs.uqo.ca\/equipe\/etudiants-d-ps\/#breadcrumb"},"inLanguage":"en-US","potentialAction":[{"@type":"ReadAction","target":["https:\/\/lpvs.uqo.ca\/equipe\/etudiants-d-ps\/"]}]},{"@type":"BreadcrumbList","@id":"https:\/\/lpvs.uqo.ca\/equipe\/etudiants-d-ps\/#breadcrumb","itemListElement":[{"@type":"ListItem","position":1,"name":"Accueil","item":"https:\/\/lpvs.uqo.ca\/"},{"@type":"ListItem","position":2,"name":"\u00c9quipe","item":"https:\/\/lpvs.uqo.ca\/equipe\/"},{"@type":"ListItem","position":3,"name":"\u00c9tudiant\u00b7es au D.Psy."}]},{"@type":"WebSite","@id":"https:\/\/lpvs.uqo.ca\/#website","url":"https:\/\/lpvs.uqo.ca\/","name":"Laboratoire de Perception Visuelle et Social","description":"Universit\u00e9 du Qu\u00e9bec en Outaouais","potentialAction":[{"@type":"SearchAction","target":{"@type":"EntryPoint","urlTemplate":"https:\/\/lpvs.uqo.ca\/?s={search_term_string}"},"query-input":{"@type":"PropertyValueSpecification","valueRequired":true,"valueName":"search_term_string"}}],"inLanguage":"en-US"}]}},"_links":{"self":[{"href":"https:\/\/lpvs.uqo.ca\/en\/wp-json\/wp\/v2\/pages\/1584","targetHints":{"allow":["GET"]}}],"collection":[{"href":"https:\/\/lpvs.uqo.ca\/en\/wp-json\/wp\/v2\/pages"}],"about":[{"href":"https:\/\/lpvs.uqo.ca\/en\/wp-json\/wp\/v2\/types\/page"}],"author":[{"embeddable":true,"href":"https:\/\/lpvs.uqo.ca\/en\/wp-json\/wp\/v2\/users\/1"}],"replies":[{"embeddable":true,"href":"https:\/\/lpvs.uqo.ca\/en\/wp-json\/wp\/v2\/comments?post=1584"}],"version-history":[{"count":13,"href":"https:\/\/lpvs.uqo.ca\/en\/wp-json\/wp\/v2\/pages\/1584\/revisions"}],"predecessor-version":[{"id":3561,"href":"https:\/\/lpvs.uqo.ca\/en\/wp-json\/wp\/v2\/pages\/1584\/revisions\/3561"}],"up":[{"embeddable":true,"href":"https:\/\/lpvs.uqo.ca\/en\/wp-json\/wp\/v2\/pages\/15"}],"wp:attachment":[{"href":"https:\/\/lpvs.uqo.ca\/en\/wp-json\/wp\/v2\/media?parent=1584"}],"curies":[{"name":"wp","href":"https:\/\/api.w.org\/{rel}","templated":true}]}}