{"id":2365,"date":"2021-03-19T12:05:11","date_gmt":"2021-03-19T16:05:11","guid":{"rendered":"http:\/\/lpvs-uqo.ca\/?page_id=2365"},"modified":"2025-10-30T09:33:13","modified_gmt":"2025-10-30T13:33:13","slug":"laurianne-cote","status":"publish","type":"page","link":"https:\/\/lpvs.uqo.ca\/en\/equipe\/candidats-au-doctorat\/laurianne-cote\/","title":{"rendered":"Laurianne C\u00f4t\u00e9"},"content":{"rendered":"<p><\/p>\n<p style=\"font-weight: 400;\"><strong>PhD candidate in Psychology<\/strong><\/p>\n<p style=\"font-weight: 400;\"><a href=\"http:\/\/uqo.ca\/dep\/psychoeducation-psychologie\">D\u00e9partement de psychologie et psycho\u00e9ducation<\/a>,\u00a0<a href=\"http:\/\/uqo.ca\/\">UQO<\/a><\/p>\n<p style=\"font-weight: 400;\">Recipient of NSERC\u2019s Undergraduate Student Research Award<\/p>\n<p>Recipient of the Research Scholarship FRQNT (B1X)<\/p>\n<blockquote><p><strong>Research interest:<\/strong><\/p>\n<ul>\n<li>The effect of ethnicity and face orientation on SSVEP amplitude.<\/li>\n<li>The effect of image decomposition on SSVEP signal amplitude.<\/li>\n<li>Mechanisms of feature processing.<\/li>\n<li>The usefulness of different facial parts in gender categorization, emotion categorization and identification tasks.<\/li>\n<li>Individual differences of the electrophysiological signal in face part processing.<\/li>\n<li>Investigation of spatial frequencies and information used for face detection vs. identification.<\/li>\n<li>Impact of the Other Race Effect (ORE) on emotion and gender categorization in electrophysiology.<\/li>\n<li><span style=\"font-weight: 400;\">Honour thesis: Effect of face ethnicity on visual evoked potentials in periodic presentation.<\/span><\/li>\n<\/ul>\n<p><strong>Details:<\/strong><br \/>\nEmail: cotl11@uqo.ca<\/p><\/blockquote>\n<p><\/p>","protected":false},"excerpt":{"rendered":"<p>PhD candidate in Psychology D\u00e9partement de psychologie et psycho\u00e9ducation,\u00a0UQO Recipient of NSERC\u2019s Undergraduate Student Research Award Recipient of the Research Scholarship FRQNT (B1X) Research interest: The effect of ethnicity and face orientation on SSVEP amplitude. The effect of image decomposition on SSVEP signal amplitude. Mechanisms of feature processing. The usefulness of different facial parts in&hellip;<\/p>\n","protected":false},"author":1,"featured_media":2970,"parent":784,"menu_order":0,"comment_status":"closed","ping_status":"closed","template":"","meta":{"footnotes":""},"class_list":["post-2365","page","type-page","status-publish","has-post-thumbnail","hentry"],"yoast_head":"<!-- This site is optimized with the Yoast SEO plugin v26.1.1 - https:\/\/yoast.com\/wordpress\/plugins\/seo\/ -->\n<title>Laurianne C\u00f4t\u00e9 - LPVS-UQO<\/title>\n<meta name=\"robots\" content=\"index, follow, max-snippet:-1, max-image-preview:large, max-video-preview:-1\" \/>\n<link rel=\"canonical\" href=\"https:\/\/lpvs.uqo.ca\/equipe\/candidats-au-doctorat\/laurianne-cote\/\" \/>\n<meta property=\"og:locale\" content=\"en_US\" \/>\n<meta property=\"og:type\" content=\"article\" \/>\n<meta property=\"og:title\" content=\"Laurianne C\u00f4t\u00e9 - LPVS-UQO\" \/>\n<meta property=\"og:description\" content=\"PhD candidate in Psychology D\u00e9partement de psychologie et psycho\u00e9ducation,\u00a0UQO Recipient of NSERC\u2019s Undergraduate Student Research Award Recipient of the Research Scholarship FRQNT (B1X) Research interest: The effect of ethnicity and face orientation on SSVEP amplitude. The effect of image decomposition on SSVEP signal amplitude. Mechanisms of feature processing. The usefulness of different facial parts in&hellip;\" \/>\n<meta property=\"og:url\" content=\"https:\/\/lpvs.uqo.ca\/equipe\/candidats-au-doctorat\/laurianne-cote\/\" \/>\n<meta property=\"og:site_name\" content=\"LPVS-UQO\" \/>\n<meta property=\"article:modified_time\" content=\"2025-10-30T13:33:13+00:00\" \/>\n<meta property=\"og:image\" content=\"https:\/\/lpvs.uqo.ca\/wp-content\/uploads\/2023\/02\/IMG_3767-1.jpg\" \/>\n\t<meta property=\"og:image:width\" content=\"1\" \/>\n\t<meta property=\"og:image:height\" content=\"1\" \/>\n\t<meta property=\"og:image:type\" content=\"image\/jpeg\" \/>\n<meta name=\"twitter:card\" content=\"summary_large_image\" \/>\n<meta name=\"twitter:label1\" content=\"Est. reading time\" \/>\n\t<meta name=\"twitter:data1\" content=\"1 minute\" \/>\n<script type=\"application\/ld+json\" class=\"yoast-schema-graph\">{\"@context\":\"https:\/\/schema.org\",\"@graph\":[{\"@type\":\"WebPage\",\"@id\":\"https:\/\/lpvs.uqo.ca\/equipe\/candidats-au-doctorat\/laurianne-cote\/\",\"url\":\"https:\/\/lpvs.uqo.ca\/equipe\/candidats-au-doctorat\/laurianne-cote\/\",\"name\":\"Laurianne C\u00f4t\u00e9 - LPVS-UQO\",\"isPartOf\":{\"@id\":\"https:\/\/lpvs.uqo.ca\/#website\"},\"primaryImageOfPage\":{\"@id\":\"https:\/\/lpvs.uqo.ca\/equipe\/candidats-au-doctorat\/laurianne-cote\/#primaryimage\"},\"image\":{\"@id\":\"https:\/\/lpvs.uqo.ca\/equipe\/candidats-au-doctorat\/laurianne-cote\/#primaryimage\"},\"thumbnailUrl\":\"https:\/\/lpvs.uqo.ca\/wp-content\/uploads\/2023\/02\/IMG_3767-1.jpg\",\"datePublished\":\"2021-03-19T16:05:11+00:00\",\"dateModified\":\"2025-10-30T13:33:13+00:00\",\"breadcrumb\":{\"@id\":\"https:\/\/lpvs.uqo.ca\/equipe\/candidats-au-doctorat\/laurianne-cote\/#breadcrumb\"},\"inLanguage\":\"en-US\",\"potentialAction\":[{\"@type\":\"ReadAction\",\"target\":[\"https:\/\/lpvs.uqo.ca\/equipe\/candidats-au-doctorat\/laurianne-cote\/\"]}]},{\"@type\":\"ImageObject\",\"inLanguage\":\"en-US\",\"@id\":\"https:\/\/lpvs.uqo.ca\/equipe\/candidats-au-doctorat\/laurianne-cote\/#primaryimage\",\"url\":\"https:\/\/lpvs.uqo.ca\/wp-content\/uploads\/2023\/02\/IMG_3767-1.jpg\",\"contentUrl\":\"https:\/\/lpvs.uqo.ca\/wp-content\/uploads\/2023\/02\/IMG_3767-1.jpg\"},{\"@type\":\"BreadcrumbList\",\"@id\":\"https:\/\/lpvs.uqo.ca\/equipe\/candidats-au-doctorat\/laurianne-cote\/#breadcrumb\",\"itemListElement\":[{\"@type\":\"ListItem\",\"position\":1,\"name\":\"Accueil\",\"item\":\"https:\/\/lpvs.uqo.ca\/\"},{\"@type\":\"ListItem\",\"position\":2,\"name\":\"\u00c9quipe\",\"item\":\"https:\/\/lpvs.uqo.ca\/equipe\/\"},{\"@type\":\"ListItem\",\"position\":3,\"name\":\"\u00c9tudiant\u00b7es au Ph.D.\",\"item\":\"https:\/\/lpvs.uqo.ca\/equipe\/candidats-au-doctorat\/\"},{\"@type\":\"ListItem\",\"position\":4,\"name\":\"Laurianne C\u00f4t\u00e9\"}]},{\"@type\":\"WebSite\",\"@id\":\"https:\/\/lpvs.uqo.ca\/#website\",\"url\":\"https:\/\/lpvs.uqo.ca\/\",\"name\":\"Laboratoire de Perception Visuelle et Social\",\"description\":\"Universit\u00e9 du Qu\u00e9bec en Outaouais\",\"potentialAction\":[{\"@type\":\"SearchAction\",\"target\":{\"@type\":\"EntryPoint\",\"urlTemplate\":\"https:\/\/lpvs.uqo.ca\/?s={search_term_string}\"},\"query-input\":{\"@type\":\"PropertyValueSpecification\",\"valueRequired\":true,\"valueName\":\"search_term_string\"}}],\"inLanguage\":\"en-US\"}]}<\/script>\n<!-- \/ Yoast SEO plugin. -->","yoast_head_json":{"title":"Laurianne C\u00f4t\u00e9 - LPVS-UQO","robots":{"index":"index","follow":"follow","max-snippet":"max-snippet:-1","max-image-preview":"max-image-preview:large","max-video-preview":"max-video-preview:-1"},"canonical":"https:\/\/lpvs.uqo.ca\/equipe\/candidats-au-doctorat\/laurianne-cote\/","og_locale":"en_US","og_type":"article","og_title":"Laurianne C\u00f4t\u00e9 - LPVS-UQO","og_description":"PhD candidate in Psychology D\u00e9partement de psychologie et psycho\u00e9ducation,\u00a0UQO Recipient of NSERC\u2019s Undergraduate Student Research Award Recipient of the Research Scholarship FRQNT (B1X) Research interest: The effect of ethnicity and face orientation on SSVEP amplitude. The effect of image decomposition on SSVEP signal amplitude. Mechanisms of feature processing. The usefulness of different facial parts in&hellip;","og_url":"https:\/\/lpvs.uqo.ca\/equipe\/candidats-au-doctorat\/laurianne-cote\/","og_site_name":"LPVS-UQO","article_modified_time":"2025-10-30T13:33:13+00:00","og_image":[{"url":"https:\/\/lpvs.uqo.ca\/wp-content\/uploads\/2023\/02\/IMG_3767-1.jpg","width":1,"height":1,"type":"image\/jpeg"}],"twitter_card":"summary_large_image","twitter_misc":{"Est. reading time":"1 minute"},"schema":{"@context":"https:\/\/schema.org","@graph":[{"@type":"WebPage","@id":"https:\/\/lpvs.uqo.ca\/equipe\/candidats-au-doctorat\/laurianne-cote\/","url":"https:\/\/lpvs.uqo.ca\/equipe\/candidats-au-doctorat\/laurianne-cote\/","name":"Laurianne C\u00f4t\u00e9 - LPVS-UQO","isPartOf":{"@id":"https:\/\/lpvs.uqo.ca\/#website"},"primaryImageOfPage":{"@id":"https:\/\/lpvs.uqo.ca\/equipe\/candidats-au-doctorat\/laurianne-cote\/#primaryimage"},"image":{"@id":"https:\/\/lpvs.uqo.ca\/equipe\/candidats-au-doctorat\/laurianne-cote\/#primaryimage"},"thumbnailUrl":"https:\/\/lpvs.uqo.ca\/wp-content\/uploads\/2023\/02\/IMG_3767-1.jpg","datePublished":"2021-03-19T16:05:11+00:00","dateModified":"2025-10-30T13:33:13+00:00","breadcrumb":{"@id":"https:\/\/lpvs.uqo.ca\/equipe\/candidats-au-doctorat\/laurianne-cote\/#breadcrumb"},"inLanguage":"en-US","potentialAction":[{"@type":"ReadAction","target":["https:\/\/lpvs.uqo.ca\/equipe\/candidats-au-doctorat\/laurianne-cote\/"]}]},{"@type":"ImageObject","inLanguage":"en-US","@id":"https:\/\/lpvs.uqo.ca\/equipe\/candidats-au-doctorat\/laurianne-cote\/#primaryimage","url":"https:\/\/lpvs.uqo.ca\/wp-content\/uploads\/2023\/02\/IMG_3767-1.jpg","contentUrl":"https:\/\/lpvs.uqo.ca\/wp-content\/uploads\/2023\/02\/IMG_3767-1.jpg"},{"@type":"BreadcrumbList","@id":"https:\/\/lpvs.uqo.ca\/equipe\/candidats-au-doctorat\/laurianne-cote\/#breadcrumb","itemListElement":[{"@type":"ListItem","position":1,"name":"Accueil","item":"https:\/\/lpvs.uqo.ca\/"},{"@type":"ListItem","position":2,"name":"\u00c9quipe","item":"https:\/\/lpvs.uqo.ca\/equipe\/"},{"@type":"ListItem","position":3,"name":"\u00c9tudiant\u00b7es au Ph.D.","item":"https:\/\/lpvs.uqo.ca\/equipe\/candidats-au-doctorat\/"},{"@type":"ListItem","position":4,"name":"Laurianne C\u00f4t\u00e9"}]},{"@type":"WebSite","@id":"https:\/\/lpvs.uqo.ca\/#website","url":"https:\/\/lpvs.uqo.ca\/","name":"Laboratoire de Perception Visuelle et Social","description":"Universit\u00e9 du Qu\u00e9bec en Outaouais","potentialAction":[{"@type":"SearchAction","target":{"@type":"EntryPoint","urlTemplate":"https:\/\/lpvs.uqo.ca\/?s={search_term_string}"},"query-input":{"@type":"PropertyValueSpecification","valueRequired":true,"valueName":"search_term_string"}}],"inLanguage":"en-US"}]}},"_links":{"self":[{"href":"https:\/\/lpvs.uqo.ca\/en\/wp-json\/wp\/v2\/pages\/2365","targetHints":{"allow":["GET"]}}],"collection":[{"href":"https:\/\/lpvs.uqo.ca\/en\/wp-json\/wp\/v2\/pages"}],"about":[{"href":"https:\/\/lpvs.uqo.ca\/en\/wp-json\/wp\/v2\/types\/page"}],"author":[{"embeddable":true,"href":"https:\/\/lpvs.uqo.ca\/en\/wp-json\/wp\/v2\/users\/1"}],"replies":[{"embeddable":true,"href":"https:\/\/lpvs.uqo.ca\/en\/wp-json\/wp\/v2\/comments?post=2365"}],"version-history":[{"count":19,"href":"https:\/\/lpvs.uqo.ca\/en\/wp-json\/wp\/v2\/pages\/2365\/revisions"}],"predecessor-version":[{"id":3597,"href":"https:\/\/lpvs.uqo.ca\/en\/wp-json\/wp\/v2\/pages\/2365\/revisions\/3597"}],"up":[{"embeddable":true,"href":"https:\/\/lpvs.uqo.ca\/en\/wp-json\/wp\/v2\/pages\/784"}],"wp:featuredmedia":[{"embeddable":true,"href":"https:\/\/lpvs.uqo.ca\/en\/wp-json\/wp\/v2\/media\/2970"}],"wp:attachment":[{"href":"https:\/\/lpvs.uqo.ca\/en\/wp-json\/wp\/v2\/media?parent=2365"}],"curies":[{"name":"wp","href":"https:\/\/api.w.org\/{rel}","templated":true}]}}