{"id":2503,"date":"2022-01-05T14:28:50","date_gmt":"2022-01-05T19:28:50","guid":{"rendered":"http:\/\/lpvs-uqo.ca\/?page_id=2503"},"modified":"2025-10-30T12:08:12","modified_gmt":"2025-10-30T16:08:12","slug":"marie-claude-desjardins","status":"publish","type":"page","link":"https:\/\/lpvs.uqo.ca\/en\/equipe\/etudiants-d-ps\/marie-claude-desjardins\/","title":{"rendered":"Marie-Claude Desjardins"},"content":{"rendered":"<p><\/p>\n<div><strong>Clinical Neuropsychology Grad Student (DPsy)<\/strong><br \/>\n<a href=\"http:\/\/uqo.ca\/dep\/psychoeducation-psychologie\">D\u00e9partement de psychologie et psycho\u00e9ducation<\/a>,\u00a0<a href=\"http:\/\/uqo.ca\/\">UQO<\/a><\/div>\n<div>In co-direction with <a href=\"https:\/\/www.nest-lab.ca\/team-2\">Sara Tremblay<\/a><br \/>\nR\u00e9cipiendaire de la Bourse de Recherche de 1er Cycle du CRSNG<\/div>\n<div>R\u00e9cipiendaire de la Bourse de maitrise en recherche du FRQNT (B1)<\/div>\n<div>R\u00e9cipiendaire de la\u00a0Bourse de recherche du CRSNG (ES-D)<\/div>\n<div>\n<blockquote><p><strong>Research interests:<\/strong><\/p>\n<ul style=\"list-style-type: circle;\">\n<li><span style=\"font-weight: 400;\">Honour thesis: The impact of HD-tDCS on empathic ability and visual processing of facial expressions of pain.<\/span><\/li>\n<li><span style=\"font-weight: 400;\">Doctoral essay: The role of the right inferior frontal gyrus on empathic abilities and the detection of facial expressions of pain: a study of repeated transcranial magnetic stimulation.<\/span><\/li>\n<\/ul>\n<p><strong>Details:<br \/>\n<\/strong>Email: desm209@uqo.ca<\/p><\/blockquote>\n<\/div>\n<p><\/p>","protected":false},"excerpt":{"rendered":"<p>Clinical Neuropsychology Grad Student (DPsy) D\u00e9partement de psychologie et psycho\u00e9ducation,\u00a0UQO In co-direction with Sara Tremblay R\u00e9cipiendaire de la Bourse de Recherche de 1er Cycle du CRSNG R\u00e9cipiendaire de la Bourse de maitrise en recherche du FRQNT (B1) R\u00e9cipiendaire de la\u00a0Bourse de recherche du CRSNG (ES-D) Research interests: Honour thesis: The impact of HD-tDCS on empathic&hellip;<\/p>\n","protected":false},"author":1,"featured_media":2115,"parent":1584,"menu_order":0,"comment_status":"closed","ping_status":"closed","template":"","meta":{"footnotes":""},"class_list":["post-2503","page","type-page","status-publish","has-post-thumbnail","hentry"],"yoast_head":"<!-- This site is optimized with the Yoast SEO plugin v26.1.1 - https:\/\/yoast.com\/wordpress\/plugins\/seo\/ -->\n<title>Marie-Claude Desjardins - LPVS-UQO<\/title>\n<meta name=\"robots\" content=\"index, follow, max-snippet:-1, max-image-preview:large, max-video-preview:-1\" \/>\n<link rel=\"canonical\" href=\"https:\/\/lpvs.uqo.ca\/equipe\/etudiants-d-ps\/marie-claude-desjardins\/\" \/>\n<meta property=\"og:locale\" content=\"en_US\" \/>\n<meta property=\"og:type\" content=\"article\" \/>\n<meta property=\"og:title\" content=\"Marie-Claude Desjardins - LPVS-UQO\" \/>\n<meta property=\"og:description\" content=\"Clinical Neuropsychology Grad Student (DPsy) D\u00e9partement de psychologie et psycho\u00e9ducation,\u00a0UQO In co-direction with Sara Tremblay R\u00e9cipiendaire de la Bourse de Recherche de 1er Cycle du CRSNG R\u00e9cipiendaire de la Bourse de maitrise en recherche du FRQNT (B1) R\u00e9cipiendaire de la\u00a0Bourse de recherche du CRSNG (ES-D) Research interests: Honour thesis: The impact of HD-tDCS on empathic&hellip;\" \/>\n<meta property=\"og:url\" content=\"https:\/\/lpvs.uqo.ca\/equipe\/etudiants-d-ps\/marie-claude-desjardins\/\" \/>\n<meta property=\"og:site_name\" content=\"LPVS-UQO\" \/>\n<meta property=\"article:modified_time\" content=\"2025-10-30T16:08:12+00:00\" \/>\n<meta property=\"og:image\" content=\"https:\/\/lpvs.uqo.ca\/wp-content\/uploads\/2020\/02\/IMG_0295.jpg\" \/>\n\t<meta property=\"og:image:width\" content=\"1\" \/>\n\t<meta property=\"og:image:height\" content=\"1\" \/>\n\t<meta property=\"og:image:type\" content=\"image\/jpeg\" \/>\n<meta name=\"twitter:card\" content=\"summary_large_image\" \/>\n<meta name=\"twitter:label1\" content=\"Est. reading time\" \/>\n\t<meta name=\"twitter:data1\" content=\"1 minute\" \/>\n<script type=\"application\/ld+json\" class=\"yoast-schema-graph\">{\"@context\":\"https:\/\/schema.org\",\"@graph\":[{\"@type\":\"WebPage\",\"@id\":\"https:\/\/lpvs.uqo.ca\/equipe\/etudiants-d-ps\/marie-claude-desjardins\/\",\"url\":\"https:\/\/lpvs.uqo.ca\/equipe\/etudiants-d-ps\/marie-claude-desjardins\/\",\"name\":\"Marie-Claude Desjardins - LPVS-UQO\",\"isPartOf\":{\"@id\":\"https:\/\/lpvs.uqo.ca\/#website\"},\"primaryImageOfPage\":{\"@id\":\"https:\/\/lpvs.uqo.ca\/equipe\/etudiants-d-ps\/marie-claude-desjardins\/#primaryimage\"},\"image\":{\"@id\":\"https:\/\/lpvs.uqo.ca\/equipe\/etudiants-d-ps\/marie-claude-desjardins\/#primaryimage\"},\"thumbnailUrl\":\"https:\/\/lpvs.uqo.ca\/wp-content\/uploads\/2020\/02\/IMG_0295.jpg\",\"datePublished\":\"2022-01-05T19:28:50+00:00\",\"dateModified\":\"2025-10-30T16:08:12+00:00\",\"breadcrumb\":{\"@id\":\"https:\/\/lpvs.uqo.ca\/equipe\/etudiants-d-ps\/marie-claude-desjardins\/#breadcrumb\"},\"inLanguage\":\"en-US\",\"potentialAction\":[{\"@type\":\"ReadAction\",\"target\":[\"https:\/\/lpvs.uqo.ca\/equipe\/etudiants-d-ps\/marie-claude-desjardins\/\"]}]},{\"@type\":\"ImageObject\",\"inLanguage\":\"en-US\",\"@id\":\"https:\/\/lpvs.uqo.ca\/equipe\/etudiants-d-ps\/marie-claude-desjardins\/#primaryimage\",\"url\":\"https:\/\/lpvs.uqo.ca\/wp-content\/uploads\/2020\/02\/IMG_0295.jpg\",\"contentUrl\":\"https:\/\/lpvs.uqo.ca\/wp-content\/uploads\/2020\/02\/IMG_0295.jpg\"},{\"@type\":\"BreadcrumbList\",\"@id\":\"https:\/\/lpvs.uqo.ca\/equipe\/etudiants-d-ps\/marie-claude-desjardins\/#breadcrumb\",\"itemListElement\":[{\"@type\":\"ListItem\",\"position\":1,\"name\":\"Accueil\",\"item\":\"https:\/\/lpvs.uqo.ca\/\"},{\"@type\":\"ListItem\",\"position\":2,\"name\":\"\u00c9quipe\",\"item\":\"https:\/\/lpvs.uqo.ca\/equipe\/\"},{\"@type\":\"ListItem\",\"position\":3,\"name\":\"\u00c9tudiant\u00b7es au D.Psy.\",\"item\":\"https:\/\/lpvs.uqo.ca\/equipe\/etudiants-d-ps\/\"},{\"@type\":\"ListItem\",\"position\":4,\"name\":\"Marie-Claude Desjardins\"}]},{\"@type\":\"WebSite\",\"@id\":\"https:\/\/lpvs.uqo.ca\/#website\",\"url\":\"https:\/\/lpvs.uqo.ca\/\",\"name\":\"Laboratoire de Perception Visuelle et Social\",\"description\":\"Universit\u00e9 du Qu\u00e9bec en Outaouais\",\"potentialAction\":[{\"@type\":\"SearchAction\",\"target\":{\"@type\":\"EntryPoint\",\"urlTemplate\":\"https:\/\/lpvs.uqo.ca\/?s={search_term_string}\"},\"query-input\":{\"@type\":\"PropertyValueSpecification\",\"valueRequired\":true,\"valueName\":\"search_term_string\"}}],\"inLanguage\":\"en-US\"}]}<\/script>\n<!-- \/ Yoast SEO plugin. -->","yoast_head_json":{"title":"Marie-Claude Desjardins - LPVS-UQO","robots":{"index":"index","follow":"follow","max-snippet":"max-snippet:-1","max-image-preview":"max-image-preview:large","max-video-preview":"max-video-preview:-1"},"canonical":"https:\/\/lpvs.uqo.ca\/equipe\/etudiants-d-ps\/marie-claude-desjardins\/","og_locale":"en_US","og_type":"article","og_title":"Marie-Claude Desjardins - LPVS-UQO","og_description":"Clinical Neuropsychology Grad Student (DPsy) D\u00e9partement de psychologie et psycho\u00e9ducation,\u00a0UQO In co-direction with Sara Tremblay R\u00e9cipiendaire de la Bourse de Recherche de 1er Cycle du CRSNG R\u00e9cipiendaire de la Bourse de maitrise en recherche du FRQNT (B1) R\u00e9cipiendaire de la\u00a0Bourse de recherche du CRSNG (ES-D) Research interests: Honour thesis: The impact of HD-tDCS on empathic&hellip;","og_url":"https:\/\/lpvs.uqo.ca\/equipe\/etudiants-d-ps\/marie-claude-desjardins\/","og_site_name":"LPVS-UQO","article_modified_time":"2025-10-30T16:08:12+00:00","og_image":[{"url":"https:\/\/lpvs.uqo.ca\/wp-content\/uploads\/2020\/02\/IMG_0295.jpg","width":1,"height":1,"type":"image\/jpeg"}],"twitter_card":"summary_large_image","twitter_misc":{"Est. reading time":"1 minute"},"schema":{"@context":"https:\/\/schema.org","@graph":[{"@type":"WebPage","@id":"https:\/\/lpvs.uqo.ca\/equipe\/etudiants-d-ps\/marie-claude-desjardins\/","url":"https:\/\/lpvs.uqo.ca\/equipe\/etudiants-d-ps\/marie-claude-desjardins\/","name":"Marie-Claude Desjardins - LPVS-UQO","isPartOf":{"@id":"https:\/\/lpvs.uqo.ca\/#website"},"primaryImageOfPage":{"@id":"https:\/\/lpvs.uqo.ca\/equipe\/etudiants-d-ps\/marie-claude-desjardins\/#primaryimage"},"image":{"@id":"https:\/\/lpvs.uqo.ca\/equipe\/etudiants-d-ps\/marie-claude-desjardins\/#primaryimage"},"thumbnailUrl":"https:\/\/lpvs.uqo.ca\/wp-content\/uploads\/2020\/02\/IMG_0295.jpg","datePublished":"2022-01-05T19:28:50+00:00","dateModified":"2025-10-30T16:08:12+00:00","breadcrumb":{"@id":"https:\/\/lpvs.uqo.ca\/equipe\/etudiants-d-ps\/marie-claude-desjardins\/#breadcrumb"},"inLanguage":"en-US","potentialAction":[{"@type":"ReadAction","target":["https:\/\/lpvs.uqo.ca\/equipe\/etudiants-d-ps\/marie-claude-desjardins\/"]}]},{"@type":"ImageObject","inLanguage":"en-US","@id":"https:\/\/lpvs.uqo.ca\/equipe\/etudiants-d-ps\/marie-claude-desjardins\/#primaryimage","url":"https:\/\/lpvs.uqo.ca\/wp-content\/uploads\/2020\/02\/IMG_0295.jpg","contentUrl":"https:\/\/lpvs.uqo.ca\/wp-content\/uploads\/2020\/02\/IMG_0295.jpg"},{"@type":"BreadcrumbList","@id":"https:\/\/lpvs.uqo.ca\/equipe\/etudiants-d-ps\/marie-claude-desjardins\/#breadcrumb","itemListElement":[{"@type":"ListItem","position":1,"name":"Accueil","item":"https:\/\/lpvs.uqo.ca\/"},{"@type":"ListItem","position":2,"name":"\u00c9quipe","item":"https:\/\/lpvs.uqo.ca\/equipe\/"},{"@type":"ListItem","position":3,"name":"\u00c9tudiant\u00b7es au D.Psy.","item":"https:\/\/lpvs.uqo.ca\/equipe\/etudiants-d-ps\/"},{"@type":"ListItem","position":4,"name":"Marie-Claude Desjardins"}]},{"@type":"WebSite","@id":"https:\/\/lpvs.uqo.ca\/#website","url":"https:\/\/lpvs.uqo.ca\/","name":"Laboratoire de Perception Visuelle et Social","description":"Universit\u00e9 du Qu\u00e9bec en Outaouais","potentialAction":[{"@type":"SearchAction","target":{"@type":"EntryPoint","urlTemplate":"https:\/\/lpvs.uqo.ca\/?s={search_term_string}"},"query-input":{"@type":"PropertyValueSpecification","valueRequired":true,"valueName":"search_term_string"}}],"inLanguage":"en-US"}]}},"_links":{"self":[{"href":"https:\/\/lpvs.uqo.ca\/en\/wp-json\/wp\/v2\/pages\/2503","targetHints":{"allow":["GET"]}}],"collection":[{"href":"https:\/\/lpvs.uqo.ca\/en\/wp-json\/wp\/v2\/pages"}],"about":[{"href":"https:\/\/lpvs.uqo.ca\/en\/wp-json\/wp\/v2\/types\/page"}],"author":[{"embeddable":true,"href":"https:\/\/lpvs.uqo.ca\/en\/wp-json\/wp\/v2\/users\/1"}],"replies":[{"embeddable":true,"href":"https:\/\/lpvs.uqo.ca\/en\/wp-json\/wp\/v2\/comments?post=2503"}],"version-history":[{"count":12,"href":"https:\/\/lpvs.uqo.ca\/en\/wp-json\/wp\/v2\/pages\/2503\/revisions"}],"predecessor-version":[{"id":3634,"href":"https:\/\/lpvs.uqo.ca\/en\/wp-json\/wp\/v2\/pages\/2503\/revisions\/3634"}],"up":[{"embeddable":true,"href":"https:\/\/lpvs.uqo.ca\/en\/wp-json\/wp\/v2\/pages\/1584"}],"wp:featuredmedia":[{"embeddable":true,"href":"https:\/\/lpvs.uqo.ca\/en\/wp-json\/wp\/v2\/media\/2115"}],"wp:attachment":[{"href":"https:\/\/lpvs.uqo.ca\/en\/wp-json\/wp\/v2\/media?parent=2503"}],"curies":[{"name":"wp","href":"https:\/\/api.w.org\/{rel}","templated":true}]}}