{"id":2565,"date":"2022-01-18T16:27:28","date_gmt":"2022-01-18T21:27:28","guid":{"rendered":"http:\/\/lpvs-uqo.ca\/?page_id=2565"},"modified":"2025-10-31T16:05:11","modified_gmt":"2025-10-31T20:05:11","slug":"daphnee-senecal","status":"publish","type":"page","link":"https:\/\/lpvs.uqo.ca\/en\/equipe\/etudiants-d-ps\/daphnee-senecal\/","title":{"rendered":"Daphn\u00e9e S\u00e9n\u00e9cal"},"content":{"rendered":"<p><\/p>\n<p style=\"font-weight: 400;\"><strong>Clinical Psychology Grad Student (DPsy)<\/strong><\/p>\n<p style=\"font-weight: 400;\"><a href=\"http:\/\/uqo.ca\/dep\/psychoeducation-psychologie\">D\u00e9partement de psychologie et psycho\u00e9ducation<\/a>,\u00a0<a href=\"http:\/\/uqo.ca\/\">UQO<\/a><\/p>\n<p style=\"font-weight: 400;\">Recipient of NSERC\u2019s Undergraduate Student Research Award<\/p>\n<blockquote><p><strong>Research interest:<\/strong><\/p>\n<ul>\n<li><span style=\"font-weight: 400;\">Honour thesis: <\/span>The impact of facial ethnicity on a white observer&#8217;s sensitivity to facial expressions of pain.<\/li>\n<\/ul>\n<p><strong>Details:<\/strong><br \/>\nEmail:\u00a0send05@uqo.ca<\/p><\/blockquote>\n<p><\/p>","protected":false},"excerpt":{"rendered":"<p>Clinical Psychology Grad Student (DPsy) D\u00e9partement de psychologie et psycho\u00e9ducation,\u00a0UQO Recipient of NSERC\u2019s Undergraduate Student Research Award Research interest: Honour thesis: The impact of facial ethnicity on a white observer&#8217;s sensitivity to facial expressions of pain. Details: Email:\u00a0send05@uqo.ca<\/p>\n","protected":false},"author":1,"featured_media":2639,"parent":1584,"menu_order":0,"comment_status":"closed","ping_status":"closed","template":"","meta":{"footnotes":""},"class_list":["post-2565","page","type-page","status-publish","has-post-thumbnail","hentry"],"yoast_head":"<!-- This site is optimized with the Yoast SEO plugin v26.1.1 - https:\/\/yoast.com\/wordpress\/plugins\/seo\/ -->\n<title>Daphn\u00e9e S\u00e9n\u00e9cal - LPVS-UQO<\/title>\n<meta name=\"robots\" content=\"index, follow, max-snippet:-1, max-image-preview:large, max-video-preview:-1\" \/>\n<link rel=\"canonical\" href=\"https:\/\/lpvs.uqo.ca\/equipe\/etudiants-d-ps\/daphnee-senecal\/\" \/>\n<meta property=\"og:locale\" content=\"en_US\" \/>\n<meta property=\"og:type\" content=\"article\" \/>\n<meta property=\"og:title\" content=\"Daphn\u00e9e S\u00e9n\u00e9cal - LPVS-UQO\" \/>\n<meta property=\"og:description\" content=\"Clinical Psychology Grad Student (DPsy) D\u00e9partement de psychologie et psycho\u00e9ducation,\u00a0UQO Recipient of NSERC\u2019s Undergraduate Student Research Award Research interest: Honour thesis: The impact of facial ethnicity on a white observer&#8217;s sensitivity to facial expressions of pain. Details: Email:\u00a0send05@uqo.ca\" \/>\n<meta property=\"og:url\" content=\"https:\/\/lpvs.uqo.ca\/equipe\/etudiants-d-ps\/daphnee-senecal\/\" \/>\n<meta property=\"og:site_name\" content=\"LPVS-UQO\" \/>\n<meta property=\"article:modified_time\" content=\"2025-10-31T20:05:11+00:00\" \/>\n<meta property=\"og:image\" content=\"https:\/\/lpvs.uqo.ca\/wp-content\/uploads\/2022\/01\/Daphnee.jpg\" \/>\n\t<meta property=\"og:image:width\" content=\"676\" \/>\n\t<meta property=\"og:image:height\" content=\"960\" \/>\n\t<meta property=\"og:image:type\" content=\"image\/jpeg\" \/>\n<meta name=\"twitter:card\" content=\"summary_large_image\" \/>\n<meta name=\"twitter:label1\" content=\"Est. reading time\" \/>\n\t<meta name=\"twitter:data1\" content=\"1 minute\" \/>\n<script type=\"application\/ld+json\" class=\"yoast-schema-graph\">{\"@context\":\"https:\/\/schema.org\",\"@graph\":[{\"@type\":\"WebPage\",\"@id\":\"https:\/\/lpvs.uqo.ca\/equipe\/etudiants-d-ps\/daphnee-senecal\/\",\"url\":\"https:\/\/lpvs.uqo.ca\/equipe\/etudiants-d-ps\/daphnee-senecal\/\",\"name\":\"Daphn\u00e9e S\u00e9n\u00e9cal - LPVS-UQO\",\"isPartOf\":{\"@id\":\"https:\/\/lpvs.uqo.ca\/#website\"},\"primaryImageOfPage\":{\"@id\":\"https:\/\/lpvs.uqo.ca\/equipe\/etudiants-d-ps\/daphnee-senecal\/#primaryimage\"},\"image\":{\"@id\":\"https:\/\/lpvs.uqo.ca\/equipe\/etudiants-d-ps\/daphnee-senecal\/#primaryimage\"},\"thumbnailUrl\":\"https:\/\/lpvs.uqo.ca\/wp-content\/uploads\/2022\/01\/Daphnee.jpg\",\"datePublished\":\"2022-01-18T21:27:28+00:00\",\"dateModified\":\"2025-10-31T20:05:11+00:00\",\"breadcrumb\":{\"@id\":\"https:\/\/lpvs.uqo.ca\/equipe\/etudiants-d-ps\/daphnee-senecal\/#breadcrumb\"},\"inLanguage\":\"en-US\",\"potentialAction\":[{\"@type\":\"ReadAction\",\"target\":[\"https:\/\/lpvs.uqo.ca\/equipe\/etudiants-d-ps\/daphnee-senecal\/\"]}]},{\"@type\":\"ImageObject\",\"inLanguage\":\"en-US\",\"@id\":\"https:\/\/lpvs.uqo.ca\/equipe\/etudiants-d-ps\/daphnee-senecal\/#primaryimage\",\"url\":\"https:\/\/lpvs.uqo.ca\/wp-content\/uploads\/2022\/01\/Daphnee.jpg\",\"contentUrl\":\"https:\/\/lpvs.uqo.ca\/wp-content\/uploads\/2022\/01\/Daphnee.jpg\",\"width\":676,\"height\":960},{\"@type\":\"BreadcrumbList\",\"@id\":\"https:\/\/lpvs.uqo.ca\/equipe\/etudiants-d-ps\/daphnee-senecal\/#breadcrumb\",\"itemListElement\":[{\"@type\":\"ListItem\",\"position\":1,\"name\":\"Accueil\",\"item\":\"https:\/\/lpvs.uqo.ca\/\"},{\"@type\":\"ListItem\",\"position\":2,\"name\":\"\u00c9quipe\",\"item\":\"https:\/\/lpvs.uqo.ca\/equipe\/\"},{\"@type\":\"ListItem\",\"position\":3,\"name\":\"\u00c9tudiant\u00b7es au D.Psy.\",\"item\":\"https:\/\/lpvs.uqo.ca\/equipe\/etudiants-d-ps\/\"},{\"@type\":\"ListItem\",\"position\":4,\"name\":\"Daphn\u00e9e S\u00e9n\u00e9cal\"}]},{\"@type\":\"WebSite\",\"@id\":\"https:\/\/lpvs.uqo.ca\/#website\",\"url\":\"https:\/\/lpvs.uqo.ca\/\",\"name\":\"Laboratoire de Perception Visuelle et Social\",\"description\":\"Universit\u00e9 du Qu\u00e9bec en Outaouais\",\"potentialAction\":[{\"@type\":\"SearchAction\",\"target\":{\"@type\":\"EntryPoint\",\"urlTemplate\":\"https:\/\/lpvs.uqo.ca\/?s={search_term_string}\"},\"query-input\":{\"@type\":\"PropertyValueSpecification\",\"valueRequired\":true,\"valueName\":\"search_term_string\"}}],\"inLanguage\":\"en-US\"}]}<\/script>\n<!-- \/ Yoast SEO plugin. -->","yoast_head_json":{"title":"Daphn\u00e9e S\u00e9n\u00e9cal - LPVS-UQO","robots":{"index":"index","follow":"follow","max-snippet":"max-snippet:-1","max-image-preview":"max-image-preview:large","max-video-preview":"max-video-preview:-1"},"canonical":"https:\/\/lpvs.uqo.ca\/equipe\/etudiants-d-ps\/daphnee-senecal\/","og_locale":"en_US","og_type":"article","og_title":"Daphn\u00e9e S\u00e9n\u00e9cal - LPVS-UQO","og_description":"Clinical Psychology Grad Student (DPsy) D\u00e9partement de psychologie et psycho\u00e9ducation,\u00a0UQO Recipient of NSERC\u2019s Undergraduate Student Research Award Research interest: Honour thesis: The impact of facial ethnicity on a white observer&#8217;s sensitivity to facial expressions of pain. Details: Email:\u00a0send05@uqo.ca","og_url":"https:\/\/lpvs.uqo.ca\/equipe\/etudiants-d-ps\/daphnee-senecal\/","og_site_name":"LPVS-UQO","article_modified_time":"2025-10-31T20:05:11+00:00","og_image":[{"width":676,"height":960,"url":"https:\/\/lpvs.uqo.ca\/wp-content\/uploads\/2022\/01\/Daphnee.jpg","type":"image\/jpeg"}],"twitter_card":"summary_large_image","twitter_misc":{"Est. reading time":"1 minute"},"schema":{"@context":"https:\/\/schema.org","@graph":[{"@type":"WebPage","@id":"https:\/\/lpvs.uqo.ca\/equipe\/etudiants-d-ps\/daphnee-senecal\/","url":"https:\/\/lpvs.uqo.ca\/equipe\/etudiants-d-ps\/daphnee-senecal\/","name":"Daphn\u00e9e S\u00e9n\u00e9cal - LPVS-UQO","isPartOf":{"@id":"https:\/\/lpvs.uqo.ca\/#website"},"primaryImageOfPage":{"@id":"https:\/\/lpvs.uqo.ca\/equipe\/etudiants-d-ps\/daphnee-senecal\/#primaryimage"},"image":{"@id":"https:\/\/lpvs.uqo.ca\/equipe\/etudiants-d-ps\/daphnee-senecal\/#primaryimage"},"thumbnailUrl":"https:\/\/lpvs.uqo.ca\/wp-content\/uploads\/2022\/01\/Daphnee.jpg","datePublished":"2022-01-18T21:27:28+00:00","dateModified":"2025-10-31T20:05:11+00:00","breadcrumb":{"@id":"https:\/\/lpvs.uqo.ca\/equipe\/etudiants-d-ps\/daphnee-senecal\/#breadcrumb"},"inLanguage":"en-US","potentialAction":[{"@type":"ReadAction","target":["https:\/\/lpvs.uqo.ca\/equipe\/etudiants-d-ps\/daphnee-senecal\/"]}]},{"@type":"ImageObject","inLanguage":"en-US","@id":"https:\/\/lpvs.uqo.ca\/equipe\/etudiants-d-ps\/daphnee-senecal\/#primaryimage","url":"https:\/\/lpvs.uqo.ca\/wp-content\/uploads\/2022\/01\/Daphnee.jpg","contentUrl":"https:\/\/lpvs.uqo.ca\/wp-content\/uploads\/2022\/01\/Daphnee.jpg","width":676,"height":960},{"@type":"BreadcrumbList","@id":"https:\/\/lpvs.uqo.ca\/equipe\/etudiants-d-ps\/daphnee-senecal\/#breadcrumb","itemListElement":[{"@type":"ListItem","position":1,"name":"Accueil","item":"https:\/\/lpvs.uqo.ca\/"},{"@type":"ListItem","position":2,"name":"\u00c9quipe","item":"https:\/\/lpvs.uqo.ca\/equipe\/"},{"@type":"ListItem","position":3,"name":"\u00c9tudiant\u00b7es au D.Psy.","item":"https:\/\/lpvs.uqo.ca\/equipe\/etudiants-d-ps\/"},{"@type":"ListItem","position":4,"name":"Daphn\u00e9e S\u00e9n\u00e9cal"}]},{"@type":"WebSite","@id":"https:\/\/lpvs.uqo.ca\/#website","url":"https:\/\/lpvs.uqo.ca\/","name":"Laboratoire de Perception Visuelle et Social","description":"Universit\u00e9 du Qu\u00e9bec en Outaouais","potentialAction":[{"@type":"SearchAction","target":{"@type":"EntryPoint","urlTemplate":"https:\/\/lpvs.uqo.ca\/?s={search_term_string}"},"query-input":{"@type":"PropertyValueSpecification","valueRequired":true,"valueName":"search_term_string"}}],"inLanguage":"en-US"}]}},"_links":{"self":[{"href":"https:\/\/lpvs.uqo.ca\/en\/wp-json\/wp\/v2\/pages\/2565","targetHints":{"allow":["GET"]}}],"collection":[{"href":"https:\/\/lpvs.uqo.ca\/en\/wp-json\/wp\/v2\/pages"}],"about":[{"href":"https:\/\/lpvs.uqo.ca\/en\/wp-json\/wp\/v2\/types\/page"}],"author":[{"embeddable":true,"href":"https:\/\/lpvs.uqo.ca\/en\/wp-json\/wp\/v2\/users\/1"}],"replies":[{"embeddable":true,"href":"https:\/\/lpvs.uqo.ca\/en\/wp-json\/wp\/v2\/comments?post=2565"}],"version-history":[{"count":14,"href":"https:\/\/lpvs.uqo.ca\/en\/wp-json\/wp\/v2\/pages\/2565\/revisions"}],"predecessor-version":[{"id":3668,"href":"https:\/\/lpvs.uqo.ca\/en\/wp-json\/wp\/v2\/pages\/2565\/revisions\/3668"}],"up":[{"embeddable":true,"href":"https:\/\/lpvs.uqo.ca\/en\/wp-json\/wp\/v2\/pages\/1584"}],"wp:featuredmedia":[{"embeddable":true,"href":"https:\/\/lpvs.uqo.ca\/en\/wp-json\/wp\/v2\/media\/2639"}],"wp:attachment":[{"href":"https:\/\/lpvs.uqo.ca\/en\/wp-json\/wp\/v2\/media?parent=2565"}],"curies":[{"name":"wp","href":"https:\/\/api.w.org\/{rel}","templated":true}]}}