{"id":2768,"date":"2022-03-04T14:48:57","date_gmt":"2022-03-04T19:48:57","guid":{"rendered":"http:\/\/lpvs-uqo.ca\/?page_id=2768"},"modified":"2025-10-30T09:32:17","modified_gmt":"2025-10-30T13:32:17","slug":"emilie-st-pierre","status":"publish","type":"page","link":"https:\/\/lpvs.uqo.ca\/en\/equipe\/candidats-au-doctorat\/emilie-st-pierre\/","title":{"rendered":"\u00c9milie St-Pierre"},"content":{"rendered":"<p><strong>PhD candidate in Psychology<br \/>\n<\/strong><a href=\"http:\/\/uqo.ca\/dep\/psychoeducation-psychologie\">D\u00e9partement de psychologie et psycho\u00e9ducation<\/a>,\u00a0<a href=\"http:\/\/uqo.ca\/\">UQO<\/a><br \/>\nIn co-direction with <a href=\"https:\/\/ricochet.uqo.ca\/notre-equipe-2\/\">Annie B\u00e9rub\u00e9<\/a><br \/>\nRecipient of NSERC scholarship (PGS-D)<\/p>\n<blockquote><p><strong>Research interests:<\/strong><\/p>\n<ul style=\"list-style-type: circle;\">\n<li>The impact of maltreatment on the conceptualization and perception of facial emotions<\/li>\n<li>The impact of language development on emotion recognition<\/li>\n<li>Neural representations of facial emotion categories<\/li>\n<li>The effect of traumatic experiences on physiological response<\/li>\n<li><span style=\"font-weight: 400;\">PhD thesis: The impact of maltreatment on the conceptualization and perception of facial emotions<\/span><\/li>\n<\/ul>\n<p><strong>Details:<\/strong><br \/>\nEmail: stpe06@uqo.ca<\/p><\/blockquote>\n<p><\/p>","protected":false},"excerpt":{"rendered":"<p>PhD candidate in Psychology D\u00e9partement de psychologie et psycho\u00e9ducation,\u00a0UQO In co-direction with Annie B\u00e9rub\u00e9 Recipient of NSERC scholarship (PGS-D) Research interests: The impact of maltreatment on the conceptualization and perception of facial emotions The impact of language development on emotion recognition Neural representations of facial emotion categories The effect of traumatic experiences on physiological response&hellip;<\/p>\n","protected":false},"author":1,"featured_media":2769,"parent":784,"menu_order":0,"comment_status":"closed","ping_status":"closed","template":"","meta":{"footnotes":""},"class_list":["post-2768","page","type-page","status-publish","has-post-thumbnail","hentry"],"yoast_head":"<!-- This site is optimized with the Yoast SEO plugin v26.1.1 - https:\/\/yoast.com\/wordpress\/plugins\/seo\/ -->\n<title>\u00c9milie St-Pierre - LPVS-UQO<\/title>\n<meta name=\"robots\" content=\"index, follow, max-snippet:-1, max-image-preview:large, max-video-preview:-1\" \/>\n<link rel=\"canonical\" href=\"https:\/\/lpvs.uqo.ca\/equipe\/candidats-au-doctorat\/emilie-st-pierre\/\" \/>\n<meta property=\"og:locale\" content=\"en_US\" \/>\n<meta property=\"og:type\" content=\"article\" \/>\n<meta property=\"og:title\" content=\"\u00c9milie St-Pierre - LPVS-UQO\" \/>\n<meta property=\"og:description\" content=\"PhD candidate in Psychology D\u00e9partement de psychologie et psycho\u00e9ducation,\u00a0UQO In co-direction with Annie B\u00e9rub\u00e9 Recipient of NSERC scholarship (PGS-D) Research interests: The impact of maltreatment on the conceptualization and perception of facial emotions The impact of language development on emotion recognition Neural representations of facial emotion categories The effect of traumatic experiences on physiological response&hellip;\" \/>\n<meta property=\"og:url\" content=\"https:\/\/lpvs.uqo.ca\/equipe\/candidats-au-doctorat\/emilie-st-pierre\/\" \/>\n<meta property=\"og:site_name\" content=\"LPVS-UQO\" \/>\n<meta property=\"article:modified_time\" content=\"2025-10-30T13:32:17+00:00\" \/>\n<meta property=\"og:image\" content=\"https:\/\/lpvs.uqo.ca\/wp-content\/uploads\/2022\/03\/274019231_691077378690947_1447310762915193289_n-scaled-e1761773296437.jpg\" \/>\n\t<meta property=\"og:image:width\" content=\"1350\" \/>\n\t<meta property=\"og:image:height\" content=\"1800\" \/>\n\t<meta property=\"og:image:type\" content=\"image\/jpeg\" \/>\n<meta name=\"twitter:card\" content=\"summary_large_image\" \/>\n<meta name=\"twitter:label1\" content=\"Est. reading time\" \/>\n\t<meta name=\"twitter:data1\" content=\"1 minute\" \/>\n<script type=\"application\/ld+json\" class=\"yoast-schema-graph\">{\"@context\":\"https:\/\/schema.org\",\"@graph\":[{\"@type\":\"WebPage\",\"@id\":\"https:\/\/lpvs.uqo.ca\/equipe\/candidats-au-doctorat\/emilie-st-pierre\/\",\"url\":\"https:\/\/lpvs.uqo.ca\/equipe\/candidats-au-doctorat\/emilie-st-pierre\/\",\"name\":\"\u00c9milie St-Pierre - LPVS-UQO\",\"isPartOf\":{\"@id\":\"https:\/\/lpvs.uqo.ca\/#website\"},\"primaryImageOfPage\":{\"@id\":\"https:\/\/lpvs.uqo.ca\/equipe\/candidats-au-doctorat\/emilie-st-pierre\/#primaryimage\"},\"image\":{\"@id\":\"https:\/\/lpvs.uqo.ca\/equipe\/candidats-au-doctorat\/emilie-st-pierre\/#primaryimage\"},\"thumbnailUrl\":\"https:\/\/lpvs.uqo.ca\/wp-content\/uploads\/2022\/03\/274019231_691077378690947_1447310762915193289_n-scaled-e1761773296437.jpg\",\"datePublished\":\"2022-03-04T19:48:57+00:00\",\"dateModified\":\"2025-10-30T13:32:17+00:00\",\"breadcrumb\":{\"@id\":\"https:\/\/lpvs.uqo.ca\/equipe\/candidats-au-doctorat\/emilie-st-pierre\/#breadcrumb\"},\"inLanguage\":\"en-US\",\"potentialAction\":[{\"@type\":\"ReadAction\",\"target\":[\"https:\/\/lpvs.uqo.ca\/equipe\/candidats-au-doctorat\/emilie-st-pierre\/\"]}]},{\"@type\":\"ImageObject\",\"inLanguage\":\"en-US\",\"@id\":\"https:\/\/lpvs.uqo.ca\/equipe\/candidats-au-doctorat\/emilie-st-pierre\/#primaryimage\",\"url\":\"https:\/\/lpvs.uqo.ca\/wp-content\/uploads\/2022\/03\/274019231_691077378690947_1447310762915193289_n-scaled-e1761773296437.jpg\",\"contentUrl\":\"https:\/\/lpvs.uqo.ca\/wp-content\/uploads\/2022\/03\/274019231_691077378690947_1447310762915193289_n-scaled-e1761773296437.jpg\",\"width\":1350,\"height\":1800},{\"@type\":\"BreadcrumbList\",\"@id\":\"https:\/\/lpvs.uqo.ca\/equipe\/candidats-au-doctorat\/emilie-st-pierre\/#breadcrumb\",\"itemListElement\":[{\"@type\":\"ListItem\",\"position\":1,\"name\":\"Accueil\",\"item\":\"https:\/\/lpvs.uqo.ca\/\"},{\"@type\":\"ListItem\",\"position\":2,\"name\":\"\u00c9quipe\",\"item\":\"https:\/\/lpvs.uqo.ca\/equipe\/\"},{\"@type\":\"ListItem\",\"position\":3,\"name\":\"\u00c9tudiant\u00b7es au Ph.D.\",\"item\":\"https:\/\/lpvs.uqo.ca\/equipe\/candidats-au-doctorat\/\"},{\"@type\":\"ListItem\",\"position\":4,\"name\":\"\u00c9milie St-Pierre\"}]},{\"@type\":\"WebSite\",\"@id\":\"https:\/\/lpvs.uqo.ca\/#website\",\"url\":\"https:\/\/lpvs.uqo.ca\/\",\"name\":\"Laboratoire de Perception Visuelle et Social\",\"description\":\"Universit\u00e9 du Qu\u00e9bec en Outaouais\",\"potentialAction\":[{\"@type\":\"SearchAction\",\"target\":{\"@type\":\"EntryPoint\",\"urlTemplate\":\"https:\/\/lpvs.uqo.ca\/?s={search_term_string}\"},\"query-input\":{\"@type\":\"PropertyValueSpecification\",\"valueRequired\":true,\"valueName\":\"search_term_string\"}}],\"inLanguage\":\"en-US\"}]}<\/script>\n<!-- \/ Yoast SEO plugin. -->","yoast_head_json":{"title":"\u00c9milie St-Pierre - LPVS-UQO","robots":{"index":"index","follow":"follow","max-snippet":"max-snippet:-1","max-image-preview":"max-image-preview:large","max-video-preview":"max-video-preview:-1"},"canonical":"https:\/\/lpvs.uqo.ca\/equipe\/candidats-au-doctorat\/emilie-st-pierre\/","og_locale":"en_US","og_type":"article","og_title":"\u00c9milie St-Pierre - LPVS-UQO","og_description":"PhD candidate in Psychology D\u00e9partement de psychologie et psycho\u00e9ducation,\u00a0UQO In co-direction with Annie B\u00e9rub\u00e9 Recipient of NSERC scholarship (PGS-D) Research interests: The impact of maltreatment on the conceptualization and perception of facial emotions The impact of language development on emotion recognition Neural representations of facial emotion categories The effect of traumatic experiences on physiological response&hellip;","og_url":"https:\/\/lpvs.uqo.ca\/equipe\/candidats-au-doctorat\/emilie-st-pierre\/","og_site_name":"LPVS-UQO","article_modified_time":"2025-10-30T13:32:17+00:00","og_image":[{"width":1350,"height":1800,"url":"https:\/\/lpvs.uqo.ca\/wp-content\/uploads\/2022\/03\/274019231_691077378690947_1447310762915193289_n-scaled-e1761773296437.jpg","type":"image\/jpeg"}],"twitter_card":"summary_large_image","twitter_misc":{"Est. reading time":"1 minute"},"schema":{"@context":"https:\/\/schema.org","@graph":[{"@type":"WebPage","@id":"https:\/\/lpvs.uqo.ca\/equipe\/candidats-au-doctorat\/emilie-st-pierre\/","url":"https:\/\/lpvs.uqo.ca\/equipe\/candidats-au-doctorat\/emilie-st-pierre\/","name":"\u00c9milie St-Pierre - LPVS-UQO","isPartOf":{"@id":"https:\/\/lpvs.uqo.ca\/#website"},"primaryImageOfPage":{"@id":"https:\/\/lpvs.uqo.ca\/equipe\/candidats-au-doctorat\/emilie-st-pierre\/#primaryimage"},"image":{"@id":"https:\/\/lpvs.uqo.ca\/equipe\/candidats-au-doctorat\/emilie-st-pierre\/#primaryimage"},"thumbnailUrl":"https:\/\/lpvs.uqo.ca\/wp-content\/uploads\/2022\/03\/274019231_691077378690947_1447310762915193289_n-scaled-e1761773296437.jpg","datePublished":"2022-03-04T19:48:57+00:00","dateModified":"2025-10-30T13:32:17+00:00","breadcrumb":{"@id":"https:\/\/lpvs.uqo.ca\/equipe\/candidats-au-doctorat\/emilie-st-pierre\/#breadcrumb"},"inLanguage":"en-US","potentialAction":[{"@type":"ReadAction","target":["https:\/\/lpvs.uqo.ca\/equipe\/candidats-au-doctorat\/emilie-st-pierre\/"]}]},{"@type":"ImageObject","inLanguage":"en-US","@id":"https:\/\/lpvs.uqo.ca\/equipe\/candidats-au-doctorat\/emilie-st-pierre\/#primaryimage","url":"https:\/\/lpvs.uqo.ca\/wp-content\/uploads\/2022\/03\/274019231_691077378690947_1447310762915193289_n-scaled-e1761773296437.jpg","contentUrl":"https:\/\/lpvs.uqo.ca\/wp-content\/uploads\/2022\/03\/274019231_691077378690947_1447310762915193289_n-scaled-e1761773296437.jpg","width":1350,"height":1800},{"@type":"BreadcrumbList","@id":"https:\/\/lpvs.uqo.ca\/equipe\/candidats-au-doctorat\/emilie-st-pierre\/#breadcrumb","itemListElement":[{"@type":"ListItem","position":1,"name":"Accueil","item":"https:\/\/lpvs.uqo.ca\/"},{"@type":"ListItem","position":2,"name":"\u00c9quipe","item":"https:\/\/lpvs.uqo.ca\/equipe\/"},{"@type":"ListItem","position":3,"name":"\u00c9tudiant\u00b7es au Ph.D.","item":"https:\/\/lpvs.uqo.ca\/equipe\/candidats-au-doctorat\/"},{"@type":"ListItem","position":4,"name":"\u00c9milie St-Pierre"}]},{"@type":"WebSite","@id":"https:\/\/lpvs.uqo.ca\/#website","url":"https:\/\/lpvs.uqo.ca\/","name":"Laboratoire de Perception Visuelle et Social","description":"Universit\u00e9 du Qu\u00e9bec en Outaouais","potentialAction":[{"@type":"SearchAction","target":{"@type":"EntryPoint","urlTemplate":"https:\/\/lpvs.uqo.ca\/?s={search_term_string}"},"query-input":{"@type":"PropertyValueSpecification","valueRequired":true,"valueName":"search_term_string"}}],"inLanguage":"en-US"}]}},"_links":{"self":[{"href":"https:\/\/lpvs.uqo.ca\/en\/wp-json\/wp\/v2\/pages\/2768","targetHints":{"allow":["GET"]}}],"collection":[{"href":"https:\/\/lpvs.uqo.ca\/en\/wp-json\/wp\/v2\/pages"}],"about":[{"href":"https:\/\/lpvs.uqo.ca\/en\/wp-json\/wp\/v2\/types\/page"}],"author":[{"embeddable":true,"href":"https:\/\/lpvs.uqo.ca\/en\/wp-json\/wp\/v2\/users\/1"}],"replies":[{"embeddable":true,"href":"https:\/\/lpvs.uqo.ca\/en\/wp-json\/wp\/v2\/comments?post=2768"}],"version-history":[{"count":7,"href":"https:\/\/lpvs.uqo.ca\/en\/wp-json\/wp\/v2\/pages\/2768\/revisions"}],"predecessor-version":[{"id":3593,"href":"https:\/\/lpvs.uqo.ca\/en\/wp-json\/wp\/v2\/pages\/2768\/revisions\/3593"}],"up":[{"embeddable":true,"href":"https:\/\/lpvs.uqo.ca\/en\/wp-json\/wp\/v2\/pages\/784"}],"wp:featuredmedia":[{"embeddable":true,"href":"https:\/\/lpvs.uqo.ca\/en\/wp-json\/wp\/v2\/media\/2769"}],"wp:attachment":[{"href":"https:\/\/lpvs.uqo.ca\/en\/wp-json\/wp\/v2\/media?parent=2768"}],"curies":[{"name":"wp","href":"https:\/\/api.w.org\/{rel}","templated":true}]}}