{"id":2778,"date":"2022-03-13T15:51:44","date_gmt":"2022-03-13T19:51:44","guid":{"rendered":"http:\/\/lpvs-uqo.ca\/?page_id=2778"},"modified":"2025-10-31T08:41:30","modified_gmt":"2025-10-31T12:41:30","slug":"jeremy-lamontagne","status":"publish","type":"page","link":"https:\/\/lpvs.uqo.ca\/en\/equipe\/candidats-au-doctorat\/jeremy-lamontagne\/","title":{"rendered":"J\u00e9r\u00e9my Lamontagne"},"content":{"rendered":"<p><b>PhD candidate in Psychology<\/b><br \/>\n<a href=\"http:\/\/uqo.ca\/dep\/psychoeducation-psychologie\">D\u00e9partement de psychologie et psycho\u00e9ducation<\/a>,\u00a0<a href=\"http:\/\/uqo.ca\/\">UQO<\/a><br \/>\nuOttawa entrance scholarship<br \/>\nuOttawa Merit Scholarship<br \/>\nRecipient of NSERC\u2019s Undergraduate Student Research Award<br \/>\nRecipient of the Research Scholarship FRQNT (B1X)<\/p>\n<blockquote><p><strong>Research interests:<\/strong><\/p>\n<ul style=\"list-style-type: circle;\">\n<li><span style=\"font-weight: 400;\">Honour thesis: The N250 as an index of visual information extraction in faces.<\/span><\/li>\n<\/ul>\n<p><strong>Details:<\/strong><br \/>\nEmail: lamj54@uqo.ca<\/p><\/blockquote>\n<p><\/p>","protected":false},"excerpt":{"rendered":"<p>PhD candidate in Psychology D\u00e9partement de psychologie et psycho\u00e9ducation,\u00a0UQO uOttawa entrance scholarship uOttawa Merit Scholarship Recipient of NSERC\u2019s Undergraduate Student Research Award Recipient of the Research Scholarship FRQNT (B1X) Research interests: Honour thesis: The N250 as an index of visual information extraction in faces. Details: Email: lamj54@uqo.ca<\/p>\n","protected":false},"author":1,"featured_media":3001,"parent":784,"menu_order":0,"comment_status":"closed","ping_status":"closed","template":"","meta":{"footnotes":""},"class_list":["post-2778","page","type-page","status-publish","has-post-thumbnail","hentry"],"yoast_head":"<!-- This site is optimized with the Yoast SEO plugin v26.1.1 - https:\/\/yoast.com\/wordpress\/plugins\/seo\/ -->\n<title>J\u00e9r\u00e9my Lamontagne - LPVS-UQO<\/title>\n<meta name=\"robots\" content=\"index, follow, max-snippet:-1, max-image-preview:large, max-video-preview:-1\" \/>\n<link rel=\"canonical\" href=\"https:\/\/lpvs.uqo.ca\/equipe\/candidats-au-doctorat\/jeremy-lamontagne\/\" \/>\n<meta property=\"og:locale\" content=\"en_US\" \/>\n<meta property=\"og:type\" content=\"article\" \/>\n<meta property=\"og:title\" content=\"J\u00e9r\u00e9my Lamontagne - LPVS-UQO\" \/>\n<meta property=\"og:description\" content=\"PhD candidate in Psychology D\u00e9partement de psychologie et psycho\u00e9ducation,\u00a0UQO uOttawa entrance scholarship uOttawa Merit Scholarship Recipient of NSERC\u2019s Undergraduate Student Research Award Recipient of the Research Scholarship FRQNT (B1X) Research interests: Honour thesis: The N250 as an index of visual information extraction in faces. Details: Email: lamj54@uqo.ca\" \/>\n<meta property=\"og:url\" content=\"https:\/\/lpvs.uqo.ca\/equipe\/candidats-au-doctorat\/jeremy-lamontagne\/\" \/>\n<meta property=\"og:site_name\" content=\"LPVS-UQO\" \/>\n<meta property=\"article:modified_time\" content=\"2025-10-31T12:41:30+00:00\" \/>\n<meta property=\"og:image\" content=\"https:\/\/lpvs.uqo.ca\/wp-content\/uploads\/2023\/05\/IMG_6638.jpeg\" \/>\n\t<meta property=\"og:image:width\" content=\"1\" \/>\n\t<meta property=\"og:image:height\" content=\"1\" \/>\n\t<meta property=\"og:image:type\" content=\"image\/jpeg\" \/>\n<meta name=\"twitter:card\" content=\"summary_large_image\" \/>\n<meta name=\"twitter:label1\" content=\"Est. reading time\" \/>\n\t<meta name=\"twitter:data1\" content=\"1 minute\" \/>\n<script type=\"application\/ld+json\" class=\"yoast-schema-graph\">{\"@context\":\"https:\/\/schema.org\",\"@graph\":[{\"@type\":\"WebPage\",\"@id\":\"https:\/\/lpvs.uqo.ca\/equipe\/candidats-au-doctorat\/jeremy-lamontagne\/\",\"url\":\"https:\/\/lpvs.uqo.ca\/equipe\/candidats-au-doctorat\/jeremy-lamontagne\/\",\"name\":\"J\u00e9r\u00e9my Lamontagne - LPVS-UQO\",\"isPartOf\":{\"@id\":\"https:\/\/lpvs.uqo.ca\/#website\"},\"primaryImageOfPage\":{\"@id\":\"https:\/\/lpvs.uqo.ca\/equipe\/candidats-au-doctorat\/jeremy-lamontagne\/#primaryimage\"},\"image\":{\"@id\":\"https:\/\/lpvs.uqo.ca\/equipe\/candidats-au-doctorat\/jeremy-lamontagne\/#primaryimage\"},\"thumbnailUrl\":\"https:\/\/lpvs.uqo.ca\/wp-content\/uploads\/2023\/05\/IMG_6638.jpeg\",\"datePublished\":\"2022-03-13T19:51:44+00:00\",\"dateModified\":\"2025-10-31T12:41:30+00:00\",\"breadcrumb\":{\"@id\":\"https:\/\/lpvs.uqo.ca\/equipe\/candidats-au-doctorat\/jeremy-lamontagne\/#breadcrumb\"},\"inLanguage\":\"en-US\",\"potentialAction\":[{\"@type\":\"ReadAction\",\"target\":[\"https:\/\/lpvs.uqo.ca\/equipe\/candidats-au-doctorat\/jeremy-lamontagne\/\"]}]},{\"@type\":\"ImageObject\",\"inLanguage\":\"en-US\",\"@id\":\"https:\/\/lpvs.uqo.ca\/equipe\/candidats-au-doctorat\/jeremy-lamontagne\/#primaryimage\",\"url\":\"https:\/\/lpvs.uqo.ca\/wp-content\/uploads\/2023\/05\/IMG_6638.jpeg\",\"contentUrl\":\"https:\/\/lpvs.uqo.ca\/wp-content\/uploads\/2023\/05\/IMG_6638.jpeg\"},{\"@type\":\"BreadcrumbList\",\"@id\":\"https:\/\/lpvs.uqo.ca\/equipe\/candidats-au-doctorat\/jeremy-lamontagne\/#breadcrumb\",\"itemListElement\":[{\"@type\":\"ListItem\",\"position\":1,\"name\":\"Accueil\",\"item\":\"https:\/\/lpvs.uqo.ca\/\"},{\"@type\":\"ListItem\",\"position\":2,\"name\":\"\u00c9quipe\",\"item\":\"https:\/\/lpvs.uqo.ca\/equipe\/\"},{\"@type\":\"ListItem\",\"position\":3,\"name\":\"\u00c9tudiant\u00b7es au Ph.D.\",\"item\":\"https:\/\/lpvs.uqo.ca\/equipe\/candidats-au-doctorat\/\"},{\"@type\":\"ListItem\",\"position\":4,\"name\":\"J\u00e9r\u00e9my Lamontagne\"}]},{\"@type\":\"WebSite\",\"@id\":\"https:\/\/lpvs.uqo.ca\/#website\",\"url\":\"https:\/\/lpvs.uqo.ca\/\",\"name\":\"Laboratoire de Perception Visuelle et Social\",\"description\":\"Universit\u00e9 du Qu\u00e9bec en Outaouais\",\"potentialAction\":[{\"@type\":\"SearchAction\",\"target\":{\"@type\":\"EntryPoint\",\"urlTemplate\":\"https:\/\/lpvs.uqo.ca\/?s={search_term_string}\"},\"query-input\":{\"@type\":\"PropertyValueSpecification\",\"valueRequired\":true,\"valueName\":\"search_term_string\"}}],\"inLanguage\":\"en-US\"}]}<\/script>\n<!-- \/ Yoast SEO plugin. -->","yoast_head_json":{"title":"J\u00e9r\u00e9my Lamontagne - LPVS-UQO","robots":{"index":"index","follow":"follow","max-snippet":"max-snippet:-1","max-image-preview":"max-image-preview:large","max-video-preview":"max-video-preview:-1"},"canonical":"https:\/\/lpvs.uqo.ca\/equipe\/candidats-au-doctorat\/jeremy-lamontagne\/","og_locale":"en_US","og_type":"article","og_title":"J\u00e9r\u00e9my Lamontagne - LPVS-UQO","og_description":"PhD candidate in Psychology D\u00e9partement de psychologie et psycho\u00e9ducation,\u00a0UQO uOttawa entrance scholarship uOttawa Merit Scholarship Recipient of NSERC\u2019s Undergraduate Student Research Award Recipient of the Research Scholarship FRQNT (B1X) Research interests: Honour thesis: The N250 as an index of visual information extraction in faces. Details: Email: lamj54@uqo.ca","og_url":"https:\/\/lpvs.uqo.ca\/equipe\/candidats-au-doctorat\/jeremy-lamontagne\/","og_site_name":"LPVS-UQO","article_modified_time":"2025-10-31T12:41:30+00:00","og_image":[{"url":"https:\/\/lpvs.uqo.ca\/wp-content\/uploads\/2023\/05\/IMG_6638.jpeg","width":1,"height":1,"type":"image\/jpeg"}],"twitter_card":"summary_large_image","twitter_misc":{"Est. reading time":"1 minute"},"schema":{"@context":"https:\/\/schema.org","@graph":[{"@type":"WebPage","@id":"https:\/\/lpvs.uqo.ca\/equipe\/candidats-au-doctorat\/jeremy-lamontagne\/","url":"https:\/\/lpvs.uqo.ca\/equipe\/candidats-au-doctorat\/jeremy-lamontagne\/","name":"J\u00e9r\u00e9my Lamontagne - LPVS-UQO","isPartOf":{"@id":"https:\/\/lpvs.uqo.ca\/#website"},"primaryImageOfPage":{"@id":"https:\/\/lpvs.uqo.ca\/equipe\/candidats-au-doctorat\/jeremy-lamontagne\/#primaryimage"},"image":{"@id":"https:\/\/lpvs.uqo.ca\/equipe\/candidats-au-doctorat\/jeremy-lamontagne\/#primaryimage"},"thumbnailUrl":"https:\/\/lpvs.uqo.ca\/wp-content\/uploads\/2023\/05\/IMG_6638.jpeg","datePublished":"2022-03-13T19:51:44+00:00","dateModified":"2025-10-31T12:41:30+00:00","breadcrumb":{"@id":"https:\/\/lpvs.uqo.ca\/equipe\/candidats-au-doctorat\/jeremy-lamontagne\/#breadcrumb"},"inLanguage":"en-US","potentialAction":[{"@type":"ReadAction","target":["https:\/\/lpvs.uqo.ca\/equipe\/candidats-au-doctorat\/jeremy-lamontagne\/"]}]},{"@type":"ImageObject","inLanguage":"en-US","@id":"https:\/\/lpvs.uqo.ca\/equipe\/candidats-au-doctorat\/jeremy-lamontagne\/#primaryimage","url":"https:\/\/lpvs.uqo.ca\/wp-content\/uploads\/2023\/05\/IMG_6638.jpeg","contentUrl":"https:\/\/lpvs.uqo.ca\/wp-content\/uploads\/2023\/05\/IMG_6638.jpeg"},{"@type":"BreadcrumbList","@id":"https:\/\/lpvs.uqo.ca\/equipe\/candidats-au-doctorat\/jeremy-lamontagne\/#breadcrumb","itemListElement":[{"@type":"ListItem","position":1,"name":"Accueil","item":"https:\/\/lpvs.uqo.ca\/"},{"@type":"ListItem","position":2,"name":"\u00c9quipe","item":"https:\/\/lpvs.uqo.ca\/equipe\/"},{"@type":"ListItem","position":3,"name":"\u00c9tudiant\u00b7es au Ph.D.","item":"https:\/\/lpvs.uqo.ca\/equipe\/candidats-au-doctorat\/"},{"@type":"ListItem","position":4,"name":"J\u00e9r\u00e9my Lamontagne"}]},{"@type":"WebSite","@id":"https:\/\/lpvs.uqo.ca\/#website","url":"https:\/\/lpvs.uqo.ca\/","name":"Laboratoire de Perception Visuelle et Social","description":"Universit\u00e9 du Qu\u00e9bec en Outaouais","potentialAction":[{"@type":"SearchAction","target":{"@type":"EntryPoint","urlTemplate":"https:\/\/lpvs.uqo.ca\/?s={search_term_string}"},"query-input":{"@type":"PropertyValueSpecification","valueRequired":true,"valueName":"search_term_string"}}],"inLanguage":"en-US"}]}},"_links":{"self":[{"href":"https:\/\/lpvs.uqo.ca\/en\/wp-json\/wp\/v2\/pages\/2778","targetHints":{"allow":["GET"]}}],"collection":[{"href":"https:\/\/lpvs.uqo.ca\/en\/wp-json\/wp\/v2\/pages"}],"about":[{"href":"https:\/\/lpvs.uqo.ca\/en\/wp-json\/wp\/v2\/types\/page"}],"author":[{"embeddable":true,"href":"https:\/\/lpvs.uqo.ca\/en\/wp-json\/wp\/v2\/users\/1"}],"replies":[{"embeddable":true,"href":"https:\/\/lpvs.uqo.ca\/en\/wp-json\/wp\/v2\/comments?post=2778"}],"version-history":[{"count":7,"href":"https:\/\/lpvs.uqo.ca\/en\/wp-json\/wp\/v2\/pages\/2778\/revisions"}],"predecessor-version":[{"id":3665,"href":"https:\/\/lpvs.uqo.ca\/en\/wp-json\/wp\/v2\/pages\/2778\/revisions\/3665"}],"up":[{"embeddable":true,"href":"https:\/\/lpvs.uqo.ca\/en\/wp-json\/wp\/v2\/pages\/784"}],"wp:featuredmedia":[{"embeddable":true,"href":"https:\/\/lpvs.uqo.ca\/en\/wp-json\/wp\/v2\/media\/3001"}],"wp:attachment":[{"href":"https:\/\/lpvs.uqo.ca\/en\/wp-json\/wp\/v2\/media?parent=2778"}],"curies":[{"name":"wp","href":"https:\/\/api.w.org\/{rel}","templated":true}]}}