{"id":2785,"date":"2022-03-30T14:55:24","date_gmt":"2022-03-30T18:55:24","guid":{"rendered":"http:\/\/lpvs-uqo.ca\/?page_id=2785"},"modified":"2025-10-29T21:09:58","modified_gmt":"2025-10-30T01:09:58","slug":"stagiaires-post-doctorants","status":"publish","type":"page","link":"https:\/\/lpvs.uqo.ca\/en\/equipe\/stagiaires-post-doctorants\/","title":{"rendered":"Interns\/Post-doctoral fellows"},"content":{"rendered":"<div id=\"pl-2785\"  class=\"panel-layout\" ><div id=\"pg-2785-0\"  class=\"panel-grid panel-no-style\" ><div id=\"pgc-2785-0-0\"  class=\"panel-grid-cell\" ><div id=\"panel-2785-0-0-0\" class=\"so-panel widget widget_siteorigin-panels-postloop panel-first-child panel-last-child\" data-index=\"0\" >\n<div class=\"ultra-left-thumb-loop\">\n\t<article id=\"post-3535\" class=\"featured-image post-3535 page type-page status-publish has-post-thumbnail hentry\">\n\t\t\t\t\t<div class=\"entry-thumbnail\">\n\t\t\t\t<a href=\"https:\/\/lpvs.uqo.ca\/en\/equipe\/stagiaires-post-doctorants\/penelope-pelland-goulet\/\" title=\"(Fran\u00e7ais) P\u00e9n\u00e9lope Pelland-Goulet\">\n\t\t\t\t\t<img loading=\"lazy\" decoding=\"async\" width=\"1080\" height=\"2088\" src=\"https:\/\/lpvs.uqo.ca\/wp-content\/uploads\/2025\/10\/penelope.jpg\" class=\"attachment-post-thumbnail size-post-thumbnail wp-post-image\" alt=\"\" srcset=\"https:\/\/lpvs.uqo.ca\/wp-content\/uploads\/2025\/10\/penelope.jpg 1080w, https:\/\/lpvs.uqo.ca\/wp-content\/uploads\/2025\/10\/penelope-155x300.jpg 155w, https:\/\/lpvs.uqo.ca\/wp-content\/uploads\/2025\/10\/penelope-530x1024.jpg 530w, https:\/\/lpvs.uqo.ca\/wp-content\/uploads\/2025\/10\/penelope-768x1485.jpg 768w, https:\/\/lpvs.uqo.ca\/wp-content\/uploads\/2025\/10\/penelope-794x1536.jpg 794w, https:\/\/lpvs.uqo.ca\/wp-content\/uploads\/2025\/10\/penelope-1059x2048.jpg 1059w\" sizes=\"auto, (max-width: 1080px) 100vw, 1080px\" \/>\t\t\t\t<\/a>\n\t\t\t<\/div>\n\t\t\t\t<header class=\"entry-header\">\n\t\t\t<h2 class=\"entry-title\"><a href=\"https:\/\/lpvs.uqo.ca\/en\/equipe\/stagiaires-post-doctorants\/penelope-pelland-goulet\/\" rel=\"bookmark\">(Fran\u00e7ais) P\u00e9n\u00e9lope Pelland-Goulet<\/a><\/h2>\n\t\t\t\t\t<\/header><!-- .entry-header -->\n\n\t\t<div class=\"entry-content\">\n\t\t\t<p class=\"qtranxs-available-languages-message qtranxs-available-languages-message-en\">Sorry, this entry is only available in <a href=\"https:\/\/lpvs.uqo.ca\/fr\/wp-json\/wp\/v2\/pages\/2785\" class=\"qtranxs-available-language-link qtranxs-available-language-link-fr\" title=\"Fran\u00e7ais\">Fran\u00e7ais<\/a>.<\/p>\n\n\t\t\t\t\t<\/div><!-- .entry-content -->\n\n\t\t<div class=\"clear\"><\/div>\n\n\t\t<footer class=\"entry-footer\">\n\t\t\t\t\t<\/footer><!-- .entry-footer -->\n\n\t<\/article><!-- #post-## -->\n\n\t\n\t<\/div><!-- .ultra-left-thumb-loop -->\n\n\t\n<\/div><\/div><\/div><\/div>","protected":false},"excerpt":{"rendered":"","protected":false},"author":1,"featured_media":0,"parent":15,"menu_order":0,"comment_status":"closed","ping_status":"closed","template":"","meta":{"footnotes":""},"class_list":["post-2785","page","type-page","status-publish","hentry"],"yoast_head":"<!-- This site is optimized with the Yoast SEO plugin v26.1.1 - https:\/\/yoast.com\/wordpress\/plugins\/seo\/ -->\n<title>Interns\/Post-doctoral fellows - LPVS-UQO<\/title>\n<meta name=\"robots\" content=\"index, follow, max-snippet:-1, max-image-preview:large, max-video-preview:-1\" \/>\n<link rel=\"canonical\" href=\"https:\/\/lpvs.uqo.ca\/equipe\/stagiaires-post-doctorants\/\" \/>\n<meta property=\"og:locale\" content=\"en_US\" \/>\n<meta property=\"og:type\" content=\"article\" \/>\n<meta property=\"og:title\" content=\"[:fr]Post-doctorant\u00b7es[:en]Interns\/Post-doctoral fellows[:] - LPVS-UQO\" \/>\n<meta property=\"og:url\" content=\"https:\/\/lpvs.uqo.ca\/equipe\/stagiaires-post-doctorants\/\" \/>\n<meta property=\"og:site_name\" content=\"LPVS-UQO\" \/>\n<meta property=\"article:modified_time\" content=\"2025-10-30T01:09:58+00:00\" \/>\n<meta name=\"twitter:card\" content=\"summary_large_image\" \/>\n<script type=\"application\/ld+json\" class=\"yoast-schema-graph\">{\"@context\":\"https:\/\/schema.org\",\"@graph\":[{\"@type\":\"WebPage\",\"@id\":\"https:\/\/lpvs.uqo.ca\/equipe\/stagiaires-post-doctorants\/\",\"url\":\"https:\/\/lpvs.uqo.ca\/equipe\/stagiaires-post-doctorants\/\",\"name\":\"[:fr]Post-doctorant\u00b7es[:en]Interns\/Post-doctoral fellows[:] - LPVS-UQO\",\"isPartOf\":{\"@id\":\"https:\/\/lpvs.uqo.ca\/#website\"},\"datePublished\":\"2022-03-30T18:55:24+00:00\",\"dateModified\":\"2025-10-30T01:09:58+00:00\",\"breadcrumb\":{\"@id\":\"https:\/\/lpvs.uqo.ca\/equipe\/stagiaires-post-doctorants\/#breadcrumb\"},\"inLanguage\":\"en-US\",\"potentialAction\":[{\"@type\":\"ReadAction\",\"target\":[\"https:\/\/lpvs.uqo.ca\/equipe\/stagiaires-post-doctorants\/\"]}]},{\"@type\":\"BreadcrumbList\",\"@id\":\"https:\/\/lpvs.uqo.ca\/equipe\/stagiaires-post-doctorants\/#breadcrumb\",\"itemListElement\":[{\"@type\":\"ListItem\",\"position\":1,\"name\":\"Accueil\",\"item\":\"https:\/\/lpvs.uqo.ca\/\"},{\"@type\":\"ListItem\",\"position\":2,\"name\":\"\u00c9quipe\",\"item\":\"https:\/\/lpvs.uqo.ca\/equipe\/\"},{\"@type\":\"ListItem\",\"position\":3,\"name\":\"Post-doctorant\u00b7es\"}]},{\"@type\":\"WebSite\",\"@id\":\"https:\/\/lpvs.uqo.ca\/#website\",\"url\":\"https:\/\/lpvs.uqo.ca\/\",\"name\":\"Laboratoire de Perception Visuelle et Social\",\"description\":\"Universit\u00e9 du Qu\u00e9bec en Outaouais\",\"potentialAction\":[{\"@type\":\"SearchAction\",\"target\":{\"@type\":\"EntryPoint\",\"urlTemplate\":\"https:\/\/lpvs.uqo.ca\/?s={search_term_string}\"},\"query-input\":{\"@type\":\"PropertyValueSpecification\",\"valueRequired\":true,\"valueName\":\"search_term_string\"}}],\"inLanguage\":\"en-US\"}]}<\/script>\n<!-- \/ Yoast SEO plugin. -->","yoast_head_json":{"title":"[:fr]Post-doctorant\u00b7es[:en]Interns\/Post-doctoral fellows[:] - LPVS-UQO","robots":{"index":"index","follow":"follow","max-snippet":"max-snippet:-1","max-image-preview":"max-image-preview:large","max-video-preview":"max-video-preview:-1"},"canonical":"https:\/\/lpvs.uqo.ca\/equipe\/stagiaires-post-doctorants\/","og_locale":"en_US","og_type":"article","og_title":"[:fr]Post-doctorant\u00b7es[:en]Interns\/Post-doctoral fellows[:] - LPVS-UQO","og_url":"https:\/\/lpvs.uqo.ca\/equipe\/stagiaires-post-doctorants\/","og_site_name":"LPVS-UQO","article_modified_time":"2025-10-30T01:09:58+00:00","twitter_card":"summary_large_image","schema":{"@context":"https:\/\/schema.org","@graph":[{"@type":"WebPage","@id":"https:\/\/lpvs.uqo.ca\/equipe\/stagiaires-post-doctorants\/","url":"https:\/\/lpvs.uqo.ca\/equipe\/stagiaires-post-doctorants\/","name":"[:fr]Post-doctorant\u00b7es[:en]Interns\/Post-doctoral fellows[:] - LPVS-UQO","isPartOf":{"@id":"https:\/\/lpvs.uqo.ca\/#website"},"datePublished":"2022-03-30T18:55:24+00:00","dateModified":"2025-10-30T01:09:58+00:00","breadcrumb":{"@id":"https:\/\/lpvs.uqo.ca\/equipe\/stagiaires-post-doctorants\/#breadcrumb"},"inLanguage":"en-US","potentialAction":[{"@type":"ReadAction","target":["https:\/\/lpvs.uqo.ca\/equipe\/stagiaires-post-doctorants\/"]}]},{"@type":"BreadcrumbList","@id":"https:\/\/lpvs.uqo.ca\/equipe\/stagiaires-post-doctorants\/#breadcrumb","itemListElement":[{"@type":"ListItem","position":1,"name":"Accueil","item":"https:\/\/lpvs.uqo.ca\/"},{"@type":"ListItem","position":2,"name":"\u00c9quipe","item":"https:\/\/lpvs.uqo.ca\/equipe\/"},{"@type":"ListItem","position":3,"name":"Post-doctorant\u00b7es"}]},{"@type":"WebSite","@id":"https:\/\/lpvs.uqo.ca\/#website","url":"https:\/\/lpvs.uqo.ca\/","name":"Laboratoire de Perception Visuelle et Social","description":"Universit\u00e9 du Qu\u00e9bec en Outaouais","potentialAction":[{"@type":"SearchAction","target":{"@type":"EntryPoint","urlTemplate":"https:\/\/lpvs.uqo.ca\/?s={search_term_string}"},"query-input":{"@type":"PropertyValueSpecification","valueRequired":true,"valueName":"search_term_string"}}],"inLanguage":"en-US"}]}},"_links":{"self":[{"href":"https:\/\/lpvs.uqo.ca\/en\/wp-json\/wp\/v2\/pages\/2785","targetHints":{"allow":["GET"]}}],"collection":[{"href":"https:\/\/lpvs.uqo.ca\/en\/wp-json\/wp\/v2\/pages"}],"about":[{"href":"https:\/\/lpvs.uqo.ca\/en\/wp-json\/wp\/v2\/types\/page"}],"author":[{"embeddable":true,"href":"https:\/\/lpvs.uqo.ca\/en\/wp-json\/wp\/v2\/users\/1"}],"replies":[{"embeddable":true,"href":"https:\/\/lpvs.uqo.ca\/en\/wp-json\/wp\/v2\/comments?post=2785"}],"version-history":[{"count":19,"href":"https:\/\/lpvs.uqo.ca\/en\/wp-json\/wp\/v2\/pages\/2785\/revisions"}],"predecessor-version":[{"id":3563,"href":"https:\/\/lpvs.uqo.ca\/en\/wp-json\/wp\/v2\/pages\/2785\/revisions\/3563"}],"up":[{"embeddable":true,"href":"https:\/\/lpvs.uqo.ca\/en\/wp-json\/wp\/v2\/pages\/15"}],"wp:attachment":[{"href":"https:\/\/lpvs.uqo.ca\/en\/wp-json\/wp\/v2\/media?parent=2785"}],"curies":[{"name":"wp","href":"https:\/\/api.w.org\/{rel}","templated":true}]}}