{"id":2937,"date":"2022-10-14T15:23:45","date_gmt":"2022-10-14T19:23:45","guid":{"rendered":"http:\/\/lpvs-uqo.ca\/?page_id=2937"},"modified":"2023-06-14T10:56:46","modified_gmt":"2023-06-14T14:56:46","slug":"capsules-de-vulgarisation","status":"publish","type":"page","link":"https:\/\/lpvs.uqo.ca\/en\/capsules-de-vulgarisation\/","title":{"rendered":"Educational video capsules"},"content":{"rendered":"<div id=\"pl-2937\"  class=\"panel-layout\" ><div id=\"pg-2937-0\"  class=\"panel-grid panel-no-style\" ><div id=\"pgc-2937-0-0\"  class=\"panel-grid-cell\" ><div id=\"panel-2937-0-0-0\" class=\"so-panel widget widget_siteorigin-panels-postloop panel-first-child panel-last-child\" data-index=\"0\" >\n<div class=\"ultra-left-thumb-loop\">\n\t<article id=\"post-2942\" class=\"post-2942 page type-page status-publish hentry\">\n\t\t\t\t<header class=\"entry-header\">\n\t\t\t\n\t\t\t\t\t<\/header><!-- .entry-header -->\n\n\t\t<div class=\"entry-content\">\n\t\t\t<p>2023<\/p>\n<blockquote><p><strong>Verbal communication of pain: Towards a more effective process for more appropriate care<\/strong><br \/>\nS\u00c9N\u00c9CAL, Daphn\u00e9e ; PLOUFFE-DEMERS, Marie-Pier ; GINGRAS, Francis ; DESJARDINS, Marie-Claude<br \/>\n<a href=\"https:\/\/uqoca-my.sharepoint.com\/:v:\/g\/personal\/cotl11_uqo_ca\/EXYAuI9LFzRAoZxsHld7yqgBlldc4oHhGglHdpg7BWmkIg?e=V9tFhp\">SQRP2022_Vulgarisation_Douleur_LPVS.mp4<\/a><\/p><\/blockquote>\n<p>2022<\/p>\n<blockquote><p><strong>Cultural differences in perception of objects<\/strong><br \/>\nCOUSINEAU, Alexandre ; GINGRAS, Francis<br \/>\n<a href=\"https:\/\/www.youtube.com\/watch?v=IUEV0KrIZEY\">https:\/\/www.youtube.com\/watch?v=IUEV0KrIZEY<\/a><\/p><\/blockquote>\n<blockquote>\n<p class=\"font_6 wixui-rich-text__text\"><strong>Discrimination of different pain levels by facial ethnicity<\/strong><\/p>\n<p><span class=\"wixui-rich-text__text\">Diego Leblanc, Marie-Pier Plouffe-Demers, Camille Saumure, Gabrielle Dugas, \u00c9milie St-Pierre, Danielle Samson, Daniel Fiset &amp; Caroline Blais (2022)<\/span><br \/>\n<a href=\"https:\/\/drive.google.com\/file\/d\/1UajGxuIfn22YMgMntyUqf1PUWJzqSgKD\/view\">https:\/\/drive.google.com\/file\/d\/1UajGxuIfn22YMgMntyUqf1PUWJzqSgKD\/view<\/a><\/p><\/blockquote>\n<p>2021<\/p>\n<blockquote><p><strong>The impact of the cultural environment on pain perception<\/strong><br \/>\nSAMSON, Danielle ; PLOUFFE-DEMERS, Marie-Pier ; SAUMURE, Camille<br \/>\n<a href=\"https:\/\/www.youtube.com\/watch?v=amAsnLfCoKQ\">https:\/\/www.youtube.com\/watch?v=amAsnLfCoKQ<\/a><\/p><\/blockquote>\n\n\t\t\t\t\t<\/div><!-- .entry-content -->\n\n\t\t<div class=\"clear\"><\/div>\n\n\t\t<footer class=\"entry-footer\">\n\t\t\t\t\t<\/footer><!-- .entry-footer -->\n\n\t<\/article><!-- #post-## -->\n\n\t\n\t<\/div><!-- .ultra-left-thumb-loop -->\n\n\t\n<\/div><\/div><\/div><\/div>","protected":false},"excerpt":{"rendered":"","protected":false},"author":1,"featured_media":0,"parent":0,"menu_order":0,"comment_status":"closed","ping_status":"closed","template":"","meta":{"footnotes":""},"class_list":["post-2937","page","type-page","status-publish","hentry"],"yoast_head":"<!-- This site is optimized with the Yoast SEO plugin v26.1.1 - https:\/\/yoast.com\/wordpress\/plugins\/seo\/ -->\n<title>Educational video capsules - LPVS-UQO<\/title>\n<meta name=\"robots\" content=\"index, follow, max-snippet:-1, max-image-preview:large, max-video-preview:-1\" \/>\n<link rel=\"canonical\" href=\"https:\/\/lpvs.uqo.ca\/capsules-de-vulgarisation\/\" \/>\n<meta property=\"og:locale\" content=\"en_US\" \/>\n<meta property=\"og:type\" content=\"article\" \/>\n<meta property=\"og:title\" content=\"[:fr]Capsules de vulgarisation[:en]Educational video capsules[:] - LPVS-UQO\" \/>\n<meta property=\"og:url\" content=\"https:\/\/lpvs.uqo.ca\/capsules-de-vulgarisation\/\" \/>\n<meta property=\"og:site_name\" content=\"LPVS-UQO\" \/>\n<meta property=\"article:modified_time\" content=\"2023-06-14T14:56:46+00:00\" \/>\n<meta name=\"twitter:card\" content=\"summary_large_image\" \/>\n<script type=\"application\/ld+json\" class=\"yoast-schema-graph\">{\"@context\":\"https:\/\/schema.org\",\"@graph\":[{\"@type\":\"WebPage\",\"@id\":\"https:\/\/lpvs.uqo.ca\/capsules-de-vulgarisation\/\",\"url\":\"https:\/\/lpvs.uqo.ca\/capsules-de-vulgarisation\/\",\"name\":\"[:fr]Capsules de vulgarisation[:en]Educational video capsules[:] - LPVS-UQO\",\"isPartOf\":{\"@id\":\"https:\/\/lpvs.uqo.ca\/#website\"},\"datePublished\":\"2022-10-14T19:23:45+00:00\",\"dateModified\":\"2023-06-14T14:56:46+00:00\",\"breadcrumb\":{\"@id\":\"https:\/\/lpvs.uqo.ca\/capsules-de-vulgarisation\/#breadcrumb\"},\"inLanguage\":\"en-US\",\"potentialAction\":[{\"@type\":\"ReadAction\",\"target\":[\"https:\/\/lpvs.uqo.ca\/capsules-de-vulgarisation\/\"]}]},{\"@type\":\"BreadcrumbList\",\"@id\":\"https:\/\/lpvs.uqo.ca\/capsules-de-vulgarisation\/#breadcrumb\",\"itemListElement\":[{\"@type\":\"ListItem\",\"position\":1,\"name\":\"Accueil\",\"item\":\"https:\/\/lpvs.uqo.ca\/\"},{\"@type\":\"ListItem\",\"position\":2,\"name\":\"Capsules de vulgarisation\"}]},{\"@type\":\"WebSite\",\"@id\":\"https:\/\/lpvs.uqo.ca\/#website\",\"url\":\"https:\/\/lpvs.uqo.ca\/\",\"name\":\"Laboratoire de Perception Visuelle et Social\",\"description\":\"Universit\u00e9 du Qu\u00e9bec en Outaouais\",\"potentialAction\":[{\"@type\":\"SearchAction\",\"target\":{\"@type\":\"EntryPoint\",\"urlTemplate\":\"https:\/\/lpvs.uqo.ca\/?s={search_term_string}\"},\"query-input\":{\"@type\":\"PropertyValueSpecification\",\"valueRequired\":true,\"valueName\":\"search_term_string\"}}],\"inLanguage\":\"en-US\"}]}<\/script>\n<!-- \/ Yoast SEO plugin. -->","yoast_head_json":{"title":"[:fr]Capsules de vulgarisation[:en]Educational video capsules[:] - LPVS-UQO","robots":{"index":"index","follow":"follow","max-snippet":"max-snippet:-1","max-image-preview":"max-image-preview:large","max-video-preview":"max-video-preview:-1"},"canonical":"https:\/\/lpvs.uqo.ca\/capsules-de-vulgarisation\/","og_locale":"en_US","og_type":"article","og_title":"[:fr]Capsules de vulgarisation[:en]Educational video capsules[:] - LPVS-UQO","og_url":"https:\/\/lpvs.uqo.ca\/capsules-de-vulgarisation\/","og_site_name":"LPVS-UQO","article_modified_time":"2023-06-14T14:56:46+00:00","twitter_card":"summary_large_image","schema":{"@context":"https:\/\/schema.org","@graph":[{"@type":"WebPage","@id":"https:\/\/lpvs.uqo.ca\/capsules-de-vulgarisation\/","url":"https:\/\/lpvs.uqo.ca\/capsules-de-vulgarisation\/","name":"[:fr]Capsules de vulgarisation[:en]Educational video capsules[:] - LPVS-UQO","isPartOf":{"@id":"https:\/\/lpvs.uqo.ca\/#website"},"datePublished":"2022-10-14T19:23:45+00:00","dateModified":"2023-06-14T14:56:46+00:00","breadcrumb":{"@id":"https:\/\/lpvs.uqo.ca\/capsules-de-vulgarisation\/#breadcrumb"},"inLanguage":"en-US","potentialAction":[{"@type":"ReadAction","target":["https:\/\/lpvs.uqo.ca\/capsules-de-vulgarisation\/"]}]},{"@type":"BreadcrumbList","@id":"https:\/\/lpvs.uqo.ca\/capsules-de-vulgarisation\/#breadcrumb","itemListElement":[{"@type":"ListItem","position":1,"name":"Accueil","item":"https:\/\/lpvs.uqo.ca\/"},{"@type":"ListItem","position":2,"name":"Capsules de vulgarisation"}]},{"@type":"WebSite","@id":"https:\/\/lpvs.uqo.ca\/#website","url":"https:\/\/lpvs.uqo.ca\/","name":"Laboratoire de Perception Visuelle et Social","description":"Universit\u00e9 du Qu\u00e9bec en Outaouais","potentialAction":[{"@type":"SearchAction","target":{"@type":"EntryPoint","urlTemplate":"https:\/\/lpvs.uqo.ca\/?s={search_term_string}"},"query-input":{"@type":"PropertyValueSpecification","valueRequired":true,"valueName":"search_term_string"}}],"inLanguage":"en-US"}]}},"_links":{"self":[{"href":"https:\/\/lpvs.uqo.ca\/en\/wp-json\/wp\/v2\/pages\/2937","targetHints":{"allow":["GET"]}}],"collection":[{"href":"https:\/\/lpvs.uqo.ca\/en\/wp-json\/wp\/v2\/pages"}],"about":[{"href":"https:\/\/lpvs.uqo.ca\/en\/wp-json\/wp\/v2\/types\/page"}],"author":[{"embeddable":true,"href":"https:\/\/lpvs.uqo.ca\/en\/wp-json\/wp\/v2\/users\/1"}],"replies":[{"embeddable":true,"href":"https:\/\/lpvs.uqo.ca\/en\/wp-json\/wp\/v2\/comments?post=2937"}],"version-history":[{"count":4,"href":"https:\/\/lpvs.uqo.ca\/en\/wp-json\/wp\/v2\/pages\/2937\/revisions"}],"predecessor-version":[{"id":3055,"href":"https:\/\/lpvs.uqo.ca\/en\/wp-json\/wp\/v2\/pages\/2937\/revisions\/3055"}],"wp:attachment":[{"href":"https:\/\/lpvs.uqo.ca\/en\/wp-json\/wp\/v2\/media?parent=2937"}],"curies":[{"name":"wp","href":"https:\/\/api.w.org\/{rel}","templated":true}]}}