{"id":3281,"date":"2024-04-28T06:54:33","date_gmt":"2024-04-28T10:54:33","guid":{"rendered":"http:\/\/lpvs-uqo.ca\/?page_id=3281"},"modified":"2025-10-30T12:04:26","modified_gmt":"2025-10-30T16:04:26","slug":"michele-berthaud","status":"publish","type":"page","link":"https:\/\/lpvs.uqo.ca\/en\/equipe\/etudiants-d-ps\/michele-berthaud\/","title":{"rendered":"Mich\u00e8le Berthaud"},"content":{"rendered":"<p><\/p>\n<div><b>Honor thesis student<\/b><br \/>\n<b><strong>Undergraduate student<\/strong><br \/>\n<\/b><a href=\"http:\/\/uqo.ca\/dep\/psychoeducation-psychologie\">D\u00e9partement de psychologie et psycho\u00e9ducation<\/a>,\u00a0<a href=\"http:\/\/uqo.ca\/\">UQO<\/a><\/div>\n<div>Recipient of SSHRC\u2019s Undergraduate Student Research Award<\/div>\n<div>\n<blockquote><p><strong>Details:<br \/>\n<\/strong>Email: micm32@uqo.ca<\/p><\/blockquote>\n<\/div>\n<p><\/p>","protected":false},"excerpt":{"rendered":"<p>Honor thesis student Undergraduate student D\u00e9partement de psychologie et psycho\u00e9ducation,\u00a0UQO Recipient of SSHRC\u2019s Undergraduate Student Research Award Details: Email: micm32@uqo.ca<\/p>\n","protected":false},"author":1,"featured_media":3282,"parent":1584,"menu_order":0,"comment_status":"closed","ping_status":"closed","template":"","meta":{"footnotes":""},"class_list":["post-3281","page","type-page","status-publish","has-post-thumbnail","hentry"],"yoast_head":"<!-- This site is optimized with the Yoast SEO plugin v26.1.1 - https:\/\/yoast.com\/wordpress\/plugins\/seo\/ -->\n<title>Mich\u00e8le Berthaud - LPVS-UQO<\/title>\n<meta name=\"robots\" content=\"index, follow, max-snippet:-1, max-image-preview:large, max-video-preview:-1\" \/>\n<link rel=\"canonical\" href=\"https:\/\/lpvs.uqo.ca\/equipe\/etudiants-d-ps\/michele-berthaud\/\" \/>\n<meta property=\"og:locale\" content=\"en_US\" \/>\n<meta property=\"og:type\" content=\"article\" \/>\n<meta property=\"og:title\" content=\"Mich\u00e8le Berthaud - LPVS-UQO\" \/>\n<meta property=\"og:description\" content=\"Honor thesis student Undergraduate student D\u00e9partement de psychologie et psycho\u00e9ducation,\u00a0UQO Recipient of SSHRC\u2019s Undergraduate Student Research Award Details: Email: micm32@uqo.ca\" \/>\n<meta property=\"og:url\" content=\"https:\/\/lpvs.uqo.ca\/equipe\/etudiants-d-ps\/michele-berthaud\/\" \/>\n<meta property=\"og:site_name\" content=\"LPVS-UQO\" \/>\n<meta property=\"article:modified_time\" content=\"2025-10-30T16:04:26+00:00\" \/>\n<meta property=\"og:image\" content=\"https:\/\/lpvs.uqo.ca\/wp-content\/uploads\/2024\/04\/image_50429441.jpg\" \/>\n\t<meta property=\"og:image:width\" content=\"1\" \/>\n\t<meta property=\"og:image:height\" content=\"1\" \/>\n\t<meta property=\"og:image:type\" content=\"image\/jpeg\" \/>\n<meta name=\"twitter:card\" content=\"summary_large_image\" \/>\n<meta name=\"twitter:label1\" content=\"Est. reading time\" \/>\n\t<meta name=\"twitter:data1\" content=\"1 minute\" \/>\n<script type=\"application\/ld+json\" class=\"yoast-schema-graph\">{\"@context\":\"https:\/\/schema.org\",\"@graph\":[{\"@type\":\"WebPage\",\"@id\":\"https:\/\/lpvs.uqo.ca\/equipe\/etudiants-d-ps\/michele-berthaud\/\",\"url\":\"https:\/\/lpvs.uqo.ca\/equipe\/etudiants-d-ps\/michele-berthaud\/\",\"name\":\"Mich\u00e8le Berthaud - LPVS-UQO\",\"isPartOf\":{\"@id\":\"https:\/\/lpvs.uqo.ca\/#website\"},\"primaryImageOfPage\":{\"@id\":\"https:\/\/lpvs.uqo.ca\/equipe\/etudiants-d-ps\/michele-berthaud\/#primaryimage\"},\"image\":{\"@id\":\"https:\/\/lpvs.uqo.ca\/equipe\/etudiants-d-ps\/michele-berthaud\/#primaryimage\"},\"thumbnailUrl\":\"https:\/\/lpvs.uqo.ca\/wp-content\/uploads\/2024\/04\/image_50429441.jpg\",\"datePublished\":\"2024-04-28T10:54:33+00:00\",\"dateModified\":\"2025-10-30T16:04:26+00:00\",\"breadcrumb\":{\"@id\":\"https:\/\/lpvs.uqo.ca\/equipe\/etudiants-d-ps\/michele-berthaud\/#breadcrumb\"},\"inLanguage\":\"en-US\",\"potentialAction\":[{\"@type\":\"ReadAction\",\"target\":[\"https:\/\/lpvs.uqo.ca\/equipe\/etudiants-d-ps\/michele-berthaud\/\"]}]},{\"@type\":\"ImageObject\",\"inLanguage\":\"en-US\",\"@id\":\"https:\/\/lpvs.uqo.ca\/equipe\/etudiants-d-ps\/michele-berthaud\/#primaryimage\",\"url\":\"https:\/\/lpvs.uqo.ca\/wp-content\/uploads\/2024\/04\/image_50429441.jpg\",\"contentUrl\":\"https:\/\/lpvs.uqo.ca\/wp-content\/uploads\/2024\/04\/image_50429441.jpg\"},{\"@type\":\"BreadcrumbList\",\"@id\":\"https:\/\/lpvs.uqo.ca\/equipe\/etudiants-d-ps\/michele-berthaud\/#breadcrumb\",\"itemListElement\":[{\"@type\":\"ListItem\",\"position\":1,\"name\":\"Accueil\",\"item\":\"https:\/\/lpvs.uqo.ca\/\"},{\"@type\":\"ListItem\",\"position\":2,\"name\":\"\u00c9quipe\",\"item\":\"https:\/\/lpvs.uqo.ca\/equipe\/\"},{\"@type\":\"ListItem\",\"position\":3,\"name\":\"\u00c9tudiant\u00b7es au D.Psy.\",\"item\":\"https:\/\/lpvs.uqo.ca\/equipe\/etudiants-d-ps\/\"},{\"@type\":\"ListItem\",\"position\":4,\"name\":\"Mich\u00e8le Berthaud\"}]},{\"@type\":\"WebSite\",\"@id\":\"https:\/\/lpvs.uqo.ca\/#website\",\"url\":\"https:\/\/lpvs.uqo.ca\/\",\"name\":\"Laboratoire de Perception Visuelle et Social\",\"description\":\"Universit\u00e9 du Qu\u00e9bec en Outaouais\",\"potentialAction\":[{\"@type\":\"SearchAction\",\"target\":{\"@type\":\"EntryPoint\",\"urlTemplate\":\"https:\/\/lpvs.uqo.ca\/?s={search_term_string}\"},\"query-input\":{\"@type\":\"PropertyValueSpecification\",\"valueRequired\":true,\"valueName\":\"search_term_string\"}}],\"inLanguage\":\"en-US\"}]}<\/script>\n<!-- \/ Yoast SEO plugin. -->","yoast_head_json":{"title":"Mich\u00e8le Berthaud - LPVS-UQO","robots":{"index":"index","follow":"follow","max-snippet":"max-snippet:-1","max-image-preview":"max-image-preview:large","max-video-preview":"max-video-preview:-1"},"canonical":"https:\/\/lpvs.uqo.ca\/equipe\/etudiants-d-ps\/michele-berthaud\/","og_locale":"en_US","og_type":"article","og_title":"Mich\u00e8le Berthaud - LPVS-UQO","og_description":"Honor thesis student Undergraduate student D\u00e9partement de psychologie et psycho\u00e9ducation,\u00a0UQO Recipient of SSHRC\u2019s Undergraduate Student Research Award Details: Email: micm32@uqo.ca","og_url":"https:\/\/lpvs.uqo.ca\/equipe\/etudiants-d-ps\/michele-berthaud\/","og_site_name":"LPVS-UQO","article_modified_time":"2025-10-30T16:04:26+00:00","og_image":[{"url":"https:\/\/lpvs.uqo.ca\/wp-content\/uploads\/2024\/04\/image_50429441.jpg","width":1,"height":1,"type":"image\/jpeg"}],"twitter_card":"summary_large_image","twitter_misc":{"Est. reading time":"1 minute"},"schema":{"@context":"https:\/\/schema.org","@graph":[{"@type":"WebPage","@id":"https:\/\/lpvs.uqo.ca\/equipe\/etudiants-d-ps\/michele-berthaud\/","url":"https:\/\/lpvs.uqo.ca\/equipe\/etudiants-d-ps\/michele-berthaud\/","name":"Mich\u00e8le Berthaud - LPVS-UQO","isPartOf":{"@id":"https:\/\/lpvs.uqo.ca\/#website"},"primaryImageOfPage":{"@id":"https:\/\/lpvs.uqo.ca\/equipe\/etudiants-d-ps\/michele-berthaud\/#primaryimage"},"image":{"@id":"https:\/\/lpvs.uqo.ca\/equipe\/etudiants-d-ps\/michele-berthaud\/#primaryimage"},"thumbnailUrl":"https:\/\/lpvs.uqo.ca\/wp-content\/uploads\/2024\/04\/image_50429441.jpg","datePublished":"2024-04-28T10:54:33+00:00","dateModified":"2025-10-30T16:04:26+00:00","breadcrumb":{"@id":"https:\/\/lpvs.uqo.ca\/equipe\/etudiants-d-ps\/michele-berthaud\/#breadcrumb"},"inLanguage":"en-US","potentialAction":[{"@type":"ReadAction","target":["https:\/\/lpvs.uqo.ca\/equipe\/etudiants-d-ps\/michele-berthaud\/"]}]},{"@type":"ImageObject","inLanguage":"en-US","@id":"https:\/\/lpvs.uqo.ca\/equipe\/etudiants-d-ps\/michele-berthaud\/#primaryimage","url":"https:\/\/lpvs.uqo.ca\/wp-content\/uploads\/2024\/04\/image_50429441.jpg","contentUrl":"https:\/\/lpvs.uqo.ca\/wp-content\/uploads\/2024\/04\/image_50429441.jpg"},{"@type":"BreadcrumbList","@id":"https:\/\/lpvs.uqo.ca\/equipe\/etudiants-d-ps\/michele-berthaud\/#breadcrumb","itemListElement":[{"@type":"ListItem","position":1,"name":"Accueil","item":"https:\/\/lpvs.uqo.ca\/"},{"@type":"ListItem","position":2,"name":"\u00c9quipe","item":"https:\/\/lpvs.uqo.ca\/equipe\/"},{"@type":"ListItem","position":3,"name":"\u00c9tudiant\u00b7es au D.Psy.","item":"https:\/\/lpvs.uqo.ca\/equipe\/etudiants-d-ps\/"},{"@type":"ListItem","position":4,"name":"Mich\u00e8le Berthaud"}]},{"@type":"WebSite","@id":"https:\/\/lpvs.uqo.ca\/#website","url":"https:\/\/lpvs.uqo.ca\/","name":"Laboratoire de Perception Visuelle et Social","description":"Universit\u00e9 du Qu\u00e9bec en Outaouais","potentialAction":[{"@type":"SearchAction","target":{"@type":"EntryPoint","urlTemplate":"https:\/\/lpvs.uqo.ca\/?s={search_term_string}"},"query-input":{"@type":"PropertyValueSpecification","valueRequired":true,"valueName":"search_term_string"}}],"inLanguage":"en-US"}]}},"_links":{"self":[{"href":"https:\/\/lpvs.uqo.ca\/en\/wp-json\/wp\/v2\/pages\/3281","targetHints":{"allow":["GET"]}}],"collection":[{"href":"https:\/\/lpvs.uqo.ca\/en\/wp-json\/wp\/v2\/pages"}],"about":[{"href":"https:\/\/lpvs.uqo.ca\/en\/wp-json\/wp\/v2\/types\/page"}],"author":[{"embeddable":true,"href":"https:\/\/lpvs.uqo.ca\/en\/wp-json\/wp\/v2\/users\/1"}],"replies":[{"embeddable":true,"href":"https:\/\/lpvs.uqo.ca\/en\/wp-json\/wp\/v2\/comments?post=3281"}],"version-history":[{"count":9,"href":"https:\/\/lpvs.uqo.ca\/en\/wp-json\/wp\/v2\/pages\/3281\/revisions"}],"predecessor-version":[{"id":3632,"href":"https:\/\/lpvs.uqo.ca\/en\/wp-json\/wp\/v2\/pages\/3281\/revisions\/3632"}],"up":[{"embeddable":true,"href":"https:\/\/lpvs.uqo.ca\/en\/wp-json\/wp\/v2\/pages\/1584"}],"wp:featuredmedia":[{"embeddable":true,"href":"https:\/\/lpvs.uqo.ca\/en\/wp-json\/wp\/v2\/media\/3282"}],"wp:attachment":[{"href":"https:\/\/lpvs.uqo.ca\/en\/wp-json\/wp\/v2\/media?parent=3281"}],"curies":[{"name":"wp","href":"https:\/\/api.w.org\/{rel}","templated":true}]}}