{"id":3329,"date":"2024-05-18T09:13:10","date_gmt":"2024-05-18T13:13:10","guid":{"rendered":"http:\/\/lpvs-uqo.ca\/?page_id=3329"},"modified":"2024-05-18T09:13:24","modified_gmt":"2024-05-18T13:13:24","slug":"3329-2","status":"publish","type":"page","link":"https:\/\/lpvs.uqo.ca\/en\/publications-2\/posters-abreges\/3329-2\/","title":{"rendered":""},"content":{"rendered":"<p><b>VSS2024 &#8211; Wavelet-based image decomposition affects SSVEP signal amplitude for face identification<\/b><\/p>\n<blockquote><p>Lamontagne, J., C\u00f4t\u00e9, L., Duncan, J., Blais, C., D\u00e9saulniers, \u00c9., &amp; Fiset, D. (2024). Wavelet-based image decomposition affects SSVEP signal amplitude for face identification. <i>Journal of Vision.<\/i><br \/>\n[<a href=\"https:\/\/lpvs.uqo.ca\/wordpress\/wp-content\/uploads\/2024\/05\/Lamontagne_VSS2024.pdf\">PDF<\/a>]<\/p><\/blockquote>\n","protected":false},"excerpt":{"rendered":"<p>VSS2024 &#8211; Wavelet-based image decomposition affects SSVEP signal amplitude for face identification Lamontagne, J., C\u00f4t\u00e9, L., Duncan, J., Blais, C., D\u00e9saulniers, \u00c9., &amp; Fiset, D. (2024). Wavelet-based image decomposition affects SSVEP signal amplitude for face identification. Journal of Vision. [PDF]<\/p>\n","protected":false},"author":1,"featured_media":3330,"parent":307,"menu_order":0,"comment_status":"closed","ping_status":"closed","template":"","meta":{"footnotes":""},"class_list":["post-3329","page","type-page","status-publish","has-post-thumbnail","hentry"],"yoast_head":"<!-- This site is optimized with the Yoast SEO plugin v26.1.1 - https:\/\/yoast.com\/wordpress\/plugins\/seo\/ -->\n<title>- LPVS-UQO<\/title>\n<meta name=\"robots\" content=\"index, follow, max-snippet:-1, max-image-preview:large, max-video-preview:-1\" \/>\n<link rel=\"canonical\" href=\"https:\/\/lpvs.uqo.ca\/publications-2\/posters-abreges\/3329-2\/\" \/>\n<meta property=\"og:locale\" content=\"en_US\" \/>\n<meta property=\"og:type\" content=\"article\" \/>\n<meta property=\"og:title\" content=\"- LPVS-UQO\" \/>\n<meta property=\"og:description\" content=\"VSS2024 &#8211; Wavelet-based image decomposition affects SSVEP signal amplitude for face identification Lamontagne, J., C\u00f4t\u00e9, L., Duncan, J., Blais, C., D\u00e9saulniers, \u00c9., &amp; Fiset, D. (2024). Wavelet-based image decomposition affects SSVEP signal amplitude for face identification. Journal of Vision. [PDF]\" \/>\n<meta property=\"og:url\" content=\"https:\/\/lpvs.uqo.ca\/publications-2\/posters-abreges\/3329-2\/\" \/>\n<meta property=\"og:site_name\" content=\"LPVS-UQO\" \/>\n<meta property=\"article:modified_time\" content=\"2024-05-18T13:13:24+00:00\" \/>\n<meta property=\"og:image\" content=\"https:\/\/lpvs.uqo.ca\/wp-content\/uploads\/2024\/05\/Capture-decran-le-2024-05-18-a-09.37.59.png\" \/>\n\t<meta property=\"og:image:width\" content=\"1002\" \/>\n\t<meta property=\"og:image:height\" content=\"798\" \/>\n\t<meta property=\"og:image:type\" content=\"image\/png\" \/>\n<meta name=\"twitter:card\" content=\"summary_large_image\" \/>\n<script type=\"application\/ld+json\" class=\"yoast-schema-graph\">{\"@context\":\"https:\/\/schema.org\",\"@graph\":[{\"@type\":\"WebPage\",\"@id\":\"https:\/\/lpvs.uqo.ca\/publications-2\/posters-abreges\/3329-2\/\",\"url\":\"https:\/\/lpvs.uqo.ca\/publications-2\/posters-abreges\/3329-2\/\",\"name\":\"- LPVS-UQO\",\"isPartOf\":{\"@id\":\"https:\/\/lpvs.uqo.ca\/#website\"},\"primaryImageOfPage\":{\"@id\":\"https:\/\/lpvs.uqo.ca\/publications-2\/posters-abreges\/3329-2\/#primaryimage\"},\"image\":{\"@id\":\"https:\/\/lpvs.uqo.ca\/publications-2\/posters-abreges\/3329-2\/#primaryimage\"},\"thumbnailUrl\":\"https:\/\/lpvs.uqo.ca\/wp-content\/uploads\/2024\/05\/Capture-decran-le-2024-05-18-a-09.37.59.png\",\"datePublished\":\"2024-05-18T13:13:10+00:00\",\"dateModified\":\"2024-05-18T13:13:24+00:00\",\"breadcrumb\":{\"@id\":\"https:\/\/lpvs.uqo.ca\/publications-2\/posters-abreges\/3329-2\/#breadcrumb\"},\"inLanguage\":\"en-US\",\"potentialAction\":[{\"@type\":\"ReadAction\",\"target\":[\"https:\/\/lpvs.uqo.ca\/publications-2\/posters-abreges\/3329-2\/\"]}]},{\"@type\":\"ImageObject\",\"inLanguage\":\"en-US\",\"@id\":\"https:\/\/lpvs.uqo.ca\/publications-2\/posters-abreges\/3329-2\/#primaryimage\",\"url\":\"https:\/\/lpvs.uqo.ca\/wp-content\/uploads\/2024\/05\/Capture-decran-le-2024-05-18-a-09.37.59.png\",\"contentUrl\":\"https:\/\/lpvs.uqo.ca\/wp-content\/uploads\/2024\/05\/Capture-decran-le-2024-05-18-a-09.37.59.png\",\"width\":1002,\"height\":798},{\"@type\":\"BreadcrumbList\",\"@id\":\"https:\/\/lpvs.uqo.ca\/publications-2\/posters-abreges\/3329-2\/#breadcrumb\",\"itemListElement\":[{\"@type\":\"ListItem\",\"position\":1,\"name\":\"Accueil\",\"item\":\"https:\/\/lpvs.uqo.ca\/\"},{\"@type\":\"ListItem\",\"position\":2,\"name\":\"Publications\",\"item\":\"https:\/\/lpvs.uqo.ca\/publications-2\/\"},{\"@type\":\"ListItem\",\"position\":3,\"name\":\"Posters\",\"item\":\"https:\/\/lpvs.uqo.ca\/publications-2\/posters-abreges\/\"}]},{\"@type\":\"WebSite\",\"@id\":\"https:\/\/lpvs.uqo.ca\/#website\",\"url\":\"https:\/\/lpvs.uqo.ca\/\",\"name\":\"Laboratoire de Perception Visuelle et Social\",\"description\":\"Universit\u00e9 du Qu\u00e9bec en Outaouais\",\"potentialAction\":[{\"@type\":\"SearchAction\",\"target\":{\"@type\":\"EntryPoint\",\"urlTemplate\":\"https:\/\/lpvs.uqo.ca\/?s={search_term_string}\"},\"query-input\":{\"@type\":\"PropertyValueSpecification\",\"valueRequired\":true,\"valueName\":\"search_term_string\"}}],\"inLanguage\":\"en-US\"}]}<\/script>\n<!-- \/ Yoast SEO plugin. -->","yoast_head_json":{"title":"- LPVS-UQO","robots":{"index":"index","follow":"follow","max-snippet":"max-snippet:-1","max-image-preview":"max-image-preview:large","max-video-preview":"max-video-preview:-1"},"canonical":"https:\/\/lpvs.uqo.ca\/publications-2\/posters-abreges\/3329-2\/","og_locale":"en_US","og_type":"article","og_title":"- LPVS-UQO","og_description":"VSS2024 &#8211; Wavelet-based image decomposition affects SSVEP signal amplitude for face identification Lamontagne, J., C\u00f4t\u00e9, L., Duncan, J., Blais, C., D\u00e9saulniers, \u00c9., &amp; Fiset, D. (2024). Wavelet-based image decomposition affects SSVEP signal amplitude for face identification. Journal of Vision. [PDF]","og_url":"https:\/\/lpvs.uqo.ca\/publications-2\/posters-abreges\/3329-2\/","og_site_name":"LPVS-UQO","article_modified_time":"2024-05-18T13:13:24+00:00","og_image":[{"width":1002,"height":798,"url":"https:\/\/lpvs.uqo.ca\/wp-content\/uploads\/2024\/05\/Capture-decran-le-2024-05-18-a-09.37.59.png","type":"image\/png"}],"twitter_card":"summary_large_image","schema":{"@context":"https:\/\/schema.org","@graph":[{"@type":"WebPage","@id":"https:\/\/lpvs.uqo.ca\/publications-2\/posters-abreges\/3329-2\/","url":"https:\/\/lpvs.uqo.ca\/publications-2\/posters-abreges\/3329-2\/","name":"- LPVS-UQO","isPartOf":{"@id":"https:\/\/lpvs.uqo.ca\/#website"},"primaryImageOfPage":{"@id":"https:\/\/lpvs.uqo.ca\/publications-2\/posters-abreges\/3329-2\/#primaryimage"},"image":{"@id":"https:\/\/lpvs.uqo.ca\/publications-2\/posters-abreges\/3329-2\/#primaryimage"},"thumbnailUrl":"https:\/\/lpvs.uqo.ca\/wp-content\/uploads\/2024\/05\/Capture-decran-le-2024-05-18-a-09.37.59.png","datePublished":"2024-05-18T13:13:10+00:00","dateModified":"2024-05-18T13:13:24+00:00","breadcrumb":{"@id":"https:\/\/lpvs.uqo.ca\/publications-2\/posters-abreges\/3329-2\/#breadcrumb"},"inLanguage":"en-US","potentialAction":[{"@type":"ReadAction","target":["https:\/\/lpvs.uqo.ca\/publications-2\/posters-abreges\/3329-2\/"]}]},{"@type":"ImageObject","inLanguage":"en-US","@id":"https:\/\/lpvs.uqo.ca\/publications-2\/posters-abreges\/3329-2\/#primaryimage","url":"https:\/\/lpvs.uqo.ca\/wp-content\/uploads\/2024\/05\/Capture-decran-le-2024-05-18-a-09.37.59.png","contentUrl":"https:\/\/lpvs.uqo.ca\/wp-content\/uploads\/2024\/05\/Capture-decran-le-2024-05-18-a-09.37.59.png","width":1002,"height":798},{"@type":"BreadcrumbList","@id":"https:\/\/lpvs.uqo.ca\/publications-2\/posters-abreges\/3329-2\/#breadcrumb","itemListElement":[{"@type":"ListItem","position":1,"name":"Accueil","item":"https:\/\/lpvs.uqo.ca\/"},{"@type":"ListItem","position":2,"name":"Publications","item":"https:\/\/lpvs.uqo.ca\/publications-2\/"},{"@type":"ListItem","position":3,"name":"Posters","item":"https:\/\/lpvs.uqo.ca\/publications-2\/posters-abreges\/"}]},{"@type":"WebSite","@id":"https:\/\/lpvs.uqo.ca\/#website","url":"https:\/\/lpvs.uqo.ca\/","name":"Laboratoire de Perception Visuelle et Social","description":"Universit\u00e9 du Qu\u00e9bec en Outaouais","potentialAction":[{"@type":"SearchAction","target":{"@type":"EntryPoint","urlTemplate":"https:\/\/lpvs.uqo.ca\/?s={search_term_string}"},"query-input":{"@type":"PropertyValueSpecification","valueRequired":true,"valueName":"search_term_string"}}],"inLanguage":"en-US"}]}},"_links":{"self":[{"href":"https:\/\/lpvs.uqo.ca\/en\/wp-json\/wp\/v2\/pages\/3329","targetHints":{"allow":["GET"]}}],"collection":[{"href":"https:\/\/lpvs.uqo.ca\/en\/wp-json\/wp\/v2\/pages"}],"about":[{"href":"https:\/\/lpvs.uqo.ca\/en\/wp-json\/wp\/v2\/types\/page"}],"author":[{"embeddable":true,"href":"https:\/\/lpvs.uqo.ca\/en\/wp-json\/wp\/v2\/users\/1"}],"replies":[{"embeddable":true,"href":"https:\/\/lpvs.uqo.ca\/en\/wp-json\/wp\/v2\/comments?post=3329"}],"version-history":[{"count":1,"href":"https:\/\/lpvs.uqo.ca\/en\/wp-json\/wp\/v2\/pages\/3329\/revisions"}],"predecessor-version":[{"id":3331,"href":"https:\/\/lpvs.uqo.ca\/en\/wp-json\/wp\/v2\/pages\/3329\/revisions\/3331"}],"up":[{"embeddable":true,"href":"https:\/\/lpvs.uqo.ca\/en\/wp-json\/wp\/v2\/pages\/307"}],"wp:featuredmedia":[{"embeddable":true,"href":"https:\/\/lpvs.uqo.ca\/en\/wp-json\/wp\/v2\/media\/3330"}],"wp:attachment":[{"href":"https:\/\/lpvs.uqo.ca\/en\/wp-json\/wp\/v2\/media?parent=3329"}],"curies":[{"name":"wp","href":"https:\/\/api.w.org\/{rel}","templated":true}]}}