{"id":358,"date":"2017-01-02T15:58:08","date_gmt":"2017-01-02T20:58:08","guid":{"rendered":"http:\/\/lpvs-uqo.ca\/?page_id=358"},"modified":"2024-07-09T16:20:09","modified_gmt":"2024-07-09T20:20:09","slug":"daniel-fiset","status":"publish","type":"page","link":"https:\/\/lpvs.uqo.ca\/en\/directeurs\/daniel-fiset\/","title":{"rendered":"Daniel Fiset"},"content":{"rendered":"<p><b><img loading=\"lazy\" decoding=\"async\" class=\"size-medium wp-image-363 alignleft\" src=\"https:\/\/lpvs.uqo.ca\/wordpress\/wp-content\/uploads\/2017\/01\/dan4-227x300.jpg\" alt=\"\" width=\"227\" height=\"300\" \/>Professor<br \/>\n<\/b><a href=\"http:\/\/uqo.ca\/dep\/psychoeducation-psychologie\"><span style=\"font-weight: 400;\">D\u00e9partement de psychologie et psycho\u00e9ducation<\/span><\/a><br \/>\n<a href=\"http:\/\/uqo.ca\/\"><span style=\"font-weight: 400;\">Universit\u00e9 du Qu\u00e9bec en Outaouais<\/span><\/a><\/p>\n<p><a href=\"https:\/\/www.researchgate.net\/profile\/Daniel_Fiset\"><img loading=\"lazy\" decoding=\"async\" class=\" wp-image-534 alignleft\" src=\"https:\/\/lpvs.uqo.ca\/wordpress\/wp-content\/uploads\/2016\/04\/RG-logo.png\" alt=\"\" width=\"33\" height=\"33\" srcset=\"https:\/\/lpvs.uqo.ca\/wp-content\/uploads\/2016\/04\/RG-logo.png 180w, https:\/\/lpvs.uqo.ca\/wp-content\/uploads\/2016\/04\/RG-logo-150x150.png 150w\" sizes=\"auto, (max-width: 33px) 100vw, 33px\" \/><\/a><a href=\"https:\/\/scholar.google.ca\/citations?user=OK-ATX4AAAAJ&amp;hl=en\"><img loading=\"lazy\" decoding=\"async\" class=\"wp-image-925 alignleft\" src=\"https:\/\/lpvs.uqo.ca\/wordpress\/wp-content\/uploads\/2017\/01\/scholar.png\" alt=\"\" width=\"33\" height=\"33\" srcset=\"https:\/\/lpvs.uqo.ca\/wp-content\/uploads\/2017\/01\/scholar.png 256w, https:\/\/lpvs.uqo.ca\/wp-content\/uploads\/2017\/01\/scholar-150x150.png 150w\" sizes=\"auto, (max-width: 33px) 100vw, 33px\" \/><\/a><\/p>\n<p><a href=\"https:\/\/uqo.ca\/profil\/fiseda01\" target=\"_blank\" rel=\"noopener noreferrer\"><img loading=\"lazy\" decoding=\"async\" class=\"alignleft wp-image-1519\" src=\"https:\/\/lpvs.uqo.ca\/wordpress\/wp-content\/uploads\/2018\/10\/8373_e3d97bc82a4ab80df3d36d802d1f019b.jpg\" alt=\"\" width=\"76\" height=\"38\" srcset=\"https:\/\/lpvs.uqo.ca\/wp-content\/uploads\/2018\/10\/8373_e3d97bc82a4ab80df3d36d802d1f019b.jpg 720w, https:\/\/lpvs.uqo.ca\/wp-content\/uploads\/2018\/10\/8373_e3d97bc82a4ab80df3d36d802d1f019b-300x150.jpg 300w\" sizes=\"auto, (max-width: 76px) 100vw, 76px\" \/><\/a><\/p>\n<p>&nbsp;<\/p>\n<p>&nbsp;<\/p>\n<p><strong>Research interests<\/strong><\/p>\n<blockquote><p><span lang=\"en\">My works aim to understand how humans use visual information to effectively recognize faces, facial expression of emotions, written words and letters. To this end, I use psychophysical techniques (e.g. Bubbles, Reverse Correlation) as well as electrophysiology (EEG and ERP) to investigate low-level visual properties (e.g. spatial frequencies and orientations) and how they modulate the recognition of stimuli. My studies are done thanks to the collaboration of healthy participants as well as people who have difficulty recognizing faces (prosopagnosia) and written words (alexia or dyslexia). Recently, topics in social perception (racism, other-race effect, first impressions) are central to my laboratory.<\/span><\/p><\/blockquote>\n<p><strong>Principal ongoing projects<\/strong><\/p>\n<blockquote><p><span lang=\"en\">. Individual differences in the perceptual processing of faces.<br \/>\n. Relationship between face identification and recognition of facial expressions.<br \/>\n. Other-race effect.<br \/>\n. Impact of attention in face processing.<\/span><\/p><\/blockquote>\n<p><strong>Courses<\/strong><\/p>\n<blockquote><p><span style=\"font-weight: 400;\"><a href=\"http:\/\/etudier.uqo.ca\/cours\/PSY1633\">PSY1633 <\/a> Perception<\/span><\/p>\n<p><span style=\"font-weight: 400;\"><a href=\"http:\/\/etudier.uqo.ca\/cours\/PSY1653\">PSY1653 <\/a> Cognition<\/span><\/p>\n<p><a href=\"http:\/\/etudier.uqo.ca\/cours\/PSY2383\"><span style=\"font-weight: 400;\">PSY2383 <\/span><\/a><span style=\"font-weight: 400;\"> Introduction to neuropsychology<br \/>\n<\/span><a href=\"http:\/\/etudier.uqo.ca\/cours\/PSY9373\"><span style=\"font-weight: 400;\">PSY9373 <\/span><\/a><span style=\"font-weight: 400;\"> Cognitive neurosciences<\/span><\/p><\/blockquote>\n<p><strong>Publications and CV<\/strong><\/p>\n<blockquote><p><a href=\"https:\/\/lpvs.uqo.ca\/wordpress\/en\/publications\/\">Publications<\/a><\/p>\n<p><a href=\"https:\/\/lpvs.uqo.ca\/wordpress\/wp-content\/uploads\/2024\/01\/Copie-de-CV-Daniel-Fiset.pdf\">CV<\/a><\/p><\/blockquote>\n<p><strong>Details<\/strong><\/p>\n<blockquote><p><span style=\"font-weight: 400;\">Office : <\/span><span style=\"font-weight: 400;\">C-3805, Pavillon Alexandre-Tach\u00e9<\/span><br \/>\n<span style=\"font-weight: 400;\">Phone : +001 (819) 595-3900 poste 2357<br \/>\n<\/span><span style=\"font-weight: 400;\">Email : daniel.fiset@uqo.ca<\/span><\/p><\/blockquote>\n<p><\/p>","protected":false},"excerpt":{"rendered":"<p>Professor D\u00e9partement de psychologie et psycho\u00e9ducation Universit\u00e9 du Qu\u00e9bec en Outaouais &nbsp; &nbsp; Research interests My works aim to understand how humans use visual information to effectively recognize faces, facial expression of emotions, written words and letters. To this end, I use psychophysical techniques (e.g. Bubbles, Reverse Correlation) as well as electrophysiology (EEG and ERP)&hellip;<\/p>\n","protected":false},"author":1,"featured_media":0,"parent":189,"menu_order":1,"comment_status":"closed","ping_status":"closed","template":"","meta":{"footnotes":""},"class_list":["post-358","page","type-page","status-publish","hentry"],"yoast_head":"<!-- This site is optimized with the Yoast SEO plugin v26.1.1 - https:\/\/yoast.com\/wordpress\/plugins\/seo\/ -->\n<title>Daniel Fiset - LPVS-UQO<\/title>\n<meta name=\"robots\" content=\"index, follow, max-snippet:-1, max-image-preview:large, max-video-preview:-1\" \/>\n<link rel=\"canonical\" href=\"https:\/\/lpvs.uqo.ca\/directeurs\/daniel-fiset\/\" \/>\n<meta property=\"og:locale\" content=\"en_US\" \/>\n<meta property=\"og:type\" content=\"article\" \/>\n<meta property=\"og:title\" content=\"Daniel Fiset - LPVS-UQO\" \/>\n<meta property=\"og:description\" content=\"Professor D\u00e9partement de psychologie et psycho\u00e9ducation Universit\u00e9 du Qu\u00e9bec en Outaouais &nbsp; &nbsp; Research interests My works aim to understand how humans use visual information to effectively recognize faces, facial expression of emotions, written words and letters. To this end, I use psychophysical techniques (e.g. Bubbles, Reverse Correlation) as well as electrophysiology (EEG and ERP)&hellip;\" \/>\n<meta property=\"og:url\" content=\"https:\/\/lpvs.uqo.ca\/directeurs\/daniel-fiset\/\" \/>\n<meta property=\"og:site_name\" content=\"LPVS-UQO\" \/>\n<meta property=\"article:modified_time\" content=\"2024-07-09T20:20:09+00:00\" \/>\n<meta property=\"og:image\" content=\"https:\/\/lpvs.uqo.ca\/wp-content\/uploads\/2017\/01\/dan4-e1496413173483.jpg\" \/>\n\t<meta property=\"og:image:width\" content=\"200\" \/>\n\t<meta property=\"og:image:height\" content=\"265\" \/>\n\t<meta property=\"og:image:type\" content=\"image\/jpeg\" \/>\n<meta name=\"twitter:card\" content=\"summary_large_image\" \/>\n<meta name=\"twitter:label1\" content=\"Est. reading time\" \/>\n\t<meta name=\"twitter:data1\" content=\"2 minutes\" \/>\n<script type=\"application\/ld+json\" class=\"yoast-schema-graph\">{\"@context\":\"https:\/\/schema.org\",\"@graph\":[{\"@type\":\"WebPage\",\"@id\":\"https:\/\/lpvs.uqo.ca\/directeurs\/daniel-fiset\/\",\"url\":\"https:\/\/lpvs.uqo.ca\/directeurs\/daniel-fiset\/\",\"name\":\"Daniel Fiset - LPVS-UQO\",\"isPartOf\":{\"@id\":\"https:\/\/lpvs.uqo.ca\/#website\"},\"primaryImageOfPage\":{\"@id\":\"https:\/\/lpvs.uqo.ca\/directeurs\/daniel-fiset\/#primaryimage\"},\"image\":{\"@id\":\"https:\/\/lpvs.uqo.ca\/directeurs\/daniel-fiset\/#primaryimage\"},\"thumbnailUrl\":\"https:\/\/lpvs.uqo.ca\/wordpress\/wp-content\/uploads\/2017\/01\/dan4-227x300.jpg\",\"datePublished\":\"2017-01-02T20:58:08+00:00\",\"dateModified\":\"2024-07-09T20:20:09+00:00\",\"breadcrumb\":{\"@id\":\"https:\/\/lpvs.uqo.ca\/directeurs\/daniel-fiset\/#breadcrumb\"},\"inLanguage\":\"en-US\",\"potentialAction\":[{\"@type\":\"ReadAction\",\"target\":[\"https:\/\/lpvs.uqo.ca\/directeurs\/daniel-fiset\/\"]}]},{\"@type\":\"ImageObject\",\"inLanguage\":\"en-US\",\"@id\":\"https:\/\/lpvs.uqo.ca\/directeurs\/daniel-fiset\/#primaryimage\",\"url\":\"https:\/\/lpvs.uqo.ca\/wordpress\/wp-content\/uploads\/2017\/01\/dan4-227x300.jpg\",\"contentUrl\":\"https:\/\/lpvs.uqo.ca\/wordpress\/wp-content\/uploads\/2017\/01\/dan4-227x300.jpg\"},{\"@type\":\"BreadcrumbList\",\"@id\":\"https:\/\/lpvs.uqo.ca\/directeurs\/daniel-fiset\/#breadcrumb\",\"itemListElement\":[{\"@type\":\"ListItem\",\"position\":1,\"name\":\"Accueil\",\"item\":\"https:\/\/lpvs.uqo.ca\/\"},{\"@type\":\"ListItem\",\"position\":2,\"name\":\"Directeur\u00b7es\",\"item\":\"https:\/\/lpvs.uqo.ca\/directeurs\/\"},{\"@type\":\"ListItem\",\"position\":3,\"name\":\"Daniel Fiset\"}]},{\"@type\":\"WebSite\",\"@id\":\"https:\/\/lpvs.uqo.ca\/#website\",\"url\":\"https:\/\/lpvs.uqo.ca\/\",\"name\":\"Laboratoire de Perception Visuelle et Social\",\"description\":\"Universit\u00e9 du Qu\u00e9bec en Outaouais\",\"potentialAction\":[{\"@type\":\"SearchAction\",\"target\":{\"@type\":\"EntryPoint\",\"urlTemplate\":\"https:\/\/lpvs.uqo.ca\/?s={search_term_string}\"},\"query-input\":{\"@type\":\"PropertyValueSpecification\",\"valueRequired\":true,\"valueName\":\"search_term_string\"}}],\"inLanguage\":\"en-US\"}]}<\/script>\n<!-- \/ Yoast SEO plugin. -->","yoast_head_json":{"title":"Daniel Fiset - LPVS-UQO","robots":{"index":"index","follow":"follow","max-snippet":"max-snippet:-1","max-image-preview":"max-image-preview:large","max-video-preview":"max-video-preview:-1"},"canonical":"https:\/\/lpvs.uqo.ca\/directeurs\/daniel-fiset\/","og_locale":"en_US","og_type":"article","og_title":"Daniel Fiset - LPVS-UQO","og_description":"Professor D\u00e9partement de psychologie et psycho\u00e9ducation Universit\u00e9 du Qu\u00e9bec en Outaouais &nbsp; &nbsp; Research interests My works aim to understand how humans use visual information to effectively recognize faces, facial expression of emotions, written words and letters. To this end, I use psychophysical techniques (e.g. Bubbles, Reverse Correlation) as well as electrophysiology (EEG and ERP)&hellip;","og_url":"https:\/\/lpvs.uqo.ca\/directeurs\/daniel-fiset\/","og_site_name":"LPVS-UQO","article_modified_time":"2024-07-09T20:20:09+00:00","og_image":[{"width":200,"height":265,"url":"https:\/\/lpvs.uqo.ca\/wp-content\/uploads\/2017\/01\/dan4-e1496413173483.jpg","type":"image\/jpeg"}],"twitter_card":"summary_large_image","twitter_misc":{"Est. reading time":"2 minutes"},"schema":{"@context":"https:\/\/schema.org","@graph":[{"@type":"WebPage","@id":"https:\/\/lpvs.uqo.ca\/directeurs\/daniel-fiset\/","url":"https:\/\/lpvs.uqo.ca\/directeurs\/daniel-fiset\/","name":"Daniel Fiset - LPVS-UQO","isPartOf":{"@id":"https:\/\/lpvs.uqo.ca\/#website"},"primaryImageOfPage":{"@id":"https:\/\/lpvs.uqo.ca\/directeurs\/daniel-fiset\/#primaryimage"},"image":{"@id":"https:\/\/lpvs.uqo.ca\/directeurs\/daniel-fiset\/#primaryimage"},"thumbnailUrl":"https:\/\/lpvs.uqo.ca\/wordpress\/wp-content\/uploads\/2017\/01\/dan4-227x300.jpg","datePublished":"2017-01-02T20:58:08+00:00","dateModified":"2024-07-09T20:20:09+00:00","breadcrumb":{"@id":"https:\/\/lpvs.uqo.ca\/directeurs\/daniel-fiset\/#breadcrumb"},"inLanguage":"en-US","potentialAction":[{"@type":"ReadAction","target":["https:\/\/lpvs.uqo.ca\/directeurs\/daniel-fiset\/"]}]},{"@type":"ImageObject","inLanguage":"en-US","@id":"https:\/\/lpvs.uqo.ca\/directeurs\/daniel-fiset\/#primaryimage","url":"https:\/\/lpvs.uqo.ca\/wordpress\/wp-content\/uploads\/2017\/01\/dan4-227x300.jpg","contentUrl":"https:\/\/lpvs.uqo.ca\/wordpress\/wp-content\/uploads\/2017\/01\/dan4-227x300.jpg"},{"@type":"BreadcrumbList","@id":"https:\/\/lpvs.uqo.ca\/directeurs\/daniel-fiset\/#breadcrumb","itemListElement":[{"@type":"ListItem","position":1,"name":"Accueil","item":"https:\/\/lpvs.uqo.ca\/"},{"@type":"ListItem","position":2,"name":"Directeur\u00b7es","item":"https:\/\/lpvs.uqo.ca\/directeurs\/"},{"@type":"ListItem","position":3,"name":"Daniel Fiset"}]},{"@type":"WebSite","@id":"https:\/\/lpvs.uqo.ca\/#website","url":"https:\/\/lpvs.uqo.ca\/","name":"Laboratoire de Perception Visuelle et Social","description":"Universit\u00e9 du Qu\u00e9bec en Outaouais","potentialAction":[{"@type":"SearchAction","target":{"@type":"EntryPoint","urlTemplate":"https:\/\/lpvs.uqo.ca\/?s={search_term_string}"},"query-input":{"@type":"PropertyValueSpecification","valueRequired":true,"valueName":"search_term_string"}}],"inLanguage":"en-US"}]}},"_links":{"self":[{"href":"https:\/\/lpvs.uqo.ca\/en\/wp-json\/wp\/v2\/pages\/358","targetHints":{"allow":["GET"]}}],"collection":[{"href":"https:\/\/lpvs.uqo.ca\/en\/wp-json\/wp\/v2\/pages"}],"about":[{"href":"https:\/\/lpvs.uqo.ca\/en\/wp-json\/wp\/v2\/types\/page"}],"author":[{"embeddable":true,"href":"https:\/\/lpvs.uqo.ca\/en\/wp-json\/wp\/v2\/users\/1"}],"replies":[{"embeddable":true,"href":"https:\/\/lpvs.uqo.ca\/en\/wp-json\/wp\/v2\/comments?post=358"}],"version-history":[{"count":51,"href":"https:\/\/lpvs.uqo.ca\/en\/wp-json\/wp\/v2\/pages\/358\/revisions"}],"predecessor-version":[{"id":3445,"href":"https:\/\/lpvs.uqo.ca\/en\/wp-json\/wp\/v2\/pages\/358\/revisions\/3445"}],"up":[{"embeddable":true,"href":"https:\/\/lpvs.uqo.ca\/en\/wp-json\/wp\/v2\/pages\/189"}],"wp:attachment":[{"href":"https:\/\/lpvs.uqo.ca\/en\/wp-json\/wp\/v2\/media?parent=358"}],"curies":[{"name":"wp","href":"https:\/\/api.w.org\/{rel}","templated":true}]}}