{"id":387,"date":"2017-01-02T16:56:54","date_gmt":"2017-01-02T21:56:54","guid":{"rendered":"http:\/\/lpvs-uqo.ca\/?page_id=387"},"modified":"2023-12-12T08:41:56","modified_gmt":"2023-12-12T13:41:56","slug":"stephanie-bouchard","status":"publish","type":"page","link":"https:\/\/lpvs.uqo.ca\/en\/equipe\/alumni\/stephanie-bouchard\/","title":{"rendered":"St\u00e9phanie Bouchard"},"content":{"rendered":"<p><strong>Clinical Neuropsychology Grad Student (DPsy)<\/strong><br \/>\n<a href=\"http:\/\/uqo.ca\/dep\/psychoeducation-psychologie\">D\u00e9partement de psychologie et psycho\u00e9ducation<\/a>, <a href=\"http:\/\/uqo.ca\">UQO<\/a><\/p>\n<blockquote><p><strong>Details:<\/strong><\/p>\n<p>Email:\u00a0bous91 [@] uqo.ca<\/p><\/blockquote>\n<p><\/p>","protected":false},"excerpt":{"rendered":"<p>Clinical Neuropsychology Grad Student (DPsy) D\u00e9partement de psychologie et psycho\u00e9ducation, UQO Details: Email:\u00a0bous91 [@] uqo.ca<\/p>\n","protected":false},"author":1,"featured_media":388,"parent":192,"menu_order":0,"comment_status":"closed","ping_status":"closed","template":"","meta":{"footnotes":""},"class_list":["post-387","page","type-page","status-publish","has-post-thumbnail","hentry"],"yoast_head":"<!-- This site is optimized with the Yoast SEO plugin v26.1.1 - https:\/\/yoast.com\/wordpress\/plugins\/seo\/ -->\n<title>St\u00e9phanie Bouchard - LPVS-UQO<\/title>\n<meta name=\"robots\" content=\"index, follow, max-snippet:-1, max-image-preview:large, max-video-preview:-1\" \/>\n<link rel=\"canonical\" href=\"https:\/\/lpvs.uqo.ca\/equipe\/alumni\/stephanie-bouchard\/\" \/>\n<meta property=\"og:locale\" content=\"en_US\" \/>\n<meta property=\"og:type\" content=\"article\" \/>\n<meta property=\"og:title\" content=\"St\u00e9phanie Bouchard - LPVS-UQO\" \/>\n<meta property=\"og:description\" content=\"Clinical Neuropsychology Grad Student (DPsy) D\u00e9partement de psychologie et psycho\u00e9ducation, UQO Details: Email:\u00a0bous91 [@] uqo.ca\" \/>\n<meta property=\"og:url\" content=\"https:\/\/lpvs.uqo.ca\/equipe\/alumni\/stephanie-bouchard\/\" \/>\n<meta property=\"og:site_name\" content=\"LPVS-UQO\" \/>\n<meta property=\"article:modified_time\" content=\"2023-12-12T13:41:56+00:00\" \/>\n<meta property=\"og:image\" content=\"https:\/\/lpvs.uqo.ca\/wp-content\/uploads\/2017\/01\/Stephanie_Bouchard.jpg\" \/>\n\t<meta property=\"og:image:width\" content=\"400\" \/>\n\t<meta property=\"og:image:height\" content=\"529\" \/>\n\t<meta property=\"og:image:type\" content=\"image\/jpeg\" \/>\n<meta name=\"twitter:card\" content=\"summary_large_image\" \/>\n<script type=\"application\/ld+json\" class=\"yoast-schema-graph\">{\"@context\":\"https:\/\/schema.org\",\"@graph\":[{\"@type\":\"WebPage\",\"@id\":\"https:\/\/lpvs.uqo.ca\/equipe\/alumni\/stephanie-bouchard\/\",\"url\":\"https:\/\/lpvs.uqo.ca\/equipe\/alumni\/stephanie-bouchard\/\",\"name\":\"St\u00e9phanie Bouchard - LPVS-UQO\",\"isPartOf\":{\"@id\":\"https:\/\/lpvs.uqo.ca\/#website\"},\"primaryImageOfPage\":{\"@id\":\"https:\/\/lpvs.uqo.ca\/equipe\/alumni\/stephanie-bouchard\/#primaryimage\"},\"image\":{\"@id\":\"https:\/\/lpvs.uqo.ca\/equipe\/alumni\/stephanie-bouchard\/#primaryimage\"},\"thumbnailUrl\":\"https:\/\/lpvs.uqo.ca\/wp-content\/uploads\/2017\/01\/Stephanie_Bouchard.jpg\",\"datePublished\":\"2017-01-02T21:56:54+00:00\",\"dateModified\":\"2023-12-12T13:41:56+00:00\",\"breadcrumb\":{\"@id\":\"https:\/\/lpvs.uqo.ca\/equipe\/alumni\/stephanie-bouchard\/#breadcrumb\"},\"inLanguage\":\"en-US\",\"potentialAction\":[{\"@type\":\"ReadAction\",\"target\":[\"https:\/\/lpvs.uqo.ca\/equipe\/alumni\/stephanie-bouchard\/\"]}]},{\"@type\":\"ImageObject\",\"inLanguage\":\"en-US\",\"@id\":\"https:\/\/lpvs.uqo.ca\/equipe\/alumni\/stephanie-bouchard\/#primaryimage\",\"url\":\"https:\/\/lpvs.uqo.ca\/wp-content\/uploads\/2017\/01\/Stephanie_Bouchard.jpg\",\"contentUrl\":\"https:\/\/lpvs.uqo.ca\/wp-content\/uploads\/2017\/01\/Stephanie_Bouchard.jpg\",\"width\":400,\"height\":529},{\"@type\":\"BreadcrumbList\",\"@id\":\"https:\/\/lpvs.uqo.ca\/equipe\/alumni\/stephanie-bouchard\/#breadcrumb\",\"itemListElement\":[{\"@type\":\"ListItem\",\"position\":1,\"name\":\"Accueil\",\"item\":\"https:\/\/lpvs.uqo.ca\/\"},{\"@type\":\"ListItem\",\"position\":2,\"name\":\"\u00c9quipe\",\"item\":\"https:\/\/lpvs.uqo.ca\/equipe\/\"},{\"@type\":\"ListItem\",\"position\":3,\"name\":\"Alumni\",\"item\":\"https:\/\/lpvs.uqo.ca\/equipe\/alumni\/\"},{\"@type\":\"ListItem\",\"position\":4,\"name\":\"St\u00e9phanie Bouchard\"}]},{\"@type\":\"WebSite\",\"@id\":\"https:\/\/lpvs.uqo.ca\/#website\",\"url\":\"https:\/\/lpvs.uqo.ca\/\",\"name\":\"Laboratoire de Perception Visuelle et Social\",\"description\":\"Universit\u00e9 du Qu\u00e9bec en Outaouais\",\"potentialAction\":[{\"@type\":\"SearchAction\",\"target\":{\"@type\":\"EntryPoint\",\"urlTemplate\":\"https:\/\/lpvs.uqo.ca\/?s={search_term_string}\"},\"query-input\":{\"@type\":\"PropertyValueSpecification\",\"valueRequired\":true,\"valueName\":\"search_term_string\"}}],\"inLanguage\":\"en-US\"}]}<\/script>\n<!-- \/ Yoast SEO plugin. -->","yoast_head_json":{"title":"St\u00e9phanie Bouchard - LPVS-UQO","robots":{"index":"index","follow":"follow","max-snippet":"max-snippet:-1","max-image-preview":"max-image-preview:large","max-video-preview":"max-video-preview:-1"},"canonical":"https:\/\/lpvs.uqo.ca\/equipe\/alumni\/stephanie-bouchard\/","og_locale":"en_US","og_type":"article","og_title":"St\u00e9phanie Bouchard - LPVS-UQO","og_description":"Clinical Neuropsychology Grad Student (DPsy) D\u00e9partement de psychologie et psycho\u00e9ducation, UQO Details: Email:\u00a0bous91 [@] uqo.ca","og_url":"https:\/\/lpvs.uqo.ca\/equipe\/alumni\/stephanie-bouchard\/","og_site_name":"LPVS-UQO","article_modified_time":"2023-12-12T13:41:56+00:00","og_image":[{"width":400,"height":529,"url":"https:\/\/lpvs.uqo.ca\/wp-content\/uploads\/2017\/01\/Stephanie_Bouchard.jpg","type":"image\/jpeg"}],"twitter_card":"summary_large_image","schema":{"@context":"https:\/\/schema.org","@graph":[{"@type":"WebPage","@id":"https:\/\/lpvs.uqo.ca\/equipe\/alumni\/stephanie-bouchard\/","url":"https:\/\/lpvs.uqo.ca\/equipe\/alumni\/stephanie-bouchard\/","name":"St\u00e9phanie Bouchard - LPVS-UQO","isPartOf":{"@id":"https:\/\/lpvs.uqo.ca\/#website"},"primaryImageOfPage":{"@id":"https:\/\/lpvs.uqo.ca\/equipe\/alumni\/stephanie-bouchard\/#primaryimage"},"image":{"@id":"https:\/\/lpvs.uqo.ca\/equipe\/alumni\/stephanie-bouchard\/#primaryimage"},"thumbnailUrl":"https:\/\/lpvs.uqo.ca\/wp-content\/uploads\/2017\/01\/Stephanie_Bouchard.jpg","datePublished":"2017-01-02T21:56:54+00:00","dateModified":"2023-12-12T13:41:56+00:00","breadcrumb":{"@id":"https:\/\/lpvs.uqo.ca\/equipe\/alumni\/stephanie-bouchard\/#breadcrumb"},"inLanguage":"en-US","potentialAction":[{"@type":"ReadAction","target":["https:\/\/lpvs.uqo.ca\/equipe\/alumni\/stephanie-bouchard\/"]}]},{"@type":"ImageObject","inLanguage":"en-US","@id":"https:\/\/lpvs.uqo.ca\/equipe\/alumni\/stephanie-bouchard\/#primaryimage","url":"https:\/\/lpvs.uqo.ca\/wp-content\/uploads\/2017\/01\/Stephanie_Bouchard.jpg","contentUrl":"https:\/\/lpvs.uqo.ca\/wp-content\/uploads\/2017\/01\/Stephanie_Bouchard.jpg","width":400,"height":529},{"@type":"BreadcrumbList","@id":"https:\/\/lpvs.uqo.ca\/equipe\/alumni\/stephanie-bouchard\/#breadcrumb","itemListElement":[{"@type":"ListItem","position":1,"name":"Accueil","item":"https:\/\/lpvs.uqo.ca\/"},{"@type":"ListItem","position":2,"name":"\u00c9quipe","item":"https:\/\/lpvs.uqo.ca\/equipe\/"},{"@type":"ListItem","position":3,"name":"Alumni","item":"https:\/\/lpvs.uqo.ca\/equipe\/alumni\/"},{"@type":"ListItem","position":4,"name":"St\u00e9phanie Bouchard"}]},{"@type":"WebSite","@id":"https:\/\/lpvs.uqo.ca\/#website","url":"https:\/\/lpvs.uqo.ca\/","name":"Laboratoire de Perception Visuelle et Social","description":"Universit\u00e9 du Qu\u00e9bec en Outaouais","potentialAction":[{"@type":"SearchAction","target":{"@type":"EntryPoint","urlTemplate":"https:\/\/lpvs.uqo.ca\/?s={search_term_string}"},"query-input":{"@type":"PropertyValueSpecification","valueRequired":true,"valueName":"search_term_string"}}],"inLanguage":"en-US"}]}},"_links":{"self":[{"href":"https:\/\/lpvs.uqo.ca\/en\/wp-json\/wp\/v2\/pages\/387","targetHints":{"allow":["GET"]}}],"collection":[{"href":"https:\/\/lpvs.uqo.ca\/en\/wp-json\/wp\/v2\/pages"}],"about":[{"href":"https:\/\/lpvs.uqo.ca\/en\/wp-json\/wp\/v2\/types\/page"}],"author":[{"embeddable":true,"href":"https:\/\/lpvs.uqo.ca\/en\/wp-json\/wp\/v2\/users\/1"}],"replies":[{"embeddable":true,"href":"https:\/\/lpvs.uqo.ca\/en\/wp-json\/wp\/v2\/comments?post=387"}],"version-history":[{"count":9,"href":"https:\/\/lpvs.uqo.ca\/en\/wp-json\/wp\/v2\/pages\/387\/revisions"}],"predecessor-version":[{"id":2747,"href":"https:\/\/lpvs.uqo.ca\/en\/wp-json\/wp\/v2\/pages\/387\/revisions\/2747"}],"up":[{"embeddable":true,"href":"https:\/\/lpvs.uqo.ca\/en\/wp-json\/wp\/v2\/pages\/192"}],"wp:featuredmedia":[{"embeddable":true,"href":"https:\/\/lpvs.uqo.ca\/en\/wp-json\/wp\/v2\/media\/388"}],"wp:attachment":[{"href":"https:\/\/lpvs.uqo.ca\/en\/wp-json\/wp\/v2\/media?parent=387"}],"curies":[{"name":"wp","href":"https:\/\/api.w.org\/{rel}","templated":true}]}}