{"id":515,"date":"2017-02-23T13:00:26","date_gmt":"2017-02-23T18:00:26","guid":{"rendered":"http:\/\/lpvs-uqo.ca\/?page_id=515"},"modified":"2022-06-02T08:18:57","modified_gmt":"2022-06-02T12:18:57","slug":"dominic-mongrain","status":"publish","type":"page","link":"https:\/\/lpvs.uqo.ca\/en\/equipe\/alumni\/dominic-mongrain\/","title":{"rendered":"Dominic Mongrain"},"content":{"rendered":"<p><b>Completed with LPVS:<\/b><br \/>\n<b>Bachelor degree in psychology<\/b><br \/>\n<a href=\"http:\/\/uqo.ca\/dep\/psychoeducation-psychologie\">D\u00e9partement de psychologie et psycho\u00e9ducation<\/a>, <a href=\"http:\/\/uqo.ca\">UQO<\/a><br \/>\n<a href=\"http:\/\/psychologie.uqam.ca\/\">D\u00e9partement de psychologie, UQAM<\/a><br \/>\nRecipient of NSERC\u2019s Undergraduate Student Research Award<\/p>\n<blockquote><p><strong>Honors thesis:<\/strong><br \/>\nIndividual differences on the other race effect: Impact of perceptual integration and holistic processing.<\/p><\/blockquote>\n<p><\/p>","protected":false},"excerpt":{"rendered":"<p>Completed with LPVS: Bachelor degree in psychology D\u00e9partement de psychologie et psycho\u00e9ducation, UQO D\u00e9partement de psychologie, UQAM Recipient of NSERC\u2019s Undergraduate Student Research Award Honors thesis: Individual differences on the other race effect: Impact of perceptual integration and holistic processing.<\/p>\n","protected":false},"author":1,"featured_media":516,"parent":192,"menu_order":0,"comment_status":"closed","ping_status":"closed","template":"","meta":{"footnotes":""},"class_list":["post-515","page","type-page","status-publish","has-post-thumbnail","hentry"],"yoast_head":"<!-- This site is optimized with the Yoast SEO plugin v26.1.1 - https:\/\/yoast.com\/wordpress\/plugins\/seo\/ -->\n<title>Dominic Mongrain - LPVS-UQO<\/title>\n<meta name=\"robots\" content=\"index, follow, max-snippet:-1, max-image-preview:large, max-video-preview:-1\" \/>\n<link rel=\"canonical\" href=\"https:\/\/lpvs.uqo.ca\/equipe\/alumni\/dominic-mongrain\/\" \/>\n<meta property=\"og:locale\" content=\"en_US\" \/>\n<meta property=\"og:type\" content=\"article\" \/>\n<meta property=\"og:title\" content=\"Dominic Mongrain - LPVS-UQO\" \/>\n<meta property=\"og:description\" content=\"Completed with LPVS: Bachelor degree in psychology D\u00e9partement de psychologie et psycho\u00e9ducation, UQO D\u00e9partement de psychologie, UQAM Recipient of NSERC\u2019s Undergraduate Student Research Award Honors thesis: Individual differences on the other race effect: Impact of perceptual integration and holistic processing.\" \/>\n<meta property=\"og:url\" content=\"https:\/\/lpvs.uqo.ca\/equipe\/alumni\/dominic-mongrain\/\" \/>\n<meta property=\"og:site_name\" content=\"LPVS-UQO\" \/>\n<meta property=\"article:modified_time\" content=\"2022-06-02T12:18:57+00:00\" \/>\n<meta property=\"og:image\" content=\"https:\/\/lpvs.uqo.ca\/wp-content\/uploads\/2017\/02\/Dominic_Mongrain.jpg\" \/>\n\t<meta property=\"og:image:width\" content=\"400\" \/>\n\t<meta property=\"og:image:height\" content=\"529\" \/>\n\t<meta property=\"og:image:type\" content=\"image\/jpeg\" \/>\n<meta name=\"twitter:card\" content=\"summary_large_image\" \/>\n<meta name=\"twitter:label1\" content=\"Est. reading time\" \/>\n\t<meta name=\"twitter:data1\" content=\"1 minute\" \/>\n<script type=\"application\/ld+json\" class=\"yoast-schema-graph\">{\"@context\":\"https:\/\/schema.org\",\"@graph\":[{\"@type\":\"WebPage\",\"@id\":\"https:\/\/lpvs.uqo.ca\/equipe\/alumni\/dominic-mongrain\/\",\"url\":\"https:\/\/lpvs.uqo.ca\/equipe\/alumni\/dominic-mongrain\/\",\"name\":\"Dominic Mongrain - LPVS-UQO\",\"isPartOf\":{\"@id\":\"https:\/\/lpvs.uqo.ca\/#website\"},\"primaryImageOfPage\":{\"@id\":\"https:\/\/lpvs.uqo.ca\/equipe\/alumni\/dominic-mongrain\/#primaryimage\"},\"image\":{\"@id\":\"https:\/\/lpvs.uqo.ca\/equipe\/alumni\/dominic-mongrain\/#primaryimage\"},\"thumbnailUrl\":\"https:\/\/lpvs.uqo.ca\/wp-content\/uploads\/2017\/02\/Dominic_Mongrain.jpg\",\"datePublished\":\"2017-02-23T18:00:26+00:00\",\"dateModified\":\"2022-06-02T12:18:57+00:00\",\"breadcrumb\":{\"@id\":\"https:\/\/lpvs.uqo.ca\/equipe\/alumni\/dominic-mongrain\/#breadcrumb\"},\"inLanguage\":\"en-US\",\"potentialAction\":[{\"@type\":\"ReadAction\",\"target\":[\"https:\/\/lpvs.uqo.ca\/equipe\/alumni\/dominic-mongrain\/\"]}]},{\"@type\":\"ImageObject\",\"inLanguage\":\"en-US\",\"@id\":\"https:\/\/lpvs.uqo.ca\/equipe\/alumni\/dominic-mongrain\/#primaryimage\",\"url\":\"https:\/\/lpvs.uqo.ca\/wp-content\/uploads\/2017\/02\/Dominic_Mongrain.jpg\",\"contentUrl\":\"https:\/\/lpvs.uqo.ca\/wp-content\/uploads\/2017\/02\/Dominic_Mongrain.jpg\",\"width\":400,\"height\":529},{\"@type\":\"BreadcrumbList\",\"@id\":\"https:\/\/lpvs.uqo.ca\/equipe\/alumni\/dominic-mongrain\/#breadcrumb\",\"itemListElement\":[{\"@type\":\"ListItem\",\"position\":1,\"name\":\"Accueil\",\"item\":\"https:\/\/lpvs.uqo.ca\/\"},{\"@type\":\"ListItem\",\"position\":2,\"name\":\"\u00c9quipe\",\"item\":\"https:\/\/lpvs.uqo.ca\/equipe\/\"},{\"@type\":\"ListItem\",\"position\":3,\"name\":\"Alumni\",\"item\":\"https:\/\/lpvs.uqo.ca\/equipe\/alumni\/\"},{\"@type\":\"ListItem\",\"position\":4,\"name\":\"Dominic Mongrain\"}]},{\"@type\":\"WebSite\",\"@id\":\"https:\/\/lpvs.uqo.ca\/#website\",\"url\":\"https:\/\/lpvs.uqo.ca\/\",\"name\":\"Laboratoire de Perception Visuelle et Social\",\"description\":\"Universit\u00e9 du Qu\u00e9bec en Outaouais\",\"potentialAction\":[{\"@type\":\"SearchAction\",\"target\":{\"@type\":\"EntryPoint\",\"urlTemplate\":\"https:\/\/lpvs.uqo.ca\/?s={search_term_string}\"},\"query-input\":{\"@type\":\"PropertyValueSpecification\",\"valueRequired\":true,\"valueName\":\"search_term_string\"}}],\"inLanguage\":\"en-US\"}]}<\/script>\n<!-- \/ Yoast SEO plugin. -->","yoast_head_json":{"title":"Dominic Mongrain - LPVS-UQO","robots":{"index":"index","follow":"follow","max-snippet":"max-snippet:-1","max-image-preview":"max-image-preview:large","max-video-preview":"max-video-preview:-1"},"canonical":"https:\/\/lpvs.uqo.ca\/equipe\/alumni\/dominic-mongrain\/","og_locale":"en_US","og_type":"article","og_title":"Dominic Mongrain - LPVS-UQO","og_description":"Completed with LPVS: Bachelor degree in psychology D\u00e9partement de psychologie et psycho\u00e9ducation, UQO D\u00e9partement de psychologie, UQAM Recipient of NSERC\u2019s Undergraduate Student Research Award Honors thesis: Individual differences on the other race effect: Impact of perceptual integration and holistic processing.","og_url":"https:\/\/lpvs.uqo.ca\/equipe\/alumni\/dominic-mongrain\/","og_site_name":"LPVS-UQO","article_modified_time":"2022-06-02T12:18:57+00:00","og_image":[{"width":400,"height":529,"url":"https:\/\/lpvs.uqo.ca\/wp-content\/uploads\/2017\/02\/Dominic_Mongrain.jpg","type":"image\/jpeg"}],"twitter_card":"summary_large_image","twitter_misc":{"Est. reading time":"1 minute"},"schema":{"@context":"https:\/\/schema.org","@graph":[{"@type":"WebPage","@id":"https:\/\/lpvs.uqo.ca\/equipe\/alumni\/dominic-mongrain\/","url":"https:\/\/lpvs.uqo.ca\/equipe\/alumni\/dominic-mongrain\/","name":"Dominic Mongrain - LPVS-UQO","isPartOf":{"@id":"https:\/\/lpvs.uqo.ca\/#website"},"primaryImageOfPage":{"@id":"https:\/\/lpvs.uqo.ca\/equipe\/alumni\/dominic-mongrain\/#primaryimage"},"image":{"@id":"https:\/\/lpvs.uqo.ca\/equipe\/alumni\/dominic-mongrain\/#primaryimage"},"thumbnailUrl":"https:\/\/lpvs.uqo.ca\/wp-content\/uploads\/2017\/02\/Dominic_Mongrain.jpg","datePublished":"2017-02-23T18:00:26+00:00","dateModified":"2022-06-02T12:18:57+00:00","breadcrumb":{"@id":"https:\/\/lpvs.uqo.ca\/equipe\/alumni\/dominic-mongrain\/#breadcrumb"},"inLanguage":"en-US","potentialAction":[{"@type":"ReadAction","target":["https:\/\/lpvs.uqo.ca\/equipe\/alumni\/dominic-mongrain\/"]}]},{"@type":"ImageObject","inLanguage":"en-US","@id":"https:\/\/lpvs.uqo.ca\/equipe\/alumni\/dominic-mongrain\/#primaryimage","url":"https:\/\/lpvs.uqo.ca\/wp-content\/uploads\/2017\/02\/Dominic_Mongrain.jpg","contentUrl":"https:\/\/lpvs.uqo.ca\/wp-content\/uploads\/2017\/02\/Dominic_Mongrain.jpg","width":400,"height":529},{"@type":"BreadcrumbList","@id":"https:\/\/lpvs.uqo.ca\/equipe\/alumni\/dominic-mongrain\/#breadcrumb","itemListElement":[{"@type":"ListItem","position":1,"name":"Accueil","item":"https:\/\/lpvs.uqo.ca\/"},{"@type":"ListItem","position":2,"name":"\u00c9quipe","item":"https:\/\/lpvs.uqo.ca\/equipe\/"},{"@type":"ListItem","position":3,"name":"Alumni","item":"https:\/\/lpvs.uqo.ca\/equipe\/alumni\/"},{"@type":"ListItem","position":4,"name":"Dominic Mongrain"}]},{"@type":"WebSite","@id":"https:\/\/lpvs.uqo.ca\/#website","url":"https:\/\/lpvs.uqo.ca\/","name":"Laboratoire de Perception Visuelle et Social","description":"Universit\u00e9 du Qu\u00e9bec en Outaouais","potentialAction":[{"@type":"SearchAction","target":{"@type":"EntryPoint","urlTemplate":"https:\/\/lpvs.uqo.ca\/?s={search_term_string}"},"query-input":{"@type":"PropertyValueSpecification","valueRequired":true,"valueName":"search_term_string"}}],"inLanguage":"en-US"}]}},"_links":{"self":[{"href":"https:\/\/lpvs.uqo.ca\/en\/wp-json\/wp\/v2\/pages\/515","targetHints":{"allow":["GET"]}}],"collection":[{"href":"https:\/\/lpvs.uqo.ca\/en\/wp-json\/wp\/v2\/pages"}],"about":[{"href":"https:\/\/lpvs.uqo.ca\/en\/wp-json\/wp\/v2\/types\/page"}],"author":[{"embeddable":true,"href":"https:\/\/lpvs.uqo.ca\/en\/wp-json\/wp\/v2\/users\/1"}],"replies":[{"embeddable":true,"href":"https:\/\/lpvs.uqo.ca\/en\/wp-json\/wp\/v2\/comments?post=515"}],"version-history":[{"count":18,"href":"https:\/\/lpvs.uqo.ca\/en\/wp-json\/wp\/v2\/pages\/515\/revisions"}],"predecessor-version":[{"id":2900,"href":"https:\/\/lpvs.uqo.ca\/en\/wp-json\/wp\/v2\/pages\/515\/revisions\/2900"}],"up":[{"embeddable":true,"href":"https:\/\/lpvs.uqo.ca\/en\/wp-json\/wp\/v2\/pages\/192"}],"wp:featuredmedia":[{"embeddable":true,"href":"https:\/\/lpvs.uqo.ca\/en\/wp-json\/wp\/v2\/media\/516"}],"wp:attachment":[{"href":"https:\/\/lpvs.uqo.ca\/en\/wp-json\/wp\/v2\/media?parent=515"}],"curies":[{"name":"wp","href":"https:\/\/api.w.org\/{rel}","templated":true}]}}