{"id":61,"date":"2016-04-15T22:18:20","date_gmt":"2016-04-16T02:18:20","guid":{"rendered":"http:\/\/107.170.27.141\/?page_id=61"},"modified":"2024-07-09T16:21:58","modified_gmt":"2024-07-09T20:21:58","slug":"caroline-blais","status":"publish","type":"page","link":"https:\/\/lpvs.uqo.ca\/en\/directeurs\/caroline-blais\/","title":{"rendered":"Caroline Blais"},"content":{"rendered":"<p><strong><img loading=\"lazy\" decoding=\"async\" class=\"size-medium wp-image-365 alignleft\" src=\"https:\/\/lpvs.uqo.ca\/wordpress\/wp-content\/uploads\/2017\/01\/Caroline_Blais-227x300.jpg\" alt=\"\" width=\"227\" height=\"300\" \/>Professor<br \/>\n<\/strong><a href=\"http:\/\/uqo.ca\/dep\/psychoeducation-psychologie\">D\u00e9partement de psychologie et psycho\u00e9ducation<\/a><br \/>\n<a href=\"http:\/\/uqo.ca\">Universit\u00e9 du Qu\u00e9bec en Outaouais<\/a><\/p>\n<p><a href=\"https:\/\/www.researchgate.net\/profile\/Caroline_Blais\"><img loading=\"lazy\" decoding=\"async\" class=\" wp-image-534 alignleft\" src=\"https:\/\/lpvs.uqo.ca\/wordpress\/wp-content\/uploads\/2016\/04\/RG-logo.png\" alt=\"\" width=\"33\" height=\"33\" srcset=\"https:\/\/lpvs.uqo.ca\/wp-content\/uploads\/2016\/04\/RG-logo.png 180w, https:\/\/lpvs.uqo.ca\/wp-content\/uploads\/2016\/04\/RG-logo-150x150.png 150w\" sizes=\"auto, (max-width: 33px) 100vw, 33px\" \/><\/a><a href=\"https:\/\/scholar.google.ca\/citations?user=HvjIFSQAAAAJ&amp;hl=en\"><img loading=\"lazy\" decoding=\"async\" class=\"alignleft wp-image-925\" src=\"https:\/\/lpvs.uqo.ca\/wordpress\/wp-content\/uploads\/2017\/01\/scholar.png\" alt=\"\" width=\"33\" height=\"33\" srcset=\"https:\/\/lpvs.uqo.ca\/wp-content\/uploads\/2017\/01\/scholar.png 256w, https:\/\/lpvs.uqo.ca\/wp-content\/uploads\/2017\/01\/scholar-150x150.png 150w\" sizes=\"auto, (max-width: 33px) 100vw, 33px\" \/><\/a><\/p>\n<p><a href=\"https:\/\/uqo.ca\/profil\/blaica02\" target=\"_blank\" rel=\"noopener noreferrer\"><img loading=\"lazy\" decoding=\"async\" class=\"alignleft\" src=\"https:\/\/lpvs.uqo.ca\/wordpress\/wp-content\/uploads\/2018\/10\/8373_e3d97bc82a4ab80df3d36d802d1f019b.jpg\" alt=\"\" width=\"74\" height=\"37\" \/><\/a><\/p>\n<p>&nbsp;<\/p>\n<p>&nbsp;<\/p>\n<p><strong>Research interests<\/strong><\/p>\n<blockquote><p><span lang=\"en\">My work uses techniques derived from psychophysics to better understand how socio-cultural environment modulates fundamental visual processes, ranging from the extraction of low-level visual information (e.g. sensitivity to spatial frequencies) to the processing of complex visual information (e.g. face, objects, scenes).<\/span><\/p><\/blockquote>\n<p><strong>Canada Research Chair in Cognitive and Social Vision &#8211; Natural Sciences and Engineering Research Council<\/strong><\/p>\n<blockquote><p>In the current context of globalization and multiculturalism, it is increasingly important that we understand how our visual and sociocultural environments affect visual perception. Dr. Caroline Blais, Canada Research Chair in in Cognitive and Social Vision, aims to increase this understanding.<\/p>\n<p>Most visual perception studies to date have been conducted on Westerners, with the few cross-cultural ones conducted on only two cultures at a time. But Blais and her research team hope to increase data diversity by studying visual processing and the communication of social signals across different cultural groups.<br \/>\n<a href=\"https:\/\/www.chairs-chaires.gc.ca\/chairholders-titulaires\/profile-eng.aspx?profileId=4770\">https:\/\/www.chairs-chaires.gc.ca\/chairholders-titulaires\/profile-eng.aspx?profileId=4770<\/a><\/p><\/blockquote>\n<p><strong>Principal ongoing projects<\/strong><\/p>\n<blockquote><p>. Impact of culture on visual information extraction<\/p>\n<p>. Ethnic bias\u00a0impact on the facial information processing of other ethnicity.<\/p>\n<p>. Visual mechanisms underlying facial expressions recognition.<\/p>\n<p>. Impact of culture and prejudices on the processing of the facial expression of pain.<\/p>\n<p>&nbsp;<\/p><\/blockquote>\n<p><strong>Courses<\/strong><\/p>\n<blockquote><p><a href=\"http:\/\/etudier.uqo.ca\/cours\/PSY1703\">PSY1703<\/a>\u00a0Social Psychology<\/p>\n<p><a href=\"http:\/\/etudier.uqo.ca\/cours\/PSY1743\">PSY1743<\/a> Psychology, Culture and ethnicity<\/p>\n<p><a href=\"http:\/\/etudier.uqo.ca\/cours\/PSY1583\">PSY1583<\/a> Quantitative Analysis<\/p>\n<p><a href=\"http:\/\/etudier.uqo.ca\/cours\/PSY2423\">PSY2423<\/a> Advanced Quantitative Analysis Techniques<\/p>\n<p>&nbsp;<\/p><\/blockquote>\n<p><strong>Publications\u00a0and CV<\/strong><\/p>\n<blockquote><p><a href=\"https:\/\/lpvs.uqo.ca\/wordpress\/en\/publications\/\">Publications<\/a><br \/>\n<a href=\"https:\/\/lpvs.uqo.ca\/wordpress\/wp-content\/uploads\/2024\/01\/Copie-de-CV-anglais-Caroline-Blais-.pdf\">CV<\/a><\/p><\/blockquote>\n<p><strong>Details<\/strong><\/p>\n<blockquote><p>Office : C-3807, Pavillon Alexandre-Tach\u00e9<\/p>\n<p>Phone\u00a0: +001 (819) 595-3900 poste 2551<\/p>\n<p>Email\u00a0: <a href=\"mailto:caroline.blais@uqo.ca\">caroline.blais@uqo.ca<\/a><\/p><\/blockquote>\n<p><\/p>","protected":false},"excerpt":{"rendered":"<p>Professor D\u00e9partement de psychologie et psycho\u00e9ducation Universit\u00e9 du Qu\u00e9bec en Outaouais &nbsp; &nbsp; Research interests My work uses techniques derived from psychophysics to better understand how socio-cultural environment modulates fundamental visual processes, ranging from the extraction of low-level visual information (e.g. sensitivity to spatial frequencies) to the processing of complex visual information (e.g. face, objects,&hellip;<\/p>\n","protected":false},"author":2,"featured_media":0,"parent":189,"menu_order":2,"comment_status":"closed","ping_status":"closed","template":"","meta":{"footnotes":""},"class_list":["post-61","page","type-page","status-publish","hentry"],"yoast_head":"<!-- This site is optimized with the Yoast SEO plugin v26.1.1 - https:\/\/yoast.com\/wordpress\/plugins\/seo\/ -->\n<title>Caroline Blais - LPVS-UQO<\/title>\n<meta name=\"robots\" content=\"index, follow, max-snippet:-1, max-image-preview:large, max-video-preview:-1\" \/>\n<link rel=\"canonical\" href=\"https:\/\/lpvs.uqo.ca\/directeurs\/caroline-blais\/\" \/>\n<meta property=\"og:locale\" content=\"en_US\" \/>\n<meta property=\"og:type\" content=\"article\" \/>\n<meta property=\"og:title\" content=\"Caroline Blais - LPVS-UQO\" \/>\n<meta property=\"og:description\" content=\"Professor D\u00e9partement de psychologie et psycho\u00e9ducation Universit\u00e9 du Qu\u00e9bec en Outaouais &nbsp; &nbsp; Research interests My work uses techniques derived from psychophysics to better understand how socio-cultural environment modulates fundamental visual processes, ranging from the extraction of low-level visual information (e.g. sensitivity to spatial frequencies) to the processing of complex visual information (e.g. face, objects,&hellip;\" \/>\n<meta property=\"og:url\" content=\"https:\/\/lpvs.uqo.ca\/directeurs\/caroline-blais\/\" \/>\n<meta property=\"og:site_name\" content=\"LPVS-UQO\" \/>\n<meta property=\"article:modified_time\" content=\"2024-07-09T20:21:58+00:00\" \/>\n<meta property=\"og:image\" content=\"https:\/\/lpvs.uqo.ca\/wp-content\/uploads\/2017\/01\/Caroline_Blais-e1496414133949.jpg\" \/>\n\t<meta property=\"og:image:width\" content=\"200\" \/>\n\t<meta property=\"og:image:height\" content=\"265\" \/>\n\t<meta property=\"og:image:type\" content=\"image\/jpeg\" \/>\n<meta name=\"twitter:card\" content=\"summary_large_image\" \/>\n<meta name=\"twitter:label1\" content=\"Est. reading time\" \/>\n\t<meta name=\"twitter:data1\" content=\"3 minutes\" \/>\n<script type=\"application\/ld+json\" class=\"yoast-schema-graph\">{\"@context\":\"https:\/\/schema.org\",\"@graph\":[{\"@type\":\"WebPage\",\"@id\":\"https:\/\/lpvs.uqo.ca\/directeurs\/caroline-blais\/\",\"url\":\"https:\/\/lpvs.uqo.ca\/directeurs\/caroline-blais\/\",\"name\":\"Caroline Blais - LPVS-UQO\",\"isPartOf\":{\"@id\":\"https:\/\/lpvs.uqo.ca\/#website\"},\"primaryImageOfPage\":{\"@id\":\"https:\/\/lpvs.uqo.ca\/directeurs\/caroline-blais\/#primaryimage\"},\"image\":{\"@id\":\"https:\/\/lpvs.uqo.ca\/directeurs\/caroline-blais\/#primaryimage\"},\"thumbnailUrl\":\"https:\/\/lpvs.uqo.ca\/wordpress\/wp-content\/uploads\/2017\/01\/Caroline_Blais-227x300.jpg\",\"datePublished\":\"2016-04-16T02:18:20+00:00\",\"dateModified\":\"2024-07-09T20:21:58+00:00\",\"breadcrumb\":{\"@id\":\"https:\/\/lpvs.uqo.ca\/directeurs\/caroline-blais\/#breadcrumb\"},\"inLanguage\":\"en-US\",\"potentialAction\":[{\"@type\":\"ReadAction\",\"target\":[\"https:\/\/lpvs.uqo.ca\/directeurs\/caroline-blais\/\"]}]},{\"@type\":\"ImageObject\",\"inLanguage\":\"en-US\",\"@id\":\"https:\/\/lpvs.uqo.ca\/directeurs\/caroline-blais\/#primaryimage\",\"url\":\"https:\/\/lpvs.uqo.ca\/wordpress\/wp-content\/uploads\/2017\/01\/Caroline_Blais-227x300.jpg\",\"contentUrl\":\"https:\/\/lpvs.uqo.ca\/wordpress\/wp-content\/uploads\/2017\/01\/Caroline_Blais-227x300.jpg\"},{\"@type\":\"BreadcrumbList\",\"@id\":\"https:\/\/lpvs.uqo.ca\/directeurs\/caroline-blais\/#breadcrumb\",\"itemListElement\":[{\"@type\":\"ListItem\",\"position\":1,\"name\":\"Accueil\",\"item\":\"https:\/\/lpvs.uqo.ca\/\"},{\"@type\":\"ListItem\",\"position\":2,\"name\":\"Directeur\u00b7es\",\"item\":\"https:\/\/lpvs.uqo.ca\/directeurs\/\"},{\"@type\":\"ListItem\",\"position\":3,\"name\":\"Caroline Blais\"}]},{\"@type\":\"WebSite\",\"@id\":\"https:\/\/lpvs.uqo.ca\/#website\",\"url\":\"https:\/\/lpvs.uqo.ca\/\",\"name\":\"Laboratoire de Perception Visuelle et Social\",\"description\":\"Universit\u00e9 du Qu\u00e9bec en Outaouais\",\"potentialAction\":[{\"@type\":\"SearchAction\",\"target\":{\"@type\":\"EntryPoint\",\"urlTemplate\":\"https:\/\/lpvs.uqo.ca\/?s={search_term_string}\"},\"query-input\":{\"@type\":\"PropertyValueSpecification\",\"valueRequired\":true,\"valueName\":\"search_term_string\"}}],\"inLanguage\":\"en-US\"}]}<\/script>\n<!-- \/ Yoast SEO plugin. -->","yoast_head_json":{"title":"Caroline Blais - LPVS-UQO","robots":{"index":"index","follow":"follow","max-snippet":"max-snippet:-1","max-image-preview":"max-image-preview:large","max-video-preview":"max-video-preview:-1"},"canonical":"https:\/\/lpvs.uqo.ca\/directeurs\/caroline-blais\/","og_locale":"en_US","og_type":"article","og_title":"Caroline Blais - LPVS-UQO","og_description":"Professor D\u00e9partement de psychologie et psycho\u00e9ducation Universit\u00e9 du Qu\u00e9bec en Outaouais &nbsp; &nbsp; Research interests My work uses techniques derived from psychophysics to better understand how socio-cultural environment modulates fundamental visual processes, ranging from the extraction of low-level visual information (e.g. sensitivity to spatial frequencies) to the processing of complex visual information (e.g. face, objects,&hellip;","og_url":"https:\/\/lpvs.uqo.ca\/directeurs\/caroline-blais\/","og_site_name":"LPVS-UQO","article_modified_time":"2024-07-09T20:21:58+00:00","og_image":[{"width":200,"height":265,"url":"https:\/\/lpvs.uqo.ca\/wp-content\/uploads\/2017\/01\/Caroline_Blais-e1496414133949.jpg","type":"image\/jpeg"}],"twitter_card":"summary_large_image","twitter_misc":{"Est. reading time":"3 minutes"},"schema":{"@context":"https:\/\/schema.org","@graph":[{"@type":"WebPage","@id":"https:\/\/lpvs.uqo.ca\/directeurs\/caroline-blais\/","url":"https:\/\/lpvs.uqo.ca\/directeurs\/caroline-blais\/","name":"Caroline Blais - LPVS-UQO","isPartOf":{"@id":"https:\/\/lpvs.uqo.ca\/#website"},"primaryImageOfPage":{"@id":"https:\/\/lpvs.uqo.ca\/directeurs\/caroline-blais\/#primaryimage"},"image":{"@id":"https:\/\/lpvs.uqo.ca\/directeurs\/caroline-blais\/#primaryimage"},"thumbnailUrl":"https:\/\/lpvs.uqo.ca\/wordpress\/wp-content\/uploads\/2017\/01\/Caroline_Blais-227x300.jpg","datePublished":"2016-04-16T02:18:20+00:00","dateModified":"2024-07-09T20:21:58+00:00","breadcrumb":{"@id":"https:\/\/lpvs.uqo.ca\/directeurs\/caroline-blais\/#breadcrumb"},"inLanguage":"en-US","potentialAction":[{"@type":"ReadAction","target":["https:\/\/lpvs.uqo.ca\/directeurs\/caroline-blais\/"]}]},{"@type":"ImageObject","inLanguage":"en-US","@id":"https:\/\/lpvs.uqo.ca\/directeurs\/caroline-blais\/#primaryimage","url":"https:\/\/lpvs.uqo.ca\/wordpress\/wp-content\/uploads\/2017\/01\/Caroline_Blais-227x300.jpg","contentUrl":"https:\/\/lpvs.uqo.ca\/wordpress\/wp-content\/uploads\/2017\/01\/Caroline_Blais-227x300.jpg"},{"@type":"BreadcrumbList","@id":"https:\/\/lpvs.uqo.ca\/directeurs\/caroline-blais\/#breadcrumb","itemListElement":[{"@type":"ListItem","position":1,"name":"Accueil","item":"https:\/\/lpvs.uqo.ca\/"},{"@type":"ListItem","position":2,"name":"Directeur\u00b7es","item":"https:\/\/lpvs.uqo.ca\/directeurs\/"},{"@type":"ListItem","position":3,"name":"Caroline Blais"}]},{"@type":"WebSite","@id":"https:\/\/lpvs.uqo.ca\/#website","url":"https:\/\/lpvs.uqo.ca\/","name":"Laboratoire de Perception Visuelle et Social","description":"Universit\u00e9 du Qu\u00e9bec en Outaouais","potentialAction":[{"@type":"SearchAction","target":{"@type":"EntryPoint","urlTemplate":"https:\/\/lpvs.uqo.ca\/?s={search_term_string}"},"query-input":{"@type":"PropertyValueSpecification","valueRequired":true,"valueName":"search_term_string"}}],"inLanguage":"en-US"}]}},"_links":{"self":[{"href":"https:\/\/lpvs.uqo.ca\/en\/wp-json\/wp\/v2\/pages\/61","targetHints":{"allow":["GET"]}}],"collection":[{"href":"https:\/\/lpvs.uqo.ca\/en\/wp-json\/wp\/v2\/pages"}],"about":[{"href":"https:\/\/lpvs.uqo.ca\/en\/wp-json\/wp\/v2\/types\/page"}],"author":[{"embeddable":true,"href":"https:\/\/lpvs.uqo.ca\/en\/wp-json\/wp\/v2\/users\/2"}],"replies":[{"embeddable":true,"href":"https:\/\/lpvs.uqo.ca\/en\/wp-json\/wp\/v2\/comments?post=61"}],"version-history":[{"count":50,"href":"https:\/\/lpvs.uqo.ca\/en\/wp-json\/wp\/v2\/pages\/61\/revisions"}],"predecessor-version":[{"id":3446,"href":"https:\/\/lpvs.uqo.ca\/en\/wp-json\/wp\/v2\/pages\/61\/revisions\/3446"}],"up":[{"embeddable":true,"href":"https:\/\/lpvs.uqo.ca\/en\/wp-json\/wp\/v2\/pages\/189"}],"wp:attachment":[{"href":"https:\/\/lpvs.uqo.ca\/en\/wp-json\/wp\/v2\/media?parent=61"}],"curies":[{"name":"wp","href":"https:\/\/api.w.org\/{rel}","templated":true}]}}