{"id":85,"date":"2016-04-15T22:30:21","date_gmt":"2016-04-16T02:30:21","guid":{"rendered":"http:\/\/107.170.27.141\/?page_id=85"},"modified":"2022-02-01T17:26:01","modified_gmt":"2022-02-01T22:26:01","slug":"andrea-deschenes","status":"publish","type":"page","link":"https:\/\/lpvs.uqo.ca\/en\/equipe\/alumni\/andrea-deschenes\/","title":{"rendered":"Andr\u00e9a Desch\u00eanes"},"content":{"rendered":"<p><b>Completed with LPVS:<\/b><br \/>\n<strong>Doctorate in clinical neuropsychology (DPsy)<\/strong><br \/>\n<a href=\"http:\/\/uqo.ca\/dep\/psychoeducation-psychologie\">D\u00e9partement de psychologie et psycho\u00e9ducation<\/a>, <a href=\"http:\/\/uqo.ca\">UQO<\/a><br \/>\nRecipient of Joseph-Armand Bombardier\u2019s postgraduate Canadian scholarship from the Council of Human Sciences Research (SSHRC)<br \/>\n<a href=\"https:\/\/www.researchgate.net\/profile\/Andrea-Deschenes\"><img loading=\"lazy\" decoding=\"async\" class=\"alignnone wp-image-534\" src=\"https:\/\/lpvs.uqo.ca\/wordpress\/wp-content\/uploads\/2016\/04\/RG-logo.png\" alt=\"\" width=\"20\" height=\"20\" srcset=\"https:\/\/lpvs.uqo.ca\/wp-content\/uploads\/2016\/04\/RG-logo.png 180w, https:\/\/lpvs.uqo.ca\/wp-content\/uploads\/2016\/04\/RG-logo-150x150.png 150w\" sizes=\"auto, (max-width: 20px) 100vw, 20px\" \/><\/a><\/p>\n<blockquote><p><strong>Doctoral essay:<\/strong><br \/>\nThe effect of psychosocial stress on ethnic social judgments.<\/p><\/blockquote>\n<p><\/p>","protected":false},"excerpt":{"rendered":"<p>Completed with LPVS: Doctorate in clinical neuropsychology (DPsy) D\u00e9partement de psychologie et psycho\u00e9ducation, UQO Recipient of Joseph-Armand Bombardier\u2019s postgraduate Canadian scholarship from the Council of Human Sciences Research (SSHRC) Doctoral essay: The effect of psychosocial stress on ethnic social judgments.<\/p>\n","protected":false},"author":2,"featured_media":367,"parent":192,"menu_order":10,"comment_status":"closed","ping_status":"closed","template":"","meta":{"footnotes":""},"class_list":["post-85","page","type-page","status-publish","has-post-thumbnail","hentry"],"yoast_head":"<!-- This site is optimized with the Yoast SEO plugin v26.1.1 - https:\/\/yoast.com\/wordpress\/plugins\/seo\/ -->\n<title>Andr\u00e9a Desch\u00eanes - LPVS-UQO<\/title>\n<meta name=\"robots\" content=\"index, follow, max-snippet:-1, max-image-preview:large, max-video-preview:-1\" \/>\n<link rel=\"canonical\" href=\"https:\/\/lpvs.uqo.ca\/equipe\/alumni\/andrea-deschenes\/\" \/>\n<meta property=\"og:locale\" content=\"en_US\" \/>\n<meta property=\"og:type\" content=\"article\" \/>\n<meta property=\"og:title\" content=\"Andr\u00e9a Desch\u00eanes - LPVS-UQO\" \/>\n<meta property=\"og:description\" content=\"Completed with LPVS: Doctorate in clinical neuropsychology (DPsy) D\u00e9partement de psychologie et psycho\u00e9ducation, UQO Recipient of Joseph-Armand Bombardier\u2019s postgraduate Canadian scholarship from the Council of Human Sciences Research (SSHRC) Doctoral essay: The effect of psychosocial stress on ethnic social judgments.\" \/>\n<meta property=\"og:url\" content=\"https:\/\/lpvs.uqo.ca\/equipe\/alumni\/andrea-deschenes\/\" \/>\n<meta property=\"og:site_name\" content=\"LPVS-UQO\" \/>\n<meta property=\"article:modified_time\" content=\"2022-02-01T22:26:01+00:00\" \/>\n<meta property=\"og:image\" content=\"https:\/\/lpvs.uqo.ca\/wp-content\/uploads\/2016\/04\/Andrea_Deschenes.jpg\" \/>\n\t<meta property=\"og:image:width\" content=\"400\" \/>\n\t<meta property=\"og:image:height\" content=\"529\" \/>\n\t<meta property=\"og:image:type\" content=\"image\/jpeg\" \/>\n<meta name=\"twitter:card\" content=\"summary_large_image\" \/>\n<script type=\"application\/ld+json\" class=\"yoast-schema-graph\">{\"@context\":\"https:\/\/schema.org\",\"@graph\":[{\"@type\":\"WebPage\",\"@id\":\"https:\/\/lpvs.uqo.ca\/equipe\/alumni\/andrea-deschenes\/\",\"url\":\"https:\/\/lpvs.uqo.ca\/equipe\/alumni\/andrea-deschenes\/\",\"name\":\"Andr\u00e9a Desch\u00eanes - LPVS-UQO\",\"isPartOf\":{\"@id\":\"https:\/\/lpvs.uqo.ca\/#website\"},\"primaryImageOfPage\":{\"@id\":\"https:\/\/lpvs.uqo.ca\/equipe\/alumni\/andrea-deschenes\/#primaryimage\"},\"image\":{\"@id\":\"https:\/\/lpvs.uqo.ca\/equipe\/alumni\/andrea-deschenes\/#primaryimage\"},\"thumbnailUrl\":\"https:\/\/lpvs.uqo.ca\/wp-content\/uploads\/2016\/04\/Andrea_Deschenes.jpg\",\"datePublished\":\"2016-04-16T02:30:21+00:00\",\"dateModified\":\"2022-02-01T22:26:01+00:00\",\"breadcrumb\":{\"@id\":\"https:\/\/lpvs.uqo.ca\/equipe\/alumni\/andrea-deschenes\/#breadcrumb\"},\"inLanguage\":\"en-US\",\"potentialAction\":[{\"@type\":\"ReadAction\",\"target\":[\"https:\/\/lpvs.uqo.ca\/equipe\/alumni\/andrea-deschenes\/\"]}]},{\"@type\":\"ImageObject\",\"inLanguage\":\"en-US\",\"@id\":\"https:\/\/lpvs.uqo.ca\/equipe\/alumni\/andrea-deschenes\/#primaryimage\",\"url\":\"https:\/\/lpvs.uqo.ca\/wp-content\/uploads\/2016\/04\/Andrea_Deschenes.jpg\",\"contentUrl\":\"https:\/\/lpvs.uqo.ca\/wp-content\/uploads\/2016\/04\/Andrea_Deschenes.jpg\",\"width\":400,\"height\":529},{\"@type\":\"BreadcrumbList\",\"@id\":\"https:\/\/lpvs.uqo.ca\/equipe\/alumni\/andrea-deschenes\/#breadcrumb\",\"itemListElement\":[{\"@type\":\"ListItem\",\"position\":1,\"name\":\"Accueil\",\"item\":\"https:\/\/lpvs.uqo.ca\/\"},{\"@type\":\"ListItem\",\"position\":2,\"name\":\"\u00c9quipe\",\"item\":\"https:\/\/lpvs.uqo.ca\/equipe\/\"},{\"@type\":\"ListItem\",\"position\":3,\"name\":\"Alumni\",\"item\":\"https:\/\/lpvs.uqo.ca\/equipe\/alumni\/\"},{\"@type\":\"ListItem\",\"position\":4,\"name\":\"Andr\u00e9a Desch\u00eanes\"}]},{\"@type\":\"WebSite\",\"@id\":\"https:\/\/lpvs.uqo.ca\/#website\",\"url\":\"https:\/\/lpvs.uqo.ca\/\",\"name\":\"Laboratoire de Perception Visuelle et Social\",\"description\":\"Universit\u00e9 du Qu\u00e9bec en Outaouais\",\"potentialAction\":[{\"@type\":\"SearchAction\",\"target\":{\"@type\":\"EntryPoint\",\"urlTemplate\":\"https:\/\/lpvs.uqo.ca\/?s={search_term_string}\"},\"query-input\":{\"@type\":\"PropertyValueSpecification\",\"valueRequired\":true,\"valueName\":\"search_term_string\"}}],\"inLanguage\":\"en-US\"}]}<\/script>\n<!-- \/ Yoast SEO plugin. -->","yoast_head_json":{"title":"Andr\u00e9a Desch\u00eanes - LPVS-UQO","robots":{"index":"index","follow":"follow","max-snippet":"max-snippet:-1","max-image-preview":"max-image-preview:large","max-video-preview":"max-video-preview:-1"},"canonical":"https:\/\/lpvs.uqo.ca\/equipe\/alumni\/andrea-deschenes\/","og_locale":"en_US","og_type":"article","og_title":"Andr\u00e9a Desch\u00eanes - LPVS-UQO","og_description":"Completed with LPVS: Doctorate in clinical neuropsychology (DPsy) D\u00e9partement de psychologie et psycho\u00e9ducation, UQO Recipient of Joseph-Armand Bombardier\u2019s postgraduate Canadian scholarship from the Council of Human Sciences Research (SSHRC) Doctoral essay: The effect of psychosocial stress on ethnic social judgments.","og_url":"https:\/\/lpvs.uqo.ca\/equipe\/alumni\/andrea-deschenes\/","og_site_name":"LPVS-UQO","article_modified_time":"2022-02-01T22:26:01+00:00","og_image":[{"width":400,"height":529,"url":"https:\/\/lpvs.uqo.ca\/wp-content\/uploads\/2016\/04\/Andrea_Deschenes.jpg","type":"image\/jpeg"}],"twitter_card":"summary_large_image","schema":{"@context":"https:\/\/schema.org","@graph":[{"@type":"WebPage","@id":"https:\/\/lpvs.uqo.ca\/equipe\/alumni\/andrea-deschenes\/","url":"https:\/\/lpvs.uqo.ca\/equipe\/alumni\/andrea-deschenes\/","name":"Andr\u00e9a Desch\u00eanes - LPVS-UQO","isPartOf":{"@id":"https:\/\/lpvs.uqo.ca\/#website"},"primaryImageOfPage":{"@id":"https:\/\/lpvs.uqo.ca\/equipe\/alumni\/andrea-deschenes\/#primaryimage"},"image":{"@id":"https:\/\/lpvs.uqo.ca\/equipe\/alumni\/andrea-deschenes\/#primaryimage"},"thumbnailUrl":"https:\/\/lpvs.uqo.ca\/wp-content\/uploads\/2016\/04\/Andrea_Deschenes.jpg","datePublished":"2016-04-16T02:30:21+00:00","dateModified":"2022-02-01T22:26:01+00:00","breadcrumb":{"@id":"https:\/\/lpvs.uqo.ca\/equipe\/alumni\/andrea-deschenes\/#breadcrumb"},"inLanguage":"en-US","potentialAction":[{"@type":"ReadAction","target":["https:\/\/lpvs.uqo.ca\/equipe\/alumni\/andrea-deschenes\/"]}]},{"@type":"ImageObject","inLanguage":"en-US","@id":"https:\/\/lpvs.uqo.ca\/equipe\/alumni\/andrea-deschenes\/#primaryimage","url":"https:\/\/lpvs.uqo.ca\/wp-content\/uploads\/2016\/04\/Andrea_Deschenes.jpg","contentUrl":"https:\/\/lpvs.uqo.ca\/wp-content\/uploads\/2016\/04\/Andrea_Deschenes.jpg","width":400,"height":529},{"@type":"BreadcrumbList","@id":"https:\/\/lpvs.uqo.ca\/equipe\/alumni\/andrea-deschenes\/#breadcrumb","itemListElement":[{"@type":"ListItem","position":1,"name":"Accueil","item":"https:\/\/lpvs.uqo.ca\/"},{"@type":"ListItem","position":2,"name":"\u00c9quipe","item":"https:\/\/lpvs.uqo.ca\/equipe\/"},{"@type":"ListItem","position":3,"name":"Alumni","item":"https:\/\/lpvs.uqo.ca\/equipe\/alumni\/"},{"@type":"ListItem","position":4,"name":"Andr\u00e9a Desch\u00eanes"}]},{"@type":"WebSite","@id":"https:\/\/lpvs.uqo.ca\/#website","url":"https:\/\/lpvs.uqo.ca\/","name":"Laboratoire de Perception Visuelle et Social","description":"Universit\u00e9 du Qu\u00e9bec en Outaouais","potentialAction":[{"@type":"SearchAction","target":{"@type":"EntryPoint","urlTemplate":"https:\/\/lpvs.uqo.ca\/?s={search_term_string}"},"query-input":{"@type":"PropertyValueSpecification","valueRequired":true,"valueName":"search_term_string"}}],"inLanguage":"en-US"}]}},"_links":{"self":[{"href":"https:\/\/lpvs.uqo.ca\/en\/wp-json\/wp\/v2\/pages\/85","targetHints":{"allow":["GET"]}}],"collection":[{"href":"https:\/\/lpvs.uqo.ca\/en\/wp-json\/wp\/v2\/pages"}],"about":[{"href":"https:\/\/lpvs.uqo.ca\/en\/wp-json\/wp\/v2\/types\/page"}],"author":[{"embeddable":true,"href":"https:\/\/lpvs.uqo.ca\/en\/wp-json\/wp\/v2\/users\/2"}],"replies":[{"embeddable":true,"href":"https:\/\/lpvs.uqo.ca\/en\/wp-json\/wp\/v2\/comments?post=85"}],"version-history":[{"count":26,"href":"https:\/\/lpvs.uqo.ca\/en\/wp-json\/wp\/v2\/pages\/85\/revisions"}],"predecessor-version":[{"id":2694,"href":"https:\/\/lpvs.uqo.ca\/en\/wp-json\/wp\/v2\/pages\/85\/revisions\/2694"}],"up":[{"embeddable":true,"href":"https:\/\/lpvs.uqo.ca\/en\/wp-json\/wp\/v2\/pages\/192"}],"wp:featuredmedia":[{"embeddable":true,"href":"https:\/\/lpvs.uqo.ca\/en\/wp-json\/wp\/v2\/media\/367"}],"wp:attachment":[{"href":"https:\/\/lpvs.uqo.ca\/en\/wp-json\/wp\/v2\/media?parent=85"}],"curies":[{"name":"wp","href":"https:\/\/api.w.org\/{rel}","templated":true}]}}